{"id":5787,"date":"2024-03-09T19:36:00","date_gmt":"2024-03-09T14:36:00","guid":{"rendered":"https:\/\/turkmenexporter.com\/product\/chocolate-negro-bashlik\/"},"modified":"2024-09-17T19:29:02","modified_gmt":"2024-09-17T14:29:02","slug":"chocolate-negro-bashlik","status":"publish","type":"product","link":"https:\/\/turkmenexporter.com\/es\/producto\/chocolate-negro-bashlik\/","title":{"rendered":"Chocolate negro BASHLIK"},"content":{"rendered":"<p>\u00abBashlik\u00bb chocolate negro. Ingredientes: az\u00facar, suced\u00e1neo de manteca de cacao, cacao en polvo, grasa de coco, emulgente E322 lecitina, aroma \u00abvainillina\u00bb id\u00e9ntico al natural. Nuestros productos no contienen grasa de cerdo. La fecha de fabricaci\u00f3n y la fecha de caducidad se indican en el envase. Condiciones de almacenamiento: almacenar a una temperatura de +5\u00baC a +22\u00baC y humedad relativa del aire no superior al 70%. El producto est\u00e1 certificado. No contiene OMG. Valor nutritivo por 100 g de producto: prote\u00ednas &#8211; 2,0 g, grasas &#8211; 30,0 g, hidratos de carbono &#8211; 65,0 g. Valor energ\u00e9tico &#8211; 540 kcal.<\/p>\n<p>Volumen de la caja: 0,014 M3<\/p>\n<p>Peso bruto de la caja: 6,7 kg <\/p>\n<p>Caducidad: 18 meses<\/p>\n","protected":false},"excerpt":{"rendered":"<p>Tableta de chocolate negro 20 gr<\/p>\n<p>24 piezas en un bloque. 10 bloques en una caja.<\/p>\n","protected":false},"featured_media":4327,"comment_status":"open","ping_status":"closed","template":"","meta":{"_acf_changed":false},"brand":[274],"product_cat":[318],"product_tag":[],"class_list":{"0":"post-5787","1":"product","2":"type-product","3":"status-publish","4":"has-post-thumbnail","6":"brand-altyn-yunus-es","7":"product_cat-chocolate","9":"first","10":"instock","11":"shipping-taxable","12":"purchasable","13":"product-type-simple"},"acf":[],"_links":{"self":[{"href":"https:\/\/turkmenexporter.com\/es\/wp-json\/wp\/v2\/product\/5787","targetHints":{"allow":["GET"]}}],"collection":[{"href":"https:\/\/turkmenexporter.com\/es\/wp-json\/wp\/v2\/product"}],"about":[{"href":"https:\/\/turkmenexporter.com\/es\/wp-json\/wp\/v2\/types\/product"}],"replies":[{"embeddable":true,"href":"https:\/\/turkmenexporter.com\/es\/wp-json\/wp\/v2\/comments?post=5787"}],"version-history":[{"count":1,"href":"https:\/\/turkmenexporter.com\/es\/wp-json\/wp\/v2\/product\/5787\/revisions"}],"predecessor-version":[{"id":10486,"href":"https:\/\/turkmenexporter.com\/es\/wp-json\/wp\/v2\/product\/5787\/revisions\/10486"}],"wp:featuredmedia":[{"embeddable":true,"href":"https:\/\/turkmenexporter.com\/es\/wp-json\/wp\/v2\/media\/4327"}],"wp:attachment":[{"href":"https:\/\/turkmenexporter.com\/es\/wp-json\/wp\/v2\/media?parent=5787"}],"wp:term":[{"taxonomy":"brand","embeddable":true,"href":"https:\/\/turkmenexporter.com\/es\/wp-json\/wp\/v2\/brand?post=5787"},{"taxonomy":"product_cat","embeddable":true,"href":"https:\/\/turkmenexporter.com\/es\/wp-json\/wp\/v2\/product_cat?post=5787"},{"taxonomy":"product_tag","embeddable":true,"href":"https:\/\/turkmenexporter.com\/es\/wp-json\/wp\/v2\/product_tag?post=5787"}],"curies":[{"name":"wp","href":"https:\/\/api.w.org\/{rel}","templated":true}]}}