{"id":5788,"date":"2024-03-09T19:36:01","date_gmt":"2024-03-09T14:36:01","guid":{"rendered":"https:\/\/turkmenexporter.com\/product\/barritas-de-coco-cocosan-recubiertas-de-chocolate\/"},"modified":"2024-09-17T19:29:02","modified_gmt":"2024-09-17T14:29:02","slug":"barritas-de-coco-cocosan-recubiertas-de-chocolate","status":"publish","type":"product","link":"https:\/\/turkmenexporter.com\/es\/producto\/barritas-de-coco-cocosan-recubiertas-de-chocolate\/","title":{"rendered":"Barritas de coco COCOSAN recubiertas de chocolate"},"content":{"rendered":"<p>Caramelos de coco \u00abCocosan\u00bb recubiertos de glaseado de confiter\u00eda. Ingredientes: copos de coco, glucoze, aceite vegetal (de palma), cacao en polvo, leche desnatada en polvo, emulgente conservante del agua E422, sorbato pot\u00e1sico E202, sal, suero de leche, espesante goma xantana E415, emulgente lecitina de soja E322, aroma id\u00e9ntico al natural \u00abCoco\u00bb, aroma id\u00e9ntico al natural \u00abVanilina\u00bb, aroma id\u00e9ntico al natural \u00abChocolate\u00bb. Valor nutritivo por 100 g de producto: prote\u00ednas &#8211; 3 g, grasas &#8211; 3,4 g, hidratos de carbono &#8211; 10 g. Valor energ\u00e9tico &#8211; 83 kcal. La fecha de fabricaci\u00f3n y la fecha de caducidad se indican en el envase. Condiciones de almacenamiento: conservar a una temperatura de 18\u00b13\u00baC y una humedad relativa m\u00e1xima del 75%. Nuestros productos no contienen grasa de cerdo. El producto est\u00e1 certificado. No contiene OMG.<\/p>\n<p>Volumen de la caja: 0,017 M3<\/p>\n<p>Peso bruto de la caja: 7 kg <\/p>\n<p>Caducidad: 18 meses<\/p>\n","protected":false},"excerpt":{"rendered":"<p>Barritas de coco recubiertas de chocolate 30 gr<\/p>\n<p>18 piezas en un bloque. 12 bloques en una caja.<\/p>\n","protected":false},"featured_media":4291,"comment_status":"open","ping_status":"closed","template":"","meta":{"_acf_changed":false},"brand":[274],"product_cat":[318],"product_tag":[851],"class_list":{"0":"post-5788","1":"product","2":"type-product","3":"status-publish","4":"has-post-thumbnail","6":"brand-altyn-yunus-es","7":"product_cat-chocolate","8":"product_tag-front-product-es","10":"first","11":"instock","12":"shipping-taxable","13":"purchasable","14":"product-type-simple"},"acf":[],"_links":{"self":[{"href":"https:\/\/turkmenexporter.com\/es\/wp-json\/wp\/v2\/product\/5788","targetHints":{"allow":["GET"]}}],"collection":[{"href":"https:\/\/turkmenexporter.com\/es\/wp-json\/wp\/v2\/product"}],"about":[{"href":"https:\/\/turkmenexporter.com\/es\/wp-json\/wp\/v2\/types\/product"}],"replies":[{"embeddable":true,"href":"https:\/\/turkmenexporter.com\/es\/wp-json\/wp\/v2\/comments?post=5788"}],"version-history":[{"count":1,"href":"https:\/\/turkmenexporter.com\/es\/wp-json\/wp\/v2\/product\/5788\/revisions"}],"predecessor-version":[{"id":10481,"href":"https:\/\/turkmenexporter.com\/es\/wp-json\/wp\/v2\/product\/5788\/revisions\/10481"}],"wp:featuredmedia":[{"embeddable":true,"href":"https:\/\/turkmenexporter.com\/es\/wp-json\/wp\/v2\/media\/4291"}],"wp:attachment":[{"href":"https:\/\/turkmenexporter.com\/es\/wp-json\/wp\/v2\/media?parent=5788"}],"wp:term":[{"taxonomy":"brand","embeddable":true,"href":"https:\/\/turkmenexporter.com\/es\/wp-json\/wp\/v2\/brand?post=5788"},{"taxonomy":"product_cat","embeddable":true,"href":"https:\/\/turkmenexporter.com\/es\/wp-json\/wp\/v2\/product_cat?post=5788"},{"taxonomy":"product_tag","embeddable":true,"href":"https:\/\/turkmenexporter.com\/es\/wp-json\/wp\/v2\/product_tag?post=5788"}],"curies":[{"name":"wp","href":"https:\/\/api.w.org\/{rel}","templated":true}]}}