{"id":5789,"date":"2024-03-09T19:36:02","date_gmt":"2024-03-09T14:36:02","guid":{"rendered":"https:\/\/turkmenexporter.com\/product\/chocolate-aireado-atom\/"},"modified":"2024-09-17T19:29:01","modified_gmt":"2024-09-17T14:29:01","slug":"chocolate-aireado-atom","status":"publish","type":"product","link":"https:\/\/turkmenexporter.com\/es\/producto\/chocolate-aireado-atom\/","title":{"rendered":"Chocolate aireado ATOM"},"content":{"rendered":"<p>Chocolate aireado \u00abAtom\u00bb. Ingredientes: az\u00facar, grasa vegetal (aceite de palma),cacao en polvo, grasa l\u00e1ctea, emulgente E322 lecitina, sal, etil vanilina, aroma \u00abChocolate\u00bb id\u00e9ntico al natural. Nuestros productos no contienen grasa de cerdo. La fecha de fabricaci\u00f3n y la fecha de caducidad se indican en el envase. Condiciones de almacenamiento: almacenar a una temperatura de +5\u00baC a +22\u00baC y humedad relativa del aire no superior al 70%. El producto est\u00e1 certificado. No contiene OMG. Valor nutritivo por 100 g de producto: prote\u00ednas &#8211; 6,0 g, grasas &#8211; 30,0 g, hidratos de carbono &#8211; 55,0 g. Valor energ\u00e9tico &#8211; 510 kcal. <\/p>\n<p>Volumen de la caja: 0,01 M3<\/p>\n<p>Peso bruto de la caja: 5,6 kg <\/p>\n<p>Caducidad: 18 meses<\/p>\n","protected":false},"excerpt":{"rendered":"<p>Chocolate aireado 60 gr<\/p>\n<p>12 piezas en un bloque. 6 bloques en una caja.<\/p>\n","protected":false},"featured_media":4345,"comment_status":"open","ping_status":"closed","template":"","meta":{"_acf_changed":false},"brand":[274],"product_cat":[318],"product_tag":[851],"class_list":{"0":"post-5789","1":"product","2":"type-product","3":"status-publish","4":"has-post-thumbnail","6":"brand-altyn-yunus-es","7":"product_cat-chocolate","8":"product_tag-front-product-es","10":"first","11":"instock","12":"shipping-taxable","13":"purchasable","14":"product-type-simple"},"acf":[],"_links":{"self":[{"href":"https:\/\/turkmenexporter.com\/es\/wp-json\/wp\/v2\/product\/5789","targetHints":{"allow":["GET"]}}],"collection":[{"href":"https:\/\/turkmenexporter.com\/es\/wp-json\/wp\/v2\/product"}],"about":[{"href":"https:\/\/turkmenexporter.com\/es\/wp-json\/wp\/v2\/types\/product"}],"replies":[{"embeddable":true,"href":"https:\/\/turkmenexporter.com\/es\/wp-json\/wp\/v2\/comments?post=5789"}],"version-history":[{"count":1,"href":"https:\/\/turkmenexporter.com\/es\/wp-json\/wp\/v2\/product\/5789\/revisions"}],"predecessor-version":[{"id":10473,"href":"https:\/\/turkmenexporter.com\/es\/wp-json\/wp\/v2\/product\/5789\/revisions\/10473"}],"wp:featuredmedia":[{"embeddable":true,"href":"https:\/\/turkmenexporter.com\/es\/wp-json\/wp\/v2\/media\/4345"}],"wp:attachment":[{"href":"https:\/\/turkmenexporter.com\/es\/wp-json\/wp\/v2\/media?parent=5789"}],"wp:term":[{"taxonomy":"brand","embeddable":true,"href":"https:\/\/turkmenexporter.com\/es\/wp-json\/wp\/v2\/brand?post=5789"},{"taxonomy":"product_cat","embeddable":true,"href":"https:\/\/turkmenexporter.com\/es\/wp-json\/wp\/v2\/product_cat?post=5789"},{"taxonomy":"product_tag","embeddable":true,"href":"https:\/\/turkmenexporter.com\/es\/wp-json\/wp\/v2\/product_tag?post=5789"}],"curies":[{"name":"wp","href":"https:\/\/api.w.org\/{rel}","templated":true}]}}