{"id":5790,"date":"2024-03-09T19:36:02","date_gmt":"2024-03-09T14:36:02","guid":{"rendered":"https:\/\/turkmenexporter.com\/product\/caramelos-de-chocolate-poema-con-relleno-de-caramelo\/"},"modified":"2024-09-17T19:29:00","modified_gmt":"2024-09-17T14:29:00","slug":"caramelos-de-chocolate-poema-con-relleno-de-caramelo","status":"publish","type":"product","link":"https:\/\/turkmenexporter.com\/es\/producto\/caramelos-de-chocolate-poema-con-relleno-de-caramelo\/","title":{"rendered":"Caramelos de chocolate POEMA con relleno de caramelo"},"content":{"rendered":"<p>\u00abPoema\u00bb caramelo de chocolate con leche relleno de caramelo. Ingredientes: Az\u00facar, suced\u00e1neo de manteca de cacao, aceite vegetal (de palma), cacao en polvo, melaza, suero en polvo, leche desnatada en polvo, emulgente lecitina de soja E322, sal, etil vanilina en polvo, aroma id\u00e9ntico al natural \u00abChocolate\u00bb. El contenido de residuo seco total de cacao no es inferior al 25%.Ingredientes: Az\u00facar, suced\u00e1neo de manteca de cacao, aceite vegetal (de palma), cacao en polvo, melaza, suero en polvo, leche desnatada en polvo, emulgente lecitina de soja E322, sal, etil vanilina en polvo, aroma id\u00e9ntico al natural \u00abChocolate\u00bb. Valor nutritivo por 100 g de producto: prote\u00ednas &#8211; 7,7 g, grasas &#8211; 28,0 g, hidratos de carbono &#8211; 53,0 g. Valor energ\u00e9tico &#8211; 499 kcal.<br \/>\n\u00abPoema\u00bb caramelo de chocolate negro relleno de caramelo. Ingredientes: Az\u00facar, suced\u00e1neo de manteca de cacao, aceite vegetal (de palma), cacao en polvo, melaza, leche desnatada en polvo, emulgente lecitina de soja E322, sal, etil vanilina en polvo, aroma id\u00e9ntico al natural \u00abChocolate\u00bb. El contenido de residuo seco total de cacao no es inferior al 40%. Valor nutritivo por 100 g de producto: prote\u00ednas &#8211; 8,0 g, grasas &#8211; 28,0 g, hidratos de carbono &#8211; 63,5 g. Valor energ\u00e9tico &#8211; 538 kcal. Puede contener trazas de productos l\u00e1cteos, cacahuetes y otros frutos de c\u00e1scara. Ninguno de nuestros productos contiene alcohol a\u00f1adido ni manteca de cerdo. La fecha de fabricaci\u00f3n y la fecha de caducidad se indican en el envase. Condiciones de almacenamiento: almacenar entre +5\u00baC y +22\u00baC y humedad relativa del aire no superior al 70%. No GMO. El producto est\u00e1 certificado.<\/p>\n<p>Volumen de la caja: 0,023 M3<\/p>\n<p>Peso bruto de la caja: 3,3 kg <\/p>\n<p>Caducidad: 18 meses<\/p>\n","protected":false},"excerpt":{"rendered":"<p>Caramelos de chocolate con relleno de caramelo para A\u00f1o Nuevo 110 gr<br \/>\n18 bloques en una caja.<\/p>\n","protected":false},"featured_media":4351,"comment_status":"open","ping_status":"closed","template":"","meta":{"_acf_changed":false},"brand":[274],"product_cat":[318],"product_tag":[851],"class_list":{"0":"post-5790","1":"product","2":"type-product","3":"status-publish","4":"has-post-thumbnail","6":"brand-altyn-yunus-es","7":"product_cat-chocolate","8":"product_tag-front-product-es","10":"first","11":"instock","12":"shipping-taxable","13":"purchasable","14":"product-type-simple"},"acf":[],"_links":{"self":[{"href":"https:\/\/turkmenexporter.com\/es\/wp-json\/wp\/v2\/product\/5790","targetHints":{"allow":["GET"]}}],"collection":[{"href":"https:\/\/turkmenexporter.com\/es\/wp-json\/wp\/v2\/product"}],"about":[{"href":"https:\/\/turkmenexporter.com\/es\/wp-json\/wp\/v2\/types\/product"}],"replies":[{"embeddable":true,"href":"https:\/\/turkmenexporter.com\/es\/wp-json\/wp\/v2\/comments?post=5790"}],"version-history":[{"count":1,"href":"https:\/\/turkmenexporter.com\/es\/wp-json\/wp\/v2\/product\/5790\/revisions"}],"predecessor-version":[{"id":10472,"href":"https:\/\/turkmenexporter.com\/es\/wp-json\/wp\/v2\/product\/5790\/revisions\/10472"}],"wp:featuredmedia":[{"embeddable":true,"href":"https:\/\/turkmenexporter.com\/es\/wp-json\/wp\/v2\/media\/4351"}],"wp:attachment":[{"href":"https:\/\/turkmenexporter.com\/es\/wp-json\/wp\/v2\/media?parent=5790"}],"wp:term":[{"taxonomy":"brand","embeddable":true,"href":"https:\/\/turkmenexporter.com\/es\/wp-json\/wp\/v2\/brand?post=5790"},{"taxonomy":"product_cat","embeddable":true,"href":"https:\/\/turkmenexporter.com\/es\/wp-json\/wp\/v2\/product_cat?post=5790"},{"taxonomy":"product_tag","embeddable":true,"href":"https:\/\/turkmenexporter.com\/es\/wp-json\/wp\/v2\/product_tag?post=5790"}],"curies":[{"name":"wp","href":"https:\/\/api.w.org\/{rel}","templated":true}]}}