{"id":6151,"date":"2024-03-09T19:36:07","date_gmt":"2024-03-09T14:36:07","guid":{"rendered":"https:\/\/turkmenexporter.com\/product\/caramelos-masticables-toffee\/"},"modified":"2024-09-17T19:28:53","modified_gmt":"2024-09-17T14:28:53","slug":"caramelos-masticables-toffee","status":"publish","type":"product","link":"https:\/\/turkmenexporter.com\/es\/producto\/caramelos-masticables-toffee\/","title":{"rendered":"Caramelos masticables TOFFEE"},"content":{"rendered":"<p>Caramelos masticables con relleno de sand\u00eda. Ingredientes: Aceite de palma, edulcorante sorbitol E420, gelatina, emulgente monoestearato de glicerina E471, regulador de la acidez \u00e1cido c\u00edtrico E330, sustituto del az\u00facar dextrosa, polvo de hornear carbonato s\u00f3dico E500, espesante goma ar\u00e1biga E414, conservante sorbato pot\u00e1sico E202, maltodextrina (almid\u00f3n de ma\u00edz), dextrus arom\u00e1tico \u00abSand\u00eda\u00bb, emulgente lecitina E322, gelificante pectina E440, estabilizante citrato s\u00f3dico 3-sustituido E331. Caramelos masticables con relleno de manzana. Ingredientes: Aceite de palma, edulcorante sorbitol E420, gelatina, emulgente monoestearato de glicerina E471, regulador de la acidez \u00e1cido c\u00edtrico E330, sustituto del az\u00facar dextrosa, polvo de hornear carbonato s\u00f3dico E500, espesante goma ar\u00e1biga E414, conservante sorbato pot\u00e1sico E202, maltodextrina (almid\u00f3n de ma\u00edz), dextrus arom\u00e1tico \u00abManzana\u00bb, emulgente lecitina E322, gelificante pectina E440, estabilizante citrato s\u00f3dico 3-sustituido E331. Masticar caramelos con relleno de cereza. Ingredientes: Aceite de palma, edulcorante sorbitol E420, gelatina, emulgente monoestearato de glicerina E471, regulador de la acidez \u00e1cido c\u00edtrico E330, sustituto del az\u00facar dextrosa, polvo de hornear carbonato s\u00f3dico E500, espesante goma ar\u00e1biga E414, conservante sorbato pot\u00e1sico E202, maltodextrina (almid\u00f3n de ma\u00edz), dextrus arom\u00e1tico \u00abCherry\u00bb, emulgente lecitina E322, gelificante pectina E440, estabilizante citrato s\u00f3dico 3-sustituido E331. Caramelos masticables rellenos de mango. Ingredientes: Aceite de palma, edulcorante sorbitol E420, gelatina, emulgente monoestearato de glicerina E471, regulador de la acidez \u00e1cido c\u00edtrico E330, sustituto del az\u00facar dextrosa, polvo de hornear carbonato s\u00f3dico E500, espesante goma ar\u00e1biga E414, conservante sorbato pot\u00e1sico E202, maltodextrina (almid\u00f3n de ma\u00edz), dextrus arom\u00e1tico \u00abMango\u00bb, emulgente lecitina E322, gelificante pectina E440, estabilizante citrato s\u00f3dico 3-sustituido E331. Caramelos masticables con relleno de fresa. Ingredientes: Aceite de palma, edulcorante sorbitol E420, gelatina, emulgente monoestearato de glicerina E471, regulador de la acidez \u00e1cido c\u00edtrico E330, sustituto del az\u00facar dextrosa, polvo de hornear carbonato s\u00f3dico E500, espesante goma ar\u00e1biga E414, conservante sorbato pot\u00e1sico E202, maltodextrina (almid\u00f3n de ma\u00edz), dextrus arom\u00e1tico \u00abFresa\u00bb, emulgente lecitina E322, gelificante pectina E440, estabilizante citrato s\u00f3dico 3-sustituido E331.<\/p>\n<p>Volumen de la caja: 0,022 M3<\/p>\n<p>Peso bruto de la caja: 8,6 kg<\/p>\n<p>Caducidad: 18 meses<\/p>\n","protected":false},"excerpt":{"rendered":"<p>\u0421hewing caramelos con mezcla de sabores: sand\u00eda, manzana, cereza, mango, naranja, relleno de fresa en el interior 1000 gr<\/p>\n<p>8 bloques en una caja.<\/p>\n","protected":false},"featured_media":5850,"comment_status":"open","ping_status":"closed","template":"","meta":{"_acf_changed":false},"brand":[274],"product_cat":[316],"product_tag":[],"class_list":{"0":"post-6151","1":"product","2":"type-product","3":"status-publish","4":"has-post-thumbnail","6":"brand-altyn-yunus-es","7":"product_cat-caramelos","9":"first","10":"instock","11":"shipping-taxable","12":"purchasable","13":"product-type-simple"},"acf":[],"_links":{"self":[{"href":"https:\/\/turkmenexporter.com\/es\/wp-json\/wp\/v2\/product\/6151","targetHints":{"allow":["GET"]}}],"collection":[{"href":"https:\/\/turkmenexporter.com\/es\/wp-json\/wp\/v2\/product"}],"about":[{"href":"https:\/\/turkmenexporter.com\/es\/wp-json\/wp\/v2\/types\/product"}],"replies":[{"embeddable":true,"href":"https:\/\/turkmenexporter.com\/es\/wp-json\/wp\/v2\/comments?post=6151"}],"version-history":[{"count":1,"href":"https:\/\/turkmenexporter.com\/es\/wp-json\/wp\/v2\/product\/6151\/revisions"}],"predecessor-version":[{"id":10427,"href":"https:\/\/turkmenexporter.com\/es\/wp-json\/wp\/v2\/product\/6151\/revisions\/10427"}],"wp:featuredmedia":[{"embeddable":true,"href":"https:\/\/turkmenexporter.com\/es\/wp-json\/wp\/v2\/media\/5850"}],"wp:attachment":[{"href":"https:\/\/turkmenexporter.com\/es\/wp-json\/wp\/v2\/media?parent=6151"}],"wp:term":[{"taxonomy":"brand","embeddable":true,"href":"https:\/\/turkmenexporter.com\/es\/wp-json\/wp\/v2\/brand?post=6151"},{"taxonomy":"product_cat","embeddable":true,"href":"https:\/\/turkmenexporter.com\/es\/wp-json\/wp\/v2\/product_cat?post=6151"},{"taxonomy":"product_tag","embeddable":true,"href":"https:\/\/turkmenexporter.com\/es\/wp-json\/wp\/v2\/product_tag?post=6151"}],"curies":[{"name":"wp","href":"https:\/\/api.w.org\/{rel}","templated":true}]}}