{"id":6152,"date":"2024-03-09T19:36:07","date_gmt":"2024-03-09T14:36:07","guid":{"rendered":"https:\/\/turkmenexporter.com\/product\/caramelos-masticables-toffee-2\/"},"modified":"2024-09-17T19:28:53","modified_gmt":"2024-09-17T14:28:53","slug":"caramelos-masticables-toffee-2","status":"publish","type":"product","link":"https:\/\/turkmenexporter.com\/es\/producto\/caramelos-masticables-toffee-2\/","title":{"rendered":"Caramelos masticables TOFFEE"},"content":{"rendered":"<p>Caramelos masticables con sabor a sand\u00eda. Ingrediente az\u00facar, glucosa, aceite vegetal (palma), gelatina, regulador de la acidez \u00e1cido c\u00edtrico E330, estabilizador monoestearato de glicerol E471, colorante alimentario blanco E171, edulcorante sorbitol E420, sustituto del az\u00facar dextrosa, maltodextrina (almid\u00f3n de ma\u00edz), emulgente goma ar\u00e1biga E414, polvo de hornear carbonato s\u00f3dico E500, conservante sorbato pot\u00e1sico E202, gelificante pectina E440, emulgente lecitina de soja E322, aroma id\u00e9ntico al natural \u00abSand\u00eda\u00bb, aditivo alimentario talco E553. Caramelos masticables con sabor a manzana. Ingredientes: az\u00facar, glucosa, aceite vegetal (palma), gelatina, regulador de la acidez \u00e1cido c\u00edtrico E330, estabilizador monoestearato de glicerol E471, colorante alimentario blanco E171, edulcorante sorbitol E420, sustituto del az\u00facar dextrosa, maltodextrina (almid\u00f3n de ma\u00edz), emulgente goma ar\u00e1biga E414, polvo de hornear carbonato s\u00f3dico E500 , conservante sorbato pot\u00e1sico E202, gelificante pectina E440, emulgente lecitina de soja E322, sabor id\u00e9ntico al natural \u00abManzana\u00bb, aditivo alimentario talco E553. Caramelos masticables con sabor a cereza. Ingredientes: az\u00facar, glucosa, aceite vegetal (palma), gelatina, regulador de la acidez \u00e1cido c\u00edtrico E330, estabilizador monoestearato de glicerol E471, colorante alimentario blanco E171, edulcorante sorbitol E420, sustituto del az\u00facar dextrosa, maltodextrina (almid\u00f3n de ma\u00edz), emulgente goma ar\u00e1biga E414, polvo de hornear carbonato s\u00f3dico E500, conservante sorbato pot\u00e1sico E202, gelificante pectina E440, emulgente lecitina de soja E322, aroma de cereza id\u00e9ntico al natural, aditivo alimentario talco E553. Caramelos masticables con sabor a mango. Ingredientes: az\u00facar, glucosa, aceite vegetal (palma), gelatina, regulador de la acidez \u00e1cido c\u00edtrico E330, estabilizador monoestearato de glicerol E471, colorante alimentario blanco E171, edulcorante sorbitol E420, sustituto del az\u00facar dextrosa, maltodextrina (almid\u00f3n de ma\u00edz), emulgente goma ar\u00e1biga E414, polvo de hornear carbonato s\u00f3dico E500, conservante sorbato pot\u00e1sico E202, gelificante pectina E440, emulgente lecitina de soja E322, aroma id\u00e9ntico al natural \u00abMango\u00bb, aditivo alimentario talco E553.<\/p>\n<p>Volumen de la caja: 0,022 M3<\/p>\n<p>Peso bruto de la caja: 8,6 kg<\/p>\n<p>Caducidad: 18 meses<\/p>\n","protected":false},"excerpt":{"rendered":"<p>\u0421hewing stick caramelos con sabor a mezcla: sand\u00eda, manzana, cereza, mango, naranja, relleno de fresa en el interior 800 gr.<\/p>\n<p>8 bloques en una caja.<\/p>\n","protected":false},"featured_media":5857,"comment_status":"open","ping_status":"closed","template":"","meta":{"_acf_changed":false},"brand":[274],"product_cat":[316],"product_tag":[851],"class_list":{"0":"post-6152","1":"product","2":"type-product","3":"status-publish","4":"has-post-thumbnail","6":"brand-altyn-yunus-es","7":"product_cat-caramelos","8":"product_tag-front-product-es","10":"first","11":"instock","12":"shipping-taxable","13":"purchasable","14":"product-type-simple"},"acf":[],"_links":{"self":[{"href":"https:\/\/turkmenexporter.com\/es\/wp-json\/wp\/v2\/product\/6152","targetHints":{"allow":["GET"]}}],"collection":[{"href":"https:\/\/turkmenexporter.com\/es\/wp-json\/wp\/v2\/product"}],"about":[{"href":"https:\/\/turkmenexporter.com\/es\/wp-json\/wp\/v2\/types\/product"}],"replies":[{"embeddable":true,"href":"https:\/\/turkmenexporter.com\/es\/wp-json\/wp\/v2\/comments?post=6152"}],"version-history":[{"count":1,"href":"https:\/\/turkmenexporter.com\/es\/wp-json\/wp\/v2\/product\/6152\/revisions"}],"predecessor-version":[{"id":10426,"href":"https:\/\/turkmenexporter.com\/es\/wp-json\/wp\/v2\/product\/6152\/revisions\/10426"}],"wp:featuredmedia":[{"embeddable":true,"href":"https:\/\/turkmenexporter.com\/es\/wp-json\/wp\/v2\/media\/5857"}],"wp:attachment":[{"href":"https:\/\/turkmenexporter.com\/es\/wp-json\/wp\/v2\/media?parent=6152"}],"wp:term":[{"taxonomy":"brand","embeddable":true,"href":"https:\/\/turkmenexporter.com\/es\/wp-json\/wp\/v2\/brand?post=6152"},{"taxonomy":"product_cat","embeddable":true,"href":"https:\/\/turkmenexporter.com\/es\/wp-json\/wp\/v2\/product_cat?post=6152"},{"taxonomy":"product_tag","embeddable":true,"href":"https:\/\/turkmenexporter.com\/es\/wp-json\/wp\/v2\/product_tag?post=6152"}],"curies":[{"name":"wp","href":"https:\/\/api.w.org\/{rel}","templated":true}]}}