{"id":6211,"date":"2024-03-09T19:36:27","date_gmt":"2024-03-09T14:36:27","guid":{"rendered":"https:\/\/turkmenexporter.com\/product\/topgam-chicle-con-azucar-mezcla-de-frutas\/"},"modified":"2024-09-17T19:28:45","modified_gmt":"2024-09-17T14:28:45","slug":"topgam-chicle-con-azucar-mezcla-de-frutas","status":"publish","type":"product","link":"https:\/\/turkmenexporter.com\/es\/producto\/topgam-chicle-con-azucar-mezcla-de-frutas\/","title":{"rendered":"TOPGAM chicle con az\u00facar mezcla de frutas"},"content":{"rendered":"<p>Chicle \u00abTopgam\u00bb. Ingredientes: base de chicle, glucosa, az\u00facar en polvo, glicerina (E422), lecitina (E322), sorbitol (E420), aromas de fresa, melocot\u00f3n, fruta de la pasi\u00f3n, agracejo, naranja, \u00e1cido c\u00edtrico (E330), colorantes alimentarios (E102, E110, E124, E133), talco. Mantener alejado de la luz solar. Conservar en lugar fresco y seco. Valor nutricional por 100 g de producto: hidratos de carbono &#8211; 79,0 g., valor energ\u00e9tico &#8211; 317 kcal. Condiciones de almacenamiento: conservar a 18\u00b13\u00baC y humedad relativa m\u00e1xima 75%. La fecha de fabricaci\u00f3n y la fecha de caducidad est\u00e1n indicadas en el envase. No contiene OMG. Producto certificado. <\/p>\n<p>Volumen de la caja: 0,029 M3<\/p>\n<p>Peso bruto de la caja: 17,7 kg <\/p>\n<p>Caducidad: 18 meses<\/p>\n","protected":false},"excerpt":{"rendered":"<p>Goma de mascar con az\u00facar sabor a fruta 17,5 gr<\/p>\n<p>20 paquetes en un bloque. 40 bloques en una caja.<\/p>\n","protected":false},"featured_media":4783,"comment_status":"open","ping_status":"closed","template":"","meta":{"_acf_changed":false},"brand":[274],"product_cat":[317],"product_tag":[851],"class_list":{"0":"post-6211","1":"product","2":"type-product","3":"status-publish","4":"has-post-thumbnail","6":"brand-altyn-yunus-es","7":"product_cat-chicles","8":"product_tag-front-product-es","10":"first","11":"instock","12":"shipping-taxable","13":"purchasable","14":"product-type-simple"},"acf":[],"_links":{"self":[{"href":"https:\/\/turkmenexporter.com\/es\/wp-json\/wp\/v2\/product\/6211","targetHints":{"allow":["GET"]}}],"collection":[{"href":"https:\/\/turkmenexporter.com\/es\/wp-json\/wp\/v2\/product"}],"about":[{"href":"https:\/\/turkmenexporter.com\/es\/wp-json\/wp\/v2\/types\/product"}],"replies":[{"embeddable":true,"href":"https:\/\/turkmenexporter.com\/es\/wp-json\/wp\/v2\/comments?post=6211"}],"version-history":[{"count":1,"href":"https:\/\/turkmenexporter.com\/es\/wp-json\/wp\/v2\/product\/6211\/revisions"}],"predecessor-version":[{"id":10376,"href":"https:\/\/turkmenexporter.com\/es\/wp-json\/wp\/v2\/product\/6211\/revisions\/10376"}],"wp:featuredmedia":[{"embeddable":true,"href":"https:\/\/turkmenexporter.com\/es\/wp-json\/wp\/v2\/media\/4783"}],"wp:attachment":[{"href":"https:\/\/turkmenexporter.com\/es\/wp-json\/wp\/v2\/media?parent=6211"}],"wp:term":[{"taxonomy":"brand","embeddable":true,"href":"https:\/\/turkmenexporter.com\/es\/wp-json\/wp\/v2\/brand?post=6211"},{"taxonomy":"product_cat","embeddable":true,"href":"https:\/\/turkmenexporter.com\/es\/wp-json\/wp\/v2\/product_cat?post=6211"},{"taxonomy":"product_tag","embeddable":true,"href":"https:\/\/turkmenexporter.com\/es\/wp-json\/wp\/v2\/product_tag?post=6211"}],"curies":[{"name":"wp","href":"https:\/\/api.w.org\/{rel}","templated":true}]}}