{"id":6220,"date":"2024-03-09T19:36:33","date_gmt":"2024-03-09T14:36:33","guid":{"rendered":"https:\/\/turkmenexporter.com\/product\/well-chicle-mezcla-de-frutas\/"},"modified":"2024-09-17T19:28:42","modified_gmt":"2024-09-17T14:28:42","slug":"well-chicle-mezcla-de-frutas","status":"publish","type":"product","link":"https:\/\/turkmenexporter.com\/es\/producto\/well-chicle-mezcla-de-frutas\/","title":{"rendered":"WELL chicle mezcla de frutas"},"content":{"rendered":"<p>Chicle con sabor a fruta \u00abWell\u00bb Mix. Ingredientes: az\u00facar en polvo, base de chicle, glucosa, \u00e1cido c\u00edtrico (E330), isomalt (E953), sorbitol (E420), glicerina (E422), goma ar\u00e1biga 50% (E414), lecitina (E322), di\u00f3xido de titanio (E171), cera de carnauba (E903), colorante alimentario y saborizante \u00abHot Flakes\u00bb, talco. Condiciones de almacenamiento: conservar a 18\u00b13\u00baC y humedad relativa m\u00e1xima del 75%. Valor nutricional por 100 g de producto: hidratos de carbono &#8211; 79,0 g., valor energ\u00e9tico &#8211; 317 kcal. La fecha de fabricaci\u00f3n y la fecha de caducidad est\u00e1n indicadas en el envase. Conservar en lugar fresco y seco. Sin OMG. Producto certificado. <\/p>\n<p>Volumen de la caja: 0,036 M3<\/p>\n<p>Peso bruto de la caja: 10,5 kg <\/p>\n<p>Caducidad: 18 meses<\/p>\n","protected":false},"excerpt":{"rendered":"<p>\u0421hewing gum mix sabor fruta 1000 gr<\/p>\n<p>10 paquetes en una caja.<\/p>\n","protected":false},"featured_media":5251,"comment_status":"open","ping_status":"closed","template":"","meta":{"_acf_changed":false},"brand":[274],"product_cat":[317],"product_tag":[851],"class_list":{"0":"post-6220","1":"product","2":"type-product","3":"status-publish","4":"has-post-thumbnail","6":"brand-altyn-yunus-es","7":"product_cat-chicles","8":"product_tag-front-product-es","10":"first","11":"instock","12":"shipping-taxable","13":"purchasable","14":"product-type-simple"},"acf":[],"_links":{"self":[{"href":"https:\/\/turkmenexporter.com\/es\/wp-json\/wp\/v2\/product\/6220","targetHints":{"allow":["GET"]}}],"collection":[{"href":"https:\/\/turkmenexporter.com\/es\/wp-json\/wp\/v2\/product"}],"about":[{"href":"https:\/\/turkmenexporter.com\/es\/wp-json\/wp\/v2\/types\/product"}],"replies":[{"embeddable":true,"href":"https:\/\/turkmenexporter.com\/es\/wp-json\/wp\/v2\/comments?post=6220"}],"version-history":[{"count":1,"href":"https:\/\/turkmenexporter.com\/es\/wp-json\/wp\/v2\/product\/6220\/revisions"}],"predecessor-version":[{"id":10360,"href":"https:\/\/turkmenexporter.com\/es\/wp-json\/wp\/v2\/product\/6220\/revisions\/10360"}],"wp:featuredmedia":[{"embeddable":true,"href":"https:\/\/turkmenexporter.com\/es\/wp-json\/wp\/v2\/media\/5251"}],"wp:attachment":[{"href":"https:\/\/turkmenexporter.com\/es\/wp-json\/wp\/v2\/media?parent=6220"}],"wp:term":[{"taxonomy":"brand","embeddable":true,"href":"https:\/\/turkmenexporter.com\/es\/wp-json\/wp\/v2\/brand?post=6220"},{"taxonomy":"product_cat","embeddable":true,"href":"https:\/\/turkmenexporter.com\/es\/wp-json\/wp\/v2\/product_cat?post=6220"},{"taxonomy":"product_tag","embeddable":true,"href":"https:\/\/turkmenexporter.com\/es\/wp-json\/wp\/v2\/product_tag?post=6220"}],"curies":[{"name":"wp","href":"https:\/\/api.w.org\/{rel}","templated":true}]}}