{"id":6345,"date":"2024-03-09T19:36:36","date_gmt":"2024-03-09T14:36:36","guid":{"rendered":"https:\/\/turkmenexporter.com\/product\/galletas-emir-2\/"},"modified":"2024-09-17T19:28:37","modified_gmt":"2024-09-17T14:28:37","slug":"galletas-emir-2","status":"publish","type":"product","link":"https:\/\/turkmenexporter.com\/es\/producto\/galletas-emir-2\/","title":{"rendered":"Galletas EMIR"},"content":{"rendered":"<p>Galletas EMIR . Ingredientes: Harina de alta calidad, az\u00facar en polvo, jarabe inwert, sal, aceite de palma, carbonato am\u00f3nico (E503), lecitina (E322), pirosulfito s\u00f3dico (E223), carbonato s\u00f3dico (E500), aroma \u00abVainilla\u00bb, leche entera en polvo. Valor nutritivo por 100 g de producto: prote\u00ednas &#8211; 8,5 g, grasas &#8211; 11,3 g, hidratos de carbono &#8211; 69,7 g. Valor energ\u00e9tico &#8211; 414,5 kcal.Condiciones de almacenamiento: almacenar a una temperatura de +5\u00baC a +22\u00baC y humedad relativa del aire no superior al 75%. Nuestros productos no contienen grasa de cerdo. No contiene OMG. Conservar en lugar fresco y seco. La fecha de fabricaci\u00f3n y la fecha de caducidad se indican en el envase. El producto est\u00e1 certificado. <\/p>\n<p>Volumen de la caja: 0,011 M3<\/p>\n<p>Peso bruto de la caja: 3,3 kg <\/p>\n<p>Caducidad: 12 meses<\/p>\n","protected":false},"excerpt":{"rendered":"<p>Galletas saladas 3 kg<\/p>\n","protected":false},"featured_media":4645,"comment_status":"open","ping_status":"closed","template":"","meta":{"_acf_changed":false},"brand":[274],"product_cat":[319],"product_tag":[],"class_list":{"0":"post-6345","1":"product","2":"type-product","3":"status-publish","4":"has-post-thumbnail","6":"brand-altyn-yunus-es","7":"product_cat-cookies","9":"first","10":"instock","11":"shipping-taxable","12":"purchasable","13":"product-type-simple"},"acf":[],"_links":{"self":[{"href":"https:\/\/turkmenexporter.com\/es\/wp-json\/wp\/v2\/product\/6345","targetHints":{"allow":["GET"]}}],"collection":[{"href":"https:\/\/turkmenexporter.com\/es\/wp-json\/wp\/v2\/product"}],"about":[{"href":"https:\/\/turkmenexporter.com\/es\/wp-json\/wp\/v2\/types\/product"}],"replies":[{"embeddable":true,"href":"https:\/\/turkmenexporter.com\/es\/wp-json\/wp\/v2\/comments?post=6345"}],"version-history":[{"count":1,"href":"https:\/\/turkmenexporter.com\/es\/wp-json\/wp\/v2\/product\/6345\/revisions"}],"predecessor-version":[{"id":10329,"href":"https:\/\/turkmenexporter.com\/es\/wp-json\/wp\/v2\/product\/6345\/revisions\/10329"}],"wp:featuredmedia":[{"embeddable":true,"href":"https:\/\/turkmenexporter.com\/es\/wp-json\/wp\/v2\/media\/4645"}],"wp:attachment":[{"href":"https:\/\/turkmenexporter.com\/es\/wp-json\/wp\/v2\/media?parent=6345"}],"wp:term":[{"taxonomy":"brand","embeddable":true,"href":"https:\/\/turkmenexporter.com\/es\/wp-json\/wp\/v2\/brand?post=6345"},{"taxonomy":"product_cat","embeddable":true,"href":"https:\/\/turkmenexporter.com\/es\/wp-json\/wp\/v2\/product_cat?post=6345"},{"taxonomy":"product_tag","embeddable":true,"href":"https:\/\/turkmenexporter.com\/es\/wp-json\/wp\/v2\/product_tag?post=6345"}],"curies":[{"name":"wp","href":"https:\/\/api.w.org\/{rel}","templated":true}]}}