{"id":6355,"date":"2024-03-09T19:36:39","date_gmt":"2024-03-09T14:36:39","guid":{"rendered":"https:\/\/turkmenexporter.com\/product\/galletas-galette-envasadas-melek\/"},"modified":"2024-09-17T19:28:31","modified_gmt":"2024-09-17T14:28:31","slug":"galletas-galette-envasadas-melek","status":"publish","type":"product","link":"https:\/\/turkmenexporter.com\/es\/producto\/galletas-galette-envasadas-melek\/","title":{"rendered":"Galletas galette envasadas MELEK"},"content":{"rendered":"<p>Galletas \u00abMelek\u00bb. Ingredientes: Harina de trigo, az\u00facar en polvo, jarabe inwert, aceite vegetal (aceite de palma), suero en polvo, leche desnatada en polvo, gasificantes &#8211; carbonato de amonio (E503), carbonato de sodio (E500), sal, lecitina (E322), conservador pirosulfito s\u00f3dico (E223), aroma id\u00e9ntico al natural \u00abLeche\u00bb, regulador de la acidez (\u00e1cido ctrico). Valor nutritivo por 100 g de producto: prote\u00ednas &#8211; 8,8 g, grasas &#8211; 12,45 g, hidratos de carbono &#8211; 60,89 g. Valor energ\u00e9tico &#8211; 403,49 kcal.Condiciones de almacenamiento: almacenar a una temperatura de +5\u00baC a +22\u00baC y humedad relativa del aire no superior al 75%. Nuestros productos no contienen grasa de cerdo. No contiene OMG. Conservar en lugar fresco y seco. La fecha de fabricaci\u00f3n y la fecha de caducidad se indican en el envase. El producto est\u00e1 certificado.Condiciones de almacenamiento: conservar a una temperatura de 18\u00b13\u00baC y una humedad relativa del aire no superior al 75%.<\/p>\n<p>Volumen de la caja: 0,015 M3<\/p>\n<p>Peso bruto de la caja: 2,93 kg<\/p>\n<p>Caducidad: 12 meses<\/p>\n","protected":false},"excerpt":{"rendered":"<p>Galletas galette envasadas 51 gr<\/p>\n<p>52 paquetes en una caja.<\/p>\n","protected":false},"featured_media":4561,"comment_status":"open","ping_status":"closed","template":"","meta":{"_acf_changed":false},"brand":[274],"product_cat":[319],"product_tag":[],"class_list":{"0":"post-6355","1":"product","2":"type-product","3":"status-publish","4":"has-post-thumbnail","6":"brand-altyn-yunus-es","7":"product_cat-cookies","9":"first","10":"instock","11":"shipping-taxable","12":"purchasable","13":"product-type-simple"},"acf":[],"_links":{"self":[{"href":"https:\/\/turkmenexporter.com\/es\/wp-json\/wp\/v2\/product\/6355","targetHints":{"allow":["GET"]}}],"collection":[{"href":"https:\/\/turkmenexporter.com\/es\/wp-json\/wp\/v2\/product"}],"about":[{"href":"https:\/\/turkmenexporter.com\/es\/wp-json\/wp\/v2\/types\/product"}],"replies":[{"embeddable":true,"href":"https:\/\/turkmenexporter.com\/es\/wp-json\/wp\/v2\/comments?post=6355"}],"version-history":[{"count":1,"href":"https:\/\/turkmenexporter.com\/es\/wp-json\/wp\/v2\/product\/6355\/revisions"}],"predecessor-version":[{"id":8156,"href":"https:\/\/turkmenexporter.com\/es\/wp-json\/wp\/v2\/product\/6355\/revisions\/8156"}],"wp:featuredmedia":[{"embeddable":true,"href":"https:\/\/turkmenexporter.com\/es\/wp-json\/wp\/v2\/media\/4561"}],"wp:attachment":[{"href":"https:\/\/turkmenexporter.com\/es\/wp-json\/wp\/v2\/media?parent=6355"}],"wp:term":[{"taxonomy":"brand","embeddable":true,"href":"https:\/\/turkmenexporter.com\/es\/wp-json\/wp\/v2\/brand?post=6355"},{"taxonomy":"product_cat","embeddable":true,"href":"https:\/\/turkmenexporter.com\/es\/wp-json\/wp\/v2\/product_cat?post=6355"},{"taxonomy":"product_tag","embeddable":true,"href":"https:\/\/turkmenexporter.com\/es\/wp-json\/wp\/v2\/product_tag?post=6355"}],"curies":[{"name":"wp","href":"https:\/\/api.w.org\/{rel}","templated":true}]}}