{"id":6357,"date":"2024-03-09T19:36:40","date_gmt":"2024-03-09T14:36:40","guid":{"rendered":"https:\/\/turkmenexporter.com\/product\/gofres-yunus\/"},"modified":"2024-09-17T19:28:29","modified_gmt":"2024-09-17T14:28:29","slug":"gofres-yunus","status":"publish","type":"product","link":"https:\/\/turkmenexporter.com\/es\/producto\/gofres-yunus\/","title":{"rendered":"Gofres YUNUS"},"content":{"rendered":"<p>Barquillos \u00abYunus\u00bb de varios sabores. Ingredientes: Harina de trigo, aceite de palma, az\u00facar en polvo, sal, grasa vegetal refinada desodorizada, leche desnatada en polvo, lecitina (E322), carbonato s\u00f3dico (E500), carbonato (E500), helado en polvo, cacao en polvo. Valor nutritivo por 100 g de producto: prote\u00ednas &#8211; 9,63 g, grasas &#8211; 22,41 g, hidratos de carbono &#8211; 54,65 g. Valor energ\u00e9tico &#8211; 460,18 kcal.Condiciones de almacenamiento: almacenar a una temperatura de 18\u00b13\u00baC y humedad relativa del aire no superior al 70%. Nuestros productos no contienen grasa de cerdo. No contiene OMG. Conservar en lugar fresco y seco. La fecha de fabricaci\u00f3n y la fecha de caducidad se indican en el envase. El producto est\u00e1 certificado. <\/p>\n<p>Volumen de la caja: 0,008 M3<\/p>\n<p>Peso bruto de la caja: 3 kg <\/p>\n<p>Caducidad: 12 meses<\/p>\n","protected":false},"excerpt":{"rendered":"<p>Gofres 2,5 kg<\/p>\n","protected":false},"featured_media":5263,"comment_status":"open","ping_status":"closed","template":"","meta":{"_acf_changed":false},"brand":[274],"product_cat":[333],"product_tag":[851],"class_list":{"0":"post-6357","1":"product","2":"type-product","3":"status-publish","4":"has-post-thumbnail","6":"brand-altyn-yunus-es","7":"product_cat-obleas","8":"product_tag-front-product-es","10":"first","11":"instock","12":"shipping-taxable","13":"purchasable","14":"product-type-simple"},"acf":[],"_links":{"self":[{"href":"https:\/\/turkmenexporter.com\/es\/wp-json\/wp\/v2\/product\/6357","targetHints":{"allow":["GET"]}}],"collection":[{"href":"https:\/\/turkmenexporter.com\/es\/wp-json\/wp\/v2\/product"}],"about":[{"href":"https:\/\/turkmenexporter.com\/es\/wp-json\/wp\/v2\/types\/product"}],"replies":[{"embeddable":true,"href":"https:\/\/turkmenexporter.com\/es\/wp-json\/wp\/v2\/comments?post=6357"}],"version-history":[{"count":1,"href":"https:\/\/turkmenexporter.com\/es\/wp-json\/wp\/v2\/product\/6357\/revisions"}],"predecessor-version":[{"id":10284,"href":"https:\/\/turkmenexporter.com\/es\/wp-json\/wp\/v2\/product\/6357\/revisions\/10284"}],"wp:featuredmedia":[{"embeddable":true,"href":"https:\/\/turkmenexporter.com\/es\/wp-json\/wp\/v2\/media\/5263"}],"wp:attachment":[{"href":"https:\/\/turkmenexporter.com\/es\/wp-json\/wp\/v2\/media?parent=6357"}],"wp:term":[{"taxonomy":"brand","embeddable":true,"href":"https:\/\/turkmenexporter.com\/es\/wp-json\/wp\/v2\/brand?post=6357"},{"taxonomy":"product_cat","embeddable":true,"href":"https:\/\/turkmenexporter.com\/es\/wp-json\/wp\/v2\/product_cat?post=6357"},{"taxonomy":"product_tag","embeddable":true,"href":"https:\/\/turkmenexporter.com\/es\/wp-json\/wp\/v2\/product_tag?post=6357"}],"curies":[{"name":"wp","href":"https:\/\/api.w.org\/{rel}","templated":true}]}}