{"id":6732,"date":"2024-03-12T05:10:12","date_gmt":"2024-03-12T00:10:12","guid":{"rendered":"https:\/\/turkmenexporter.com\/product\/pasas-rojas-ecologicas-sin-pepitas\/"},"modified":"2024-09-17T19:28:27","modified_gmt":"2024-09-17T14:28:27","slug":"pasas-rojas-ecologicas-sin-pepitas","status":"publish","type":"product","link":"https:\/\/turkmenexporter.com\/es\/producto\/pasas-rojas-ecologicas-sin-pepitas\/","title":{"rendered":"Pasas rojas ecol\u00f3gicas sin pepitas"},"content":{"rendered":"<p>Emb\u00e1rquese en un viaje de placer saludable con nuestras Pasas de uva rojas sin pepitas ecol\u00f3gicas diet\u00e9ticas, una sinfon\u00eda de sabor y nutrici\u00f3n en cada bocado. Cultivadas con esmero en las f\u00e9rtiles tierras de Turkmenist\u00e1n, estas joyas rojas se nutren de pr\u00e1cticas agr\u00edcolas sostenibles que garantizan la pureza y la integridad de la vid a la mesa. Estas pasas rojas se limpian con vapor caliente, lo que no s\u00f3lo garantiza unas pasas superlimpias, sino que tambi\u00e9n imparte un brillo natural a cada fruta.<br \/>Nuestras pasas sin pepitas son ricas en nutrientes esenciales y antioxidantes, lo que las convierte en una deliciosa adici\u00f3n a su dieta diaria. Repletas de fibra diet\u00e9tica, potasio y hierro, favorecen la salud digestiva, contribuyen a la funci\u00f3n cardiovascular y aumentan los niveles de energ\u00eda. Adem\u00e1s, su dulzor natural satisface los antojos sin necesidad de az\u00facares a\u00f1adidos, lo que los convierte en una opci\u00f3n de tentempi\u00e9 libre de culpa para los consumidores preocupados por su salud.<br \/>100% org\u00e1nico<br \/>Limpieza con vapor caliente<br \/>Secado a la sombra (secado natural sin utilizar productos qu\u00edmicos ni dispositivos t\u00e9cnicos)<br \/>Entregas directas (Sin intermediarios)<br \/>Amplio servicio de atenci\u00f3n al cliente<br \/>Precios razonables<br \/>Control de calidad exhaustivo<br \/>Sin OMG<br \/>Un a\u00f1o de garant\u00eda<br \/>Como muestra de nuestro compromiso con la calidad y la satisfacci\u00f3n del cliente, nos complace ofrecer una muestra gratuita de 200 g de nuestras pasas de primera calidad a los clientes interesados. Simplemente manifieste su inter\u00e9s y con mucho gusto le enviaremos la muestra directamente, permiti\u00e9ndole experimentar de primera mano el excepcional sabor y calidad de nuestros productos. P\u00f3ngase en contacto con nosotros hoy mismo para solicitar su muestra gratuita y descubrir las incomparables bondades de nuestras pasas.<\/p>\n","protected":false},"excerpt":{"rendered":"<p>Pasas de uva ecol\u00f3gicas sin pepitas de Turkmenist\u00e1n. Rebosante de sabor y nutrici\u00f3n, cultivado de forma sostenible para garantizar su pureza.<\/p>\n","protected":false},"featured_media":6682,"comment_status":"open","ping_status":"closed","template":"","meta":{"_acf_changed":false},"brand":[590],"product_cat":[596],"product_tag":[],"class_list":{"0":"post-6732","1":"product","2":"type-product","3":"status-publish","4":"has-post-thumbnail","6":"brand-asly-toprak-es","7":"product_cat-pasas","9":"first","10":"instock","11":"shipping-taxable","12":"purchasable","13":"product-type-simple"},"acf":[],"_links":{"self":[{"href":"https:\/\/turkmenexporter.com\/es\/wp-json\/wp\/v2\/product\/6732","targetHints":{"allow":["GET"]}}],"collection":[{"href":"https:\/\/turkmenexporter.com\/es\/wp-json\/wp\/v2\/product"}],"about":[{"href":"https:\/\/turkmenexporter.com\/es\/wp-json\/wp\/v2\/types\/product"}],"replies":[{"embeddable":true,"href":"https:\/\/turkmenexporter.com\/es\/wp-json\/wp\/v2\/comments?post=6732"}],"version-history":[{"count":1,"href":"https:\/\/turkmenexporter.com\/es\/wp-json\/wp\/v2\/product\/6732\/revisions"}],"predecessor-version":[{"id":8589,"href":"https:\/\/turkmenexporter.com\/es\/wp-json\/wp\/v2\/product\/6732\/revisions\/8589"}],"wp:featuredmedia":[{"embeddable":true,"href":"https:\/\/turkmenexporter.com\/es\/wp-json\/wp\/v2\/media\/6682"}],"wp:attachment":[{"href":"https:\/\/turkmenexporter.com\/es\/wp-json\/wp\/v2\/media?parent=6732"}],"wp:term":[{"taxonomy":"brand","embeddable":true,"href":"https:\/\/turkmenexporter.com\/es\/wp-json\/wp\/v2\/brand?post=6732"},{"taxonomy":"product_cat","embeddable":true,"href":"https:\/\/turkmenexporter.com\/es\/wp-json\/wp\/v2\/product_cat?post=6732"},{"taxonomy":"product_tag","embeddable":true,"href":"https:\/\/turkmenexporter.com\/es\/wp-json\/wp\/v2\/product_tag?post=6732"}],"curies":[{"name":"wp","href":"https:\/\/api.w.org\/{rel}","templated":true}]}}