{"id":6733,"date":"2024-03-12T04:56:41","date_gmt":"2024-03-11T23:56:41","guid":{"rendered":"https:\/\/turkmenexporter.com\/product\/pasas-sin-pepitas\/"},"modified":"2024-09-17T19:28:28","modified_gmt":"2024-09-17T14:28:28","slug":"pasas-sin-pepitas","status":"publish","type":"product","link":"https:\/\/turkmenexporter.com\/es\/producto\/pasas-sin-pepitas\/","title":{"rendered":"Pasas sin pepitas 85 mm"},"content":{"rendered":"<p>Del\u00e9itese con la dulce sencillez de nuestras Pasas sin Semillas, cuidadosamente elaboradas para satisfacer los m\u00e1s altos est\u00e1ndares de calidad y sabor. Procedentes de los soleados vi\u00f1edos de Turkmenist\u00e1n, estas jugosas y gordas pasas se procesan meticulosamente utilizando t\u00e9cnicas de vanguardia, como la limpieza por vapor caliente, que no s\u00f3lo garantiza unas pasas superlimpias, sino que tambi\u00e9n confiere un brillo natural a cada fruta.<br \/>Nuestras pasas sin pepitas son ricas en nutrientes esenciales y antioxidantes, lo que las convierte en una deliciosa adici\u00f3n a su dieta diaria. Repletas de fibra diet\u00e9tica, potasio y hierro, favorecen la salud digestiva, contribuyen a la funci\u00f3n cardiovascular y aumentan los niveles de energ\u00eda. Adem\u00e1s, su dulzor natural satisface los antojos sin necesidad de az\u00facares a\u00f1adidos, lo que los convierte en una opci\u00f3n de tentempi\u00e9 libre de culpa para los consumidores preocupados por su salud.<br \/>100% org\u00e1nico<br \/>Limpieza con vapor caliente<br \/>Secado a la sombra (secado natural sin utilizar productos qu\u00edmicos ni dispositivos t\u00e9cnicos)<br \/>Entregas directas (Sin intermediarios)<br \/>Amplio servicio de atenci\u00f3n al cliente<br \/>Precios razonables<br \/>Control de calidad exhaustivo<br \/>Sin OMG<br \/>Un a\u00f1o de garant\u00eda<br \/>Como muestra de nuestro compromiso con la calidad y la satisfacci\u00f3n del cliente, nos complace ofrecer una muestra gratuita de 200 g de nuestras pasas de primera calidad a los clientes interesados. Simplemente manifieste su inter\u00e9s y con mucho gusto le enviaremos la muestra directamente, permiti\u00e9ndole experimentar de primera mano el excepcional sabor y calidad de nuestros productos. P\u00f3ngase en contacto con nosotros hoy mismo para solicitar su muestra gratuita y descubrir las incomparables bondades de nuestras pasas.<\/p>\n","protected":false},"excerpt":{"rendered":"<p>Jugosas pasas de uva sin pepitas procedentes de los vi\u00f1edos soleados de Turkmenist\u00e1n. Procesado meticulosamente para lograr uniformidad y frescura.<\/p>\n","protected":false},"featured_media":6657,"comment_status":"open","ping_status":"closed","template":"","meta":{"_acf_changed":false},"brand":[590],"product_cat":[596],"product_tag":[851],"class_list":{"0":"post-6733","1":"product","2":"type-product","3":"status-publish","4":"has-post-thumbnail","6":"brand-asly-toprak-es","7":"product_cat-pasas","8":"product_tag-front-product-es","10":"first","11":"instock","12":"shipping-taxable","13":"purchasable","14":"product-type-simple"},"acf":[],"_links":{"self":[{"href":"https:\/\/turkmenexporter.com\/es\/wp-json\/wp\/v2\/product\/6733","targetHints":{"allow":["GET"]}}],"collection":[{"href":"https:\/\/turkmenexporter.com\/es\/wp-json\/wp\/v2\/product"}],"about":[{"href":"https:\/\/turkmenexporter.com\/es\/wp-json\/wp\/v2\/types\/product"}],"replies":[{"embeddable":true,"href":"https:\/\/turkmenexporter.com\/es\/wp-json\/wp\/v2\/comments?post=6733"}],"version-history":[{"count":1,"href":"https:\/\/turkmenexporter.com\/es\/wp-json\/wp\/v2\/product\/6733\/revisions"}],"predecessor-version":[{"id":8588,"href":"https:\/\/turkmenexporter.com\/es\/wp-json\/wp\/v2\/product\/6733\/revisions\/8588"}],"wp:featuredmedia":[{"embeddable":true,"href":"https:\/\/turkmenexporter.com\/es\/wp-json\/wp\/v2\/media\/6657"}],"wp:attachment":[{"href":"https:\/\/turkmenexporter.com\/es\/wp-json\/wp\/v2\/media?parent=6733"}],"wp:term":[{"taxonomy":"brand","embeddable":true,"href":"https:\/\/turkmenexporter.com\/es\/wp-json\/wp\/v2\/brand?post=6733"},{"taxonomy":"product_cat","embeddable":true,"href":"https:\/\/turkmenexporter.com\/es\/wp-json\/wp\/v2\/product_cat?post=6733"},{"taxonomy":"product_tag","embeddable":true,"href":"https:\/\/turkmenexporter.com\/es\/wp-json\/wp\/v2\/product_tag?post=6733"}],"curies":[{"name":"wp","href":"https:\/\/api.w.org\/{rel}","templated":true}]}}