{"id":7529,"date":"2024-04-07T19:10:39","date_gmt":"2024-04-07T14:10:39","guid":{"rendered":"https:\/\/turkmenexporter.com\/product\/agua-mineral-bulvar\/"},"modified":"2024-09-17T19:28:20","modified_gmt":"2024-09-17T14:28:20","slug":"agua-mineral-bulvar","status":"publish","type":"product","link":"https:\/\/turkmenexporter.com\/es\/producto\/agua-mineral-bulvar\/","title":{"rendered":"Agua mineral Bulvar"},"content":{"rendered":"<p>Ingredientes: agua potable purificada, conjunto de mineral natural, di\u00f3xido de carbono carbonatado (E290). La composici\u00f3n i\u00f3nica principal mg\/dm\u00b3: CL+-90, Na&#8211;203. Mineralizaci\u00f3n 4-6 g\/dm\u00b3. Condiciones de almacenamiento de 0\u00b0C a 18\u00b0C. Envase tipo pet bottle.<\/p>\n<p>Tama\u00f1o de la unidad An\/A: 6\/23,5 sm<\/p>\n<p>Peso del bloque: 6,225 kg<\/p>\n<p>Caducidad: 180 d\u00edas<\/p>\n","protected":false},"excerpt":{"rendered":"<p>Agua mineralizada carbonatada artificial 500 ml<\/p>\n<p>12 botellas en un bloque. 114 bloques en un pal\u00e9.<\/p>\n","protected":false},"featured_media":7129,"comment_status":"open","ping_status":"closed","template":"","meta":{"_acf_changed":false},"brand":[602],"product_cat":[628],"product_tag":[],"class_list":{"0":"post-7529","1":"product","2":"type-product","3":"status-publish","4":"has-post-thumbnail","6":"brand-yupekchi","7":"product_cat-bebidas","9":"first","10":"instock","11":"shipping-taxable","12":"purchasable","13":"product-type-simple"},"acf":[],"_links":{"self":[{"href":"https:\/\/turkmenexporter.com\/es\/wp-json\/wp\/v2\/product\/7529","targetHints":{"allow":["GET"]}}],"collection":[{"href":"https:\/\/turkmenexporter.com\/es\/wp-json\/wp\/v2\/product"}],"about":[{"href":"https:\/\/turkmenexporter.com\/es\/wp-json\/wp\/v2\/types\/product"}],"replies":[{"embeddable":true,"href":"https:\/\/turkmenexporter.com\/es\/wp-json\/wp\/v2\/comments?post=7529"}],"version-history":[{"count":1,"href":"https:\/\/turkmenexporter.com\/es\/wp-json\/wp\/v2\/product\/7529\/revisions"}],"predecessor-version":[{"id":10252,"href":"https:\/\/turkmenexporter.com\/es\/wp-json\/wp\/v2\/product\/7529\/revisions\/10252"}],"wp:featuredmedia":[{"embeddable":true,"href":"https:\/\/turkmenexporter.com\/es\/wp-json\/wp\/v2\/media\/7129"}],"wp:attachment":[{"href":"https:\/\/turkmenexporter.com\/es\/wp-json\/wp\/v2\/media?parent=7529"}],"wp:term":[{"taxonomy":"brand","embeddable":true,"href":"https:\/\/turkmenexporter.com\/es\/wp-json\/wp\/v2\/brand?post=7529"},{"taxonomy":"product_cat","embeddable":true,"href":"https:\/\/turkmenexporter.com\/es\/wp-json\/wp\/v2\/product_cat?post=7529"},{"taxonomy":"product_tag","embeddable":true,"href":"https:\/\/turkmenexporter.com\/es\/wp-json\/wp\/v2\/product_tag?post=7529"}],"curies":[{"name":"wp","href":"https:\/\/api.w.org\/{rel}","templated":true}]}}