{"id":7539,"date":"2024-04-07T19:10:38","date_gmt":"2024-04-07T14:10:38","guid":{"rendered":"https:\/\/turkmenexporter.com\/product\/real-cola-en-lata\/"},"modified":"2024-09-17T19:28:24","modified_gmt":"2024-09-17T14:28:24","slug":"real-cola-en-lata","status":"publish","type":"product","link":"https:\/\/turkmenexporter.com\/es\/producto\/real-cola-en-lata\/","title":{"rendered":"Real Cola en lata"},"content":{"rendered":"<p>Ingredientes: agua potable purificada, az\u00facar, \u00e1cido c\u00edtrico regulador de la acidez (E330), gas para saturar la ingesta de di\u00f3xido de sodio (E290), emulsi\u00f3n de Cola, conservante benzoato de sodio (E211). Condiciones de almacenamiento de 0\u00b0C a 18\u00b0C. Envase tipo lata de aluminio.<\/p>\n<p>Tama\u00f1o de la unidad An\/A: 5,5\/14,5 sm<\/p>\n<p>Peso del bloque: 4,275 kg<\/p>\n<p>Caducidad: 12 meses<\/p>\n","protected":false},"excerpt":{"rendered":"<p>Bebida carbonatada sin alcohol 330 ml<\/p>\n<p>6 latas en un bloque. 210 bloques en un pal\u00e9.<\/p>\n","protected":false},"featured_media":7291,"comment_status":"open","ping_status":"closed","template":"","meta":{"_acf_changed":false},"brand":[602],"product_cat":[628],"product_tag":[851],"class_list":{"0":"post-7539","1":"product","2":"type-product","3":"status-publish","4":"has-post-thumbnail","6":"brand-yupekchi","7":"product_cat-bebidas","8":"product_tag-front-product-es","10":"first","11":"instock","12":"shipping-taxable","13":"purchasable","14":"product-type-simple"},"acf":[],"_links":{"self":[{"href":"https:\/\/turkmenexporter.com\/es\/wp-json\/wp\/v2\/product\/7539","targetHints":{"allow":["GET"]}}],"collection":[{"href":"https:\/\/turkmenexporter.com\/es\/wp-json\/wp\/v2\/product"}],"about":[{"href":"https:\/\/turkmenexporter.com\/es\/wp-json\/wp\/v2\/types\/product"}],"replies":[{"embeddable":true,"href":"https:\/\/turkmenexporter.com\/es\/wp-json\/wp\/v2\/comments?post=7539"}],"version-history":[{"count":1,"href":"https:\/\/turkmenexporter.com\/es\/wp-json\/wp\/v2\/product\/7539\/revisions"}],"predecessor-version":[{"id":10268,"href":"https:\/\/turkmenexporter.com\/es\/wp-json\/wp\/v2\/product\/7539\/revisions\/10268"}],"wp:featuredmedia":[{"embeddable":true,"href":"https:\/\/turkmenexporter.com\/es\/wp-json\/wp\/v2\/media\/7291"}],"wp:attachment":[{"href":"https:\/\/turkmenexporter.com\/es\/wp-json\/wp\/v2\/media?parent=7539"}],"wp:term":[{"taxonomy":"brand","embeddable":true,"href":"https:\/\/turkmenexporter.com\/es\/wp-json\/wp\/v2\/brand?post=7539"},{"taxonomy":"product_cat","embeddable":true,"href":"https:\/\/turkmenexporter.com\/es\/wp-json\/wp\/v2\/product_cat?post=7539"},{"taxonomy":"product_tag","embeddable":true,"href":"https:\/\/turkmenexporter.com\/es\/wp-json\/wp\/v2\/product_tag?post=7539"}],"curies":[{"name":"wp","href":"https:\/\/api.w.org\/{rel}","templated":true}]}}