{"id":7989,"date":"2024-05-21T22:19:26","date_gmt":"2024-05-21T17:19:26","guid":{"rendered":"https:\/\/turkmenexporter.com\/?post_type=product&#038;p=7989"},"modified":"2024-09-17T19:28:13","modified_gmt":"2024-09-17T14:28:13","slug":"zumo-de-albaricoque-yedigen","status":"publish","type":"product","link":"https:\/\/turkmenexporter.com\/es\/producto\/zumo-de-albaricoque-yedigen\/","title":{"rendered":"Zumo de albaricoque Yedigen"},"content":{"rendered":"<p>Zumo de albaricoque Yedigen. Ingredientes: agua potable purificada, az\u00facar, zumo de manzana concentrado, \u00e1cido c\u00edtrico E330, emulsi\u00f3n aromatizante \u00abAlbaricoque\u00bb, emulsi\u00f3n neutra, acesulfamo E950, aspartamo E951, sa\u0441\u0441harina E954, goma ar\u00e1biga E414, goma xantana E415. Condiciones de almacenamiento de +2\u00b0C a +25\u00b0C. Tipo de envase Aseptic Pak.<\/p>\n<ul>\n<li>Tama\u00f1o de la unidad An\/A: 9\/21,3 cm<\/li>\n<li>Peso del bloque: 13,035 kg<\/li>\n<li>Caducidad: 12 meses.<\/li>\n<\/ul>\n","protected":false},"excerpt":{"rendered":"<p>Bebida de zumo de albaricoque reconstituido a partir de zumo concentrado 1000 ml<\/p>\n<p>12 paquetes en un bloque. 78 bloques en un pal\u00e9.<\/p>\n","protected":false},"featured_media":7315,"comment_status":"open","ping_status":"closed","template":"","meta":{"_acf_changed":false},"brand":[602],"product_cat":[628],"product_tag":[],"class_list":{"0":"post-7989","1":"product","2":"type-product","3":"status-publish","4":"has-post-thumbnail","6":"brand-yupekchi","7":"product_cat-bebidas","9":"first","10":"instock","11":"shipping-taxable","12":"purchasable","13":"product-type-simple"},"acf":[],"_links":{"self":[{"href":"https:\/\/turkmenexporter.com\/es\/wp-json\/wp\/v2\/product\/7989","targetHints":{"allow":["GET"]}}],"collection":[{"href":"https:\/\/turkmenexporter.com\/es\/wp-json\/wp\/v2\/product"}],"about":[{"href":"https:\/\/turkmenexporter.com\/es\/wp-json\/wp\/v2\/types\/product"}],"replies":[{"embeddable":true,"href":"https:\/\/turkmenexporter.com\/es\/wp-json\/wp\/v2\/comments?post=7989"}],"version-history":[{"count":2,"href":"https:\/\/turkmenexporter.com\/es\/wp-json\/wp\/v2\/product\/7989\/revisions"}],"predecessor-version":[{"id":8065,"href":"https:\/\/turkmenexporter.com\/es\/wp-json\/wp\/v2\/product\/7989\/revisions\/8065"}],"wp:featuredmedia":[{"embeddable":true,"href":"https:\/\/turkmenexporter.com\/es\/wp-json\/wp\/v2\/media\/7315"}],"wp:attachment":[{"href":"https:\/\/turkmenexporter.com\/es\/wp-json\/wp\/v2\/media?parent=7989"}],"wp:term":[{"taxonomy":"brand","embeddable":true,"href":"https:\/\/turkmenexporter.com\/es\/wp-json\/wp\/v2\/brand?post=7989"},{"taxonomy":"product_cat","embeddable":true,"href":"https:\/\/turkmenexporter.com\/es\/wp-json\/wp\/v2\/product_cat?post=7989"},{"taxonomy":"product_tag","embeddable":true,"href":"https:\/\/turkmenexporter.com\/es\/wp-json\/wp\/v2\/product_tag?post=7989"}],"curies":[{"name":"wp","href":"https:\/\/api.w.org\/{rel}","templated":true}]}}