{"id":8003,"date":"2024-05-21T22:34:36","date_gmt":"2024-05-21T17:34:36","guid":{"rendered":"https:\/\/turkmenexporter.com\/?post_type=product&#038;p=8003"},"modified":"2024-09-17T19:28:12","modified_gmt":"2024-09-17T14:28:12","slug":"zumo-de-manzana-yedigen","status":"publish","type":"product","link":"https:\/\/turkmenexporter.com\/es\/producto\/zumo-de-manzana-yedigen\/","title":{"rendered":"Zumo de manzana Yedigen"},"content":{"rendered":"<p>Zumo de manzana Yedigen. Ingredientes: agua potable purificada, az\u00facar, zumo de manzana concentrado, \u00e1cido c\u00edtrico E330, aroma \u00abManzana\u00bb, caramelo coler E150d, acesulfamo E950, aspartamo E951, goma ar\u00e1biga E414, goma xantana E415. Condiciones de almacenamiento de +2\u00b0C a +25\u00b0C. Tipo de envase Aseptic Pak.<\/p>\n<ul>\n<li>Tama\u00f1o de la unidad An\/A: 9\/21,3 cm<\/li>\n<li>Peso del bloque: 13,035 kg<\/li>\n<li>Caducidad: 12 meses.<\/li>\n<\/ul>\n","protected":false},"excerpt":{"rendered":"<p>Bebida de zumo de manzana reconstituido a partir de zumo concentrado 1000 ml<\/p>\n<p>12 paquetes en un bloque. 78 bloques en un pal\u00e9.<\/p>\n","protected":false},"featured_media":7309,"comment_status":"open","ping_status":"closed","template":"","meta":{"_acf_changed":false},"brand":[602],"product_cat":[628],"product_tag":[],"class_list":{"0":"post-8003","1":"product","2":"type-product","3":"status-publish","4":"has-post-thumbnail","6":"brand-yupekchi","7":"product_cat-bebidas","9":"first","10":"instock","11":"shipping-taxable","12":"purchasable","13":"product-type-simple"},"acf":[],"_links":{"self":[{"href":"https:\/\/turkmenexporter.com\/es\/wp-json\/wp\/v2\/product\/8003","targetHints":{"allow":["GET"]}}],"collection":[{"href":"https:\/\/turkmenexporter.com\/es\/wp-json\/wp\/v2\/product"}],"about":[{"href":"https:\/\/turkmenexporter.com\/es\/wp-json\/wp\/v2\/types\/product"}],"replies":[{"embeddable":true,"href":"https:\/\/turkmenexporter.com\/es\/wp-json\/wp\/v2\/comments?post=8003"}],"version-history":[{"count":2,"href":"https:\/\/turkmenexporter.com\/es\/wp-json\/wp\/v2\/product\/8003\/revisions"}],"predecessor-version":[{"id":8066,"href":"https:\/\/turkmenexporter.com\/es\/wp-json\/wp\/v2\/product\/8003\/revisions\/8066"}],"wp:featuredmedia":[{"embeddable":true,"href":"https:\/\/turkmenexporter.com\/es\/wp-json\/wp\/v2\/media\/7309"}],"wp:attachment":[{"href":"https:\/\/turkmenexporter.com\/es\/wp-json\/wp\/v2\/media?parent=8003"}],"wp:term":[{"taxonomy":"brand","embeddable":true,"href":"https:\/\/turkmenexporter.com\/es\/wp-json\/wp\/v2\/brand?post=8003"},{"taxonomy":"product_cat","embeddable":true,"href":"https:\/\/turkmenexporter.com\/es\/wp-json\/wp\/v2\/product_cat?post=8003"},{"taxonomy":"product_tag","embeddable":true,"href":"https:\/\/turkmenexporter.com\/es\/wp-json\/wp\/v2\/product_tag?post=8003"}],"curies":[{"name":"wp","href":"https:\/\/api.w.org\/{rel}","templated":true}]}}