{"id":8244,"date":"2024-05-24T04:37:05","date_gmt":"2024-05-23T23:37:05","guid":{"rendered":"https:\/\/turkmenexporter.com\/product\/chocolate-blanco-bubbly\/"},"modified":"2024-09-17T19:28:07","modified_gmt":"2024-09-17T14:28:07","slug":"chocolate-blanco-bubbly","status":"publish","type":"product","link":"https:\/\/turkmenexporter.com\/es\/producto\/chocolate-blanco-bubbly\/","title":{"rendered":"Chocolate blanco Bubbly"},"content":{"rendered":"<p>\u00abBubbly\u00bb chocolate blanco aireado. Ingredientes: Az\u00facar, pasta de cacao, manteca de cacao, leche entera en polvo, leche desnatada en polvo, suero en polvo, grasa l\u00e1ctea, emulgente lecitina de soja E322, aroma id\u00e9ntico al natural \u00abVainillina\u00bb. Puede contener trazas de cacahuetes y otros frutos de c\u00e1scara. El contenido de residuo seco total de cacao no es inferior al 27 %, el residuo seco libre de grasa de los productos de cacao no es inferior al 2,5 %, el residuo seco total de leche no es inferior al 12 %, la grasa de leche no es inferior al 2,5 %. Valor nutritivo por 100 g de producto: prote\u00ednas &#8211; 5,8 g, grasas &#8211; 29,0 g, hidratos de carbono &#8211; 59,0 g. Valor energ\u00e9tico &#8211; 527 kcal. La fecha de fabricaci\u00f3n y la fecha de caducidad se indican en el envase. Condiciones de almacenamiento: almacenar a una temperatura de +5\u00baC a +22\u00baC y humedad relativa del aire no superior al 70%. Nuestros productos no contienen grasa de cerdo. El producto est\u00e1 certificado.Condiciones de almacenamiento: conservar a una temperatura de 18\u00b13\u00baC y una humedad relativa del aire no superior al 75%. No contiene OMG.<\/p>\n<ul>\n<li>Volumen de la caja: 0,03 M3<\/li>\n<li>Peso bruto de la caja: 10,2 kg<\/li>\n<li>Caducidad: 18 meses.<\/li>\n<\/ul>\n","protected":false},"excerpt":{"rendered":"<p>Chocolate blanco gasificado 90 gr. Fabricado con tecnolog\u00edas belgas.<\/p>\n<p>20 unidades por bloque. 5 bloques en una caja.<\/p>\n","protected":false},"featured_media":4279,"comment_status":"open","ping_status":"closed","template":"","meta":{"_acf_changed":false},"brand":[274],"product_cat":[318],"product_tag":[851],"class_list":{"0":"post-8244","1":"product","2":"type-product","3":"status-publish","4":"has-post-thumbnail","6":"brand-altyn-yunus-es","7":"product_cat-chocolate","8":"product_tag-front-product-es","10":"first","11":"instock","12":"shipping-taxable","13":"purchasable","14":"product-type-simple"},"acf":[],"_links":{"self":[{"href":"https:\/\/turkmenexporter.com\/es\/wp-json\/wp\/v2\/product\/8244","targetHints":{"allow":["GET"]}}],"collection":[{"href":"https:\/\/turkmenexporter.com\/es\/wp-json\/wp\/v2\/product"}],"about":[{"href":"https:\/\/turkmenexporter.com\/es\/wp-json\/wp\/v2\/types\/product"}],"replies":[{"embeddable":true,"href":"https:\/\/turkmenexporter.com\/es\/wp-json\/wp\/v2\/comments?post=8244"}],"version-history":[{"count":1,"href":"https:\/\/turkmenexporter.com\/es\/wp-json\/wp\/v2\/product\/8244\/revisions"}],"predecessor-version":[{"id":10191,"href":"https:\/\/turkmenexporter.com\/es\/wp-json\/wp\/v2\/product\/8244\/revisions\/10191"}],"wp:featuredmedia":[{"embeddable":true,"href":"https:\/\/turkmenexporter.com\/es\/wp-json\/wp\/v2\/media\/4279"}],"wp:attachment":[{"href":"https:\/\/turkmenexporter.com\/es\/wp-json\/wp\/v2\/media?parent=8244"}],"wp:term":[{"taxonomy":"brand","embeddable":true,"href":"https:\/\/turkmenexporter.com\/es\/wp-json\/wp\/v2\/brand?post=8244"},{"taxonomy":"product_cat","embeddable":true,"href":"https:\/\/turkmenexporter.com\/es\/wp-json\/wp\/v2\/product_cat?post=8244"},{"taxonomy":"product_tag","embeddable":true,"href":"https:\/\/turkmenexporter.com\/es\/wp-json\/wp\/v2\/product_tag?post=8244"}],"curies":[{"name":"wp","href":"https:\/\/api.w.org\/{rel}","templated":true}]}}