{"id":8257,"date":"2024-05-23T08:35:48","date_gmt":"2024-05-23T03:35:48","guid":{"rendered":"https:\/\/turkmenexporter.com\/product\/bebida-gaseosa-tutti-frutti-7gen\/"},"modified":"2024-09-17T19:28:10","modified_gmt":"2024-09-17T14:28:10","slug":"bebida-gaseosa-tutti-frutti-7gen","status":"publish","type":"product","link":"https:\/\/turkmenexporter.com\/es\/producto\/bebida-gaseosa-tutti-frutti-7gen\/","title":{"rendered":"Bebida gaseosa Tutti Frutti 7gen"},"content":{"rendered":"<p>7GEN tutti-frutti bebida carbonatada sin alcohol. Ingredientes: Agua potable purificada, az\u00facar, \u00e1cido c\u00edtrico regulador de la acidez (E330), gas para saturar bebidas di\u00f3xido de carbono (E290), aroma \u00abBayas silvestres\u00bb, conservante benzoato s\u00f3dico (E211), estabilizador: citrato s\u00f3dico (E331), edulcorantes: aspartamo (E951 ), acesulfamo pot\u00e1sico (E950). Condiciones de almacenamiento de 0\u00b0C a 18\u00b0C. Envase tipo pet bottle.<\/p>\n<ul>\n<li>Tama\u00f1o de la unidad An\/A: 8\/32,5 sm<\/li>\n<li>Peso del bloque: 9,160 kg<\/li>\n<li>Caducidad: 180 d\u00edas.<\/li>\n<\/ul>\n","protected":false},"excerpt":{"rendered":"<p>Bebida carbonatada Tutti Frutti 1500 ml<\/p>\n<p>6 botellas en un bloque. 105 bloques en un pal\u00e9.<\/p>\n","protected":false},"featured_media":7039,"comment_status":"open","ping_status":"closed","template":"","meta":{"_acf_changed":false},"brand":[602],"product_cat":[628],"product_tag":[],"class_list":{"0":"post-8257","1":"product","2":"type-product","3":"status-publish","4":"has-post-thumbnail","6":"brand-yupekchi","7":"product_cat-bebidas","9":"first","10":"instock","11":"shipping-taxable","12":"purchasable","13":"product-type-simple"},"acf":[],"_links":{"self":[{"href":"https:\/\/turkmenexporter.com\/es\/wp-json\/wp\/v2\/product\/8257","targetHints":{"allow":["GET"]}}],"collection":[{"href":"https:\/\/turkmenexporter.com\/es\/wp-json\/wp\/v2\/product"}],"about":[{"href":"https:\/\/turkmenexporter.com\/es\/wp-json\/wp\/v2\/types\/product"}],"replies":[{"embeddable":true,"href":"https:\/\/turkmenexporter.com\/es\/wp-json\/wp\/v2\/comments?post=8257"}],"version-history":[{"count":1,"href":"https:\/\/turkmenexporter.com\/es\/wp-json\/wp\/v2\/product\/8257\/revisions"}],"predecessor-version":[{"id":10212,"href":"https:\/\/turkmenexporter.com\/es\/wp-json\/wp\/v2\/product\/8257\/revisions\/10212"}],"wp:featuredmedia":[{"embeddable":true,"href":"https:\/\/turkmenexporter.com\/es\/wp-json\/wp\/v2\/media\/7039"}],"wp:attachment":[{"href":"https:\/\/turkmenexporter.com\/es\/wp-json\/wp\/v2\/media?parent=8257"}],"wp:term":[{"taxonomy":"brand","embeddable":true,"href":"https:\/\/turkmenexporter.com\/es\/wp-json\/wp\/v2\/brand?post=8257"},{"taxonomy":"product_cat","embeddable":true,"href":"https:\/\/turkmenexporter.com\/es\/wp-json\/wp\/v2\/product_cat?post=8257"},{"taxonomy":"product_tag","embeddable":true,"href":"https:\/\/turkmenexporter.com\/es\/wp-json\/wp\/v2\/product_tag?post=8257"}],"curies":[{"name":"wp","href":"https:\/\/api.w.org\/{rel}","templated":true}]}}