{"id":8486,"date":"2024-05-30T14:41:04","date_gmt":"2024-05-30T09:41:04","guid":{"rendered":"https:\/\/turkmenexporter.com\/product\/ketchup-de-tomate-dayhan-1000-gr\/"},"modified":"2024-09-17T19:28:04","modified_gmt":"2024-09-17T14:28:04","slug":"ketchup-de-tomate-dayhan-1000-gr","status":"publish","type":"product","link":"https:\/\/turkmenexporter.com\/es\/producto\/ketchup-de-tomate-dayhan-1000-gr\/","title":{"rendered":"Ketchup de tomate Dayhan 1000 gr"},"content":{"rendered":"<p>Ingredientes: pasta de tomate, az\u00facar granulado, f\u00e9cula de patata, sal de mesa, conservadores: sorbato pot\u00e1sico E202, \u00e1cido ac\u00e9tico E260, plantas arom\u00e1ticas: eneldo, albahaca, perejil. Fracci\u00f3n m\u00e1sica de s\u00f3lidos solubles 23%. Valor nutritivo de 100 g. producto: hidratos de carbono &#8211; 24,6 g. Valor energ\u00e9tico &#8211; 98,4 kcal. Conservar a temperaturas de 0\u00baC a 6\u00baC. Caducidad 6 meses. La fecha de fabricaci\u00f3n se indica en el envase.<\/p>\n","protected":false},"excerpt":{"rendered":"<p>Cubo de ketchup de tomate 1000 gr<br \/>\n6 cubos en un bloque<\/p>\n","protected":false},"featured_media":8413,"comment_status":"open","ping_status":"closed","template":"","meta":{"_acf_changed":false},"brand":[672],"product_cat":[678],"product_tag":[],"class_list":{"0":"post-8486","1":"product","2":"type-product","3":"status-publish","4":"has-post-thumbnail","6":"brand-dayhan-es","7":"product_cat-ketchup-de-tomate","9":"first","10":"instock","11":"shipping-taxable","12":"purchasable","13":"product-type-simple"},"acf":[],"_links":{"self":[{"href":"https:\/\/turkmenexporter.com\/es\/wp-json\/wp\/v2\/product\/8486","targetHints":{"allow":["GET"]}}],"collection":[{"href":"https:\/\/turkmenexporter.com\/es\/wp-json\/wp\/v2\/product"}],"about":[{"href":"https:\/\/turkmenexporter.com\/es\/wp-json\/wp\/v2\/types\/product"}],"replies":[{"embeddable":true,"href":"https:\/\/turkmenexporter.com\/es\/wp-json\/wp\/v2\/comments?post=8486"}],"version-history":[{"count":1,"href":"https:\/\/turkmenexporter.com\/es\/wp-json\/wp\/v2\/product\/8486\/revisions"}],"predecessor-version":[{"id":10167,"href":"https:\/\/turkmenexporter.com\/es\/wp-json\/wp\/v2\/product\/8486\/revisions\/10167"}],"wp:featuredmedia":[{"embeddable":true,"href":"https:\/\/turkmenexporter.com\/es\/wp-json\/wp\/v2\/media\/8413"}],"wp:attachment":[{"href":"https:\/\/turkmenexporter.com\/es\/wp-json\/wp\/v2\/media?parent=8486"}],"wp:term":[{"taxonomy":"brand","embeddable":true,"href":"https:\/\/turkmenexporter.com\/es\/wp-json\/wp\/v2\/brand?post=8486"},{"taxonomy":"product_cat","embeddable":true,"href":"https:\/\/turkmenexporter.com\/es\/wp-json\/wp\/v2\/product_cat?post=8486"},{"taxonomy":"product_tag","embeddable":true,"href":"https:\/\/turkmenexporter.com\/es\/wp-json\/wp\/v2\/product_tag?post=8486"}],"curies":[{"name":"wp","href":"https:\/\/api.w.org\/{rel}","templated":true}]}}