{"id":8850,"date":"2024-09-02T19:03:26","date_gmt":"2024-09-02T14:03:26","guid":{"rendered":"https:\/\/turkmenexporter.com\/product\/manzanas-liofilizadas-erem\/"},"modified":"2024-09-17T19:28:03","modified_gmt":"2024-09-17T14:28:03","slug":"manzanas-liofilizadas-erem","status":"publish","type":"product","link":"https:\/\/turkmenexporter.com\/es\/producto\/manzanas-liofilizadas-erem\/","title":{"rendered":"Manzanas liofilizadas Erem"},"content":{"rendered":"<p>Nuestras rodajas de manzana liofilizadas son un tentempi\u00e9 delicioso y nutritivo, repleto de vitamina C y fibra diet\u00e9tica. Con el beneficio a\u00f1adido de la vitamina A para favorecer la salud ocular, estas crujientes rodajas de manzana son perfectas para un tentempi\u00e9 r\u00e1pido y saludable o como ingrediente refrescante en sus recetas favoritas. Disfrute de la dulzura natural y el crujido de las manzanas en cada bocado.  <\/p>\n","protected":false},"excerpt":{"rendered":"<p>Rodajas de manzana liofilizadas en un paquete de 25 g.<\/p>\n","protected":false},"featured_media":8769,"comment_status":"open","ping_status":"closed","template":"","meta":{"_acf_changed":false},"brand":[690],"product_cat":[696],"product_tag":[],"class_list":{"0":"post-8850","1":"product","2":"type-product","3":"status-publish","4":"has-post-thumbnail","6":"brand-erem-es","7":"product_cat-productos-liofilizados","9":"first","10":"instock","11":"shipping-taxable","12":"purchasable","13":"product-type-simple"},"acf":[],"_links":{"self":[{"href":"https:\/\/turkmenexporter.com\/es\/wp-json\/wp\/v2\/product\/8850","targetHints":{"allow":["GET"]}}],"collection":[{"href":"https:\/\/turkmenexporter.com\/es\/wp-json\/wp\/v2\/product"}],"about":[{"href":"https:\/\/turkmenexporter.com\/es\/wp-json\/wp\/v2\/types\/product"}],"replies":[{"embeddable":true,"href":"https:\/\/turkmenexporter.com\/es\/wp-json\/wp\/v2\/comments?post=8850"}],"version-history":[{"count":1,"href":"https:\/\/turkmenexporter.com\/es\/wp-json\/wp\/v2\/product\/8850\/revisions"}],"predecessor-version":[{"id":10163,"href":"https:\/\/turkmenexporter.com\/es\/wp-json\/wp\/v2\/product\/8850\/revisions\/10163"}],"wp:featuredmedia":[{"embeddable":true,"href":"https:\/\/turkmenexporter.com\/es\/wp-json\/wp\/v2\/media\/8769"}],"wp:attachment":[{"href":"https:\/\/turkmenexporter.com\/es\/wp-json\/wp\/v2\/media?parent=8850"}],"wp:term":[{"taxonomy":"brand","embeddable":true,"href":"https:\/\/turkmenexporter.com\/es\/wp-json\/wp\/v2\/brand?post=8850"},{"taxonomy":"product_cat","embeddable":true,"href":"https:\/\/turkmenexporter.com\/es\/wp-json\/wp\/v2\/product_cat?post=8850"},{"taxonomy":"product_tag","embeddable":true,"href":"https:\/\/turkmenexporter.com\/es\/wp-json\/wp\/v2\/product_tag?post=8850"}],"curies":[{"name":"wp","href":"https:\/\/api.w.org\/{rel}","templated":true}]}}