{"id":8851,"date":"2024-09-02T19:36:47","date_gmt":"2024-09-02T14:36:47","guid":{"rendered":"https:\/\/turkmenexporter.com\/product\/melocotones-liofilizados-erem\/"},"modified":"2024-09-17T19:28:01","modified_gmt":"2024-09-17T14:28:01","slug":"melocotones-liofilizados-erem","status":"publish","type":"product","link":"https:\/\/turkmenexporter.com\/es\/producto\/melocotones-liofilizados-erem\/","title":{"rendered":"Melocotones liofilizados Erem"},"content":{"rendered":"<p>Disfrute del sabor dulce y \u00e1cido de nuestras rodajas de melocot\u00f3n liofilizadas, repletas de vitamina A para una piel sana y vitamina C para reforzar su sistema inmunitario. Estas vers\u00e1tiles rodajas de melocot\u00f3n pueden utilizarse para realzar sus recetas, creando platos que no s\u00f3lo nutren sino que tambi\u00e9n deleitan los sentidos. Perfectas para picar, hornear o a\u00f1adir un toque afrutado a sus platos favoritos.  <\/p>\n","protected":false},"excerpt":{"rendered":"<p>Rodajas de melocot\u00f3n liofilizado en un paquete de 25 g.<\/p>\n","protected":false},"featured_media":8805,"comment_status":"open","ping_status":"closed","template":"","meta":{"_acf_changed":false},"brand":[690],"product_cat":[696],"product_tag":[],"class_list":{"0":"post-8851","1":"product","2":"type-product","3":"status-publish","4":"has-post-thumbnail","6":"brand-erem-es","7":"product_cat-productos-liofilizados","9":"first","10":"instock","11":"shipping-taxable","12":"purchasable","13":"product-type-simple"},"acf":[],"_links":{"self":[{"href":"https:\/\/turkmenexporter.com\/es\/wp-json\/wp\/v2\/product\/8851","targetHints":{"allow":["GET"]}}],"collection":[{"href":"https:\/\/turkmenexporter.com\/es\/wp-json\/wp\/v2\/product"}],"about":[{"href":"https:\/\/turkmenexporter.com\/es\/wp-json\/wp\/v2\/types\/product"}],"replies":[{"embeddable":true,"href":"https:\/\/turkmenexporter.com\/es\/wp-json\/wp\/v2\/comments?post=8851"}],"version-history":[{"count":1,"href":"https:\/\/turkmenexporter.com\/es\/wp-json\/wp\/v2\/product\/8851\/revisions"}],"predecessor-version":[{"id":10144,"href":"https:\/\/turkmenexporter.com\/es\/wp-json\/wp\/v2\/product\/8851\/revisions\/10144"}],"wp:featuredmedia":[{"embeddable":true,"href":"https:\/\/turkmenexporter.com\/es\/wp-json\/wp\/v2\/media\/8805"}],"wp:attachment":[{"href":"https:\/\/turkmenexporter.com\/es\/wp-json\/wp\/v2\/media?parent=8851"}],"wp:term":[{"taxonomy":"brand","embeddable":true,"href":"https:\/\/turkmenexporter.com\/es\/wp-json\/wp\/v2\/brand?post=8851"},{"taxonomy":"product_cat","embeddable":true,"href":"https:\/\/turkmenexporter.com\/es\/wp-json\/wp\/v2\/product_cat?post=8851"},{"taxonomy":"product_tag","embeddable":true,"href":"https:\/\/turkmenexporter.com\/es\/wp-json\/wp\/v2\/product_tag?post=8851"}],"curies":[{"name":"wp","href":"https:\/\/api.w.org\/{rel}","templated":true}]}}