{"id":8852,"date":"2024-09-02T19:31:10","date_gmt":"2024-09-02T14:31:10","guid":{"rendered":"https:\/\/turkmenexporter.com\/product\/platano-liofilizado-erem\/"},"modified":"2024-09-17T19:28:01","modified_gmt":"2024-09-17T14:28:01","slug":"platano-liofilizado-erem","status":"publish","type":"product","link":"https:\/\/turkmenexporter.com\/es\/producto\/platano-liofilizado-erem\/","title":{"rendered":"Pl\u00e1tano liofilizado Erem"},"content":{"rendered":"<p>Ricas en sabor y nutrientes, nuestras rodajas de pl\u00e1tano liofilizadas ofrecen un refuerzo de vitamina C para el apoyo inmunol\u00f3gico y vitamina B6 para la salud del sistema nervioso. Estas crujientes rodajas de pl\u00e1tano son una excelente opci\u00f3n para postres, batidos o un tentempi\u00e9 r\u00e1pido y energizante, proporcionando una experiencia naturalmente dulce y satisfactoria. <\/p>\n","protected":false},"excerpt":{"rendered":"<p>Rodajas de pl\u00e1tano liofilizadas en un paquete de 25 g.<\/p>\n","protected":false},"featured_media":8781,"comment_status":"open","ping_status":"closed","template":"","meta":{"_acf_changed":false},"brand":[690],"product_cat":[696],"product_tag":[],"class_list":{"0":"post-8852","1":"product","2":"type-product","3":"status-publish","4":"has-post-thumbnail","6":"brand-erem-es","7":"product_cat-productos-liofilizados","9":"first","10":"instock","11":"shipping-taxable","12":"purchasable","13":"product-type-simple"},"acf":[],"_links":{"self":[{"href":"https:\/\/turkmenexporter.com\/es\/wp-json\/wp\/v2\/product\/8852","targetHints":{"allow":["GET"]}}],"collection":[{"href":"https:\/\/turkmenexporter.com\/es\/wp-json\/wp\/v2\/product"}],"about":[{"href":"https:\/\/turkmenexporter.com\/es\/wp-json\/wp\/v2\/types\/product"}],"replies":[{"embeddable":true,"href":"https:\/\/turkmenexporter.com\/es\/wp-json\/wp\/v2\/comments?post=8852"}],"version-history":[{"count":1,"href":"https:\/\/turkmenexporter.com\/es\/wp-json\/wp\/v2\/product\/8852\/revisions"}],"predecessor-version":[{"id":10149,"href":"https:\/\/turkmenexporter.com\/es\/wp-json\/wp\/v2\/product\/8852\/revisions\/10149"}],"wp:featuredmedia":[{"embeddable":true,"href":"https:\/\/turkmenexporter.com\/es\/wp-json\/wp\/v2\/media\/8781"}],"wp:attachment":[{"href":"https:\/\/turkmenexporter.com\/es\/wp-json\/wp\/v2\/media?parent=8852"}],"wp:term":[{"taxonomy":"brand","embeddable":true,"href":"https:\/\/turkmenexporter.com\/es\/wp-json\/wp\/v2\/brand?post=8852"},{"taxonomy":"product_cat","embeddable":true,"href":"https:\/\/turkmenexporter.com\/es\/wp-json\/wp\/v2\/product_cat?post=8852"},{"taxonomy":"product_tag","embeddable":true,"href":"https:\/\/turkmenexporter.com\/es\/wp-json\/wp\/v2\/product_tag?post=8852"}],"curies":[{"name":"wp","href":"https:\/\/api.w.org\/{rel}","templated":true}]}}