{"id":8853,"date":"2024-09-02T19:03:54","date_gmt":"2024-09-02T14:03:54","guid":{"rendered":"https:\/\/turkmenexporter.com\/product\/fresas-liofilizadas-erem\/"},"modified":"2024-09-17T19:28:03","modified_gmt":"2024-09-17T14:28:03","slug":"fresas-liofilizadas-erem","status":"publish","type":"product","link":"https:\/\/turkmenexporter.com\/es\/producto\/fresas-liofilizadas-erem\/","title":{"rendered":"Fresas liofilizadas Erem"},"content":{"rendered":"<p>Rebosantes del dulzor natural de las fresas maduras, nuestras fresas liofilizadas son ricas en vitamina C, un potente antioxidante, y vitamina K, que favorece la salud \u00f3sea. Estas rodajas de fresa vibrantes y sabrosas son una adici\u00f3n deliciosa a postres, cereales y aperitivos, a\u00f1adiendo brillo y un toque de dulzura a cada plato. <\/p>\n","protected":false},"excerpt":{"rendered":"<p>Rodajas de fresas liofilizadas en un paquete de 20 g.<\/p>\n","protected":false},"featured_media":8817,"comment_status":"open","ping_status":"closed","template":"","meta":{"_acf_changed":false},"brand":[690],"product_cat":[696],"product_tag":[851],"class_list":{"0":"post-8853","1":"product","2":"type-product","3":"status-publish","4":"has-post-thumbnail","6":"brand-erem-es","7":"product_cat-productos-liofilizados","8":"product_tag-front-product-es","10":"first","11":"instock","12":"shipping-taxable","13":"purchasable","14":"product-type-simple"},"acf":[],"_links":{"self":[{"href":"https:\/\/turkmenexporter.com\/es\/wp-json\/wp\/v2\/product\/8853","targetHints":{"allow":["GET"]}}],"collection":[{"href":"https:\/\/turkmenexporter.com\/es\/wp-json\/wp\/v2\/product"}],"about":[{"href":"https:\/\/turkmenexporter.com\/es\/wp-json\/wp\/v2\/types\/product"}],"replies":[{"embeddable":true,"href":"https:\/\/turkmenexporter.com\/es\/wp-json\/wp\/v2\/comments?post=8853"}],"version-history":[{"count":1,"href":"https:\/\/turkmenexporter.com\/es\/wp-json\/wp\/v2\/product\/8853\/revisions"}],"predecessor-version":[{"id":10158,"href":"https:\/\/turkmenexporter.com\/es\/wp-json\/wp\/v2\/product\/8853\/revisions\/10158"}],"wp:featuredmedia":[{"embeddable":true,"href":"https:\/\/turkmenexporter.com\/es\/wp-json\/wp\/v2\/media\/8817"}],"wp:attachment":[{"href":"https:\/\/turkmenexporter.com\/es\/wp-json\/wp\/v2\/media?parent=8853"}],"wp:term":[{"taxonomy":"brand","embeddable":true,"href":"https:\/\/turkmenexporter.com\/es\/wp-json\/wp\/v2\/brand?post=8853"},{"taxonomy":"product_cat","embeddable":true,"href":"https:\/\/turkmenexporter.com\/es\/wp-json\/wp\/v2\/product_cat?post=8853"},{"taxonomy":"product_tag","embeddable":true,"href":"https:\/\/turkmenexporter.com\/es\/wp-json\/wp\/v2\/product_tag?post=8853"}],"curies":[{"name":"wp","href":"https:\/\/api.w.org\/{rel}","templated":true}]}}