{"id":8854,"date":"2024-09-02T19:12:40","date_gmt":"2024-09-02T14:12:40","guid":{"rendered":"https:\/\/turkmenexporter.com\/product\/melon-liofilizado-erem\/"},"modified":"2024-09-17T19:28:02","modified_gmt":"2024-09-17T14:28:02","slug":"melon-liofilizado-erem","status":"publish","type":"product","link":"https:\/\/turkmenexporter.com\/es\/producto\/melon-liofilizado-erem\/","title":{"rendered":"Mel\u00f3n liofilizado Erem"},"content":{"rendered":"<p>Saboree el refrescante sabor del mel\u00f3n con nuestros trozos de mel\u00f3n liofilizados, una fuente de vitamina C que refuerza la inmunidad y de vitamina A que favorece la salud ocular. Estas delicias crujientes y afrutadas son perfectas para preparar refrescantes bebidas y postres o disfrutar como un tentempi\u00e9 ligero y saludable que captura la esencia del verano durante todo el a\u00f1o. <\/p>\n","protected":false},"excerpt":{"rendered":"<p>Rodajas de mel\u00f3n liofilizadas en un paquete de 20 g.<\/p>\n","protected":false},"featured_media":8793,"comment_status":"open","ping_status":"closed","template":"","meta":{"_acf_changed":false},"brand":[690],"product_cat":[696],"product_tag":[],"class_list":{"0":"post-8854","1":"product","2":"type-product","3":"status-publish","4":"has-post-thumbnail","6":"brand-erem-es","7":"product_cat-productos-liofilizados","9":"first","10":"instock","11":"shipping-taxable","12":"purchasable","13":"product-type-simple"},"acf":[],"_links":{"self":[{"href":"https:\/\/turkmenexporter.com\/es\/wp-json\/wp\/v2\/product\/8854","targetHints":{"allow":["GET"]}}],"collection":[{"href":"https:\/\/turkmenexporter.com\/es\/wp-json\/wp\/v2\/product"}],"about":[{"href":"https:\/\/turkmenexporter.com\/es\/wp-json\/wp\/v2\/types\/product"}],"replies":[{"embeddable":true,"href":"https:\/\/turkmenexporter.com\/es\/wp-json\/wp\/v2\/comments?post=8854"}],"version-history":[{"count":1,"href":"https:\/\/turkmenexporter.com\/es\/wp-json\/wp\/v2\/product\/8854\/revisions"}],"predecessor-version":[{"id":10154,"href":"https:\/\/turkmenexporter.com\/es\/wp-json\/wp\/v2\/product\/8854\/revisions\/10154"}],"wp:featuredmedia":[{"embeddable":true,"href":"https:\/\/turkmenexporter.com\/es\/wp-json\/wp\/v2\/media\/8793"}],"wp:attachment":[{"href":"https:\/\/turkmenexporter.com\/es\/wp-json\/wp\/v2\/media?parent=8854"}],"wp:term":[{"taxonomy":"brand","embeddable":true,"href":"https:\/\/turkmenexporter.com\/es\/wp-json\/wp\/v2\/brand?post=8854"},{"taxonomy":"product_cat","embeddable":true,"href":"https:\/\/turkmenexporter.com\/es\/wp-json\/wp\/v2\/product_cat?post=8854"},{"taxonomy":"product_tag","embeddable":true,"href":"https:\/\/turkmenexporter.com\/es\/wp-json\/wp\/v2\/product_tag?post=8854"}],"curies":[{"name":"wp","href":"https:\/\/api.w.org\/{rel}","templated":true}]}}