{"id":9059,"date":"2024-09-03T17:33:06","date_gmt":"2024-09-03T12:33:06","guid":{"rendered":"https:\/\/turkmenexporter.com\/product\/cafe-instant-aneo-3-en-1-latte\/"},"modified":"2024-09-17T19:27:52","modified_gmt":"2024-09-17T14:27:52","slug":"cafe-instant-aneo-3-en-1-latte","status":"publish","type":"product","link":"https:\/\/turkmenexporter.com\/es\/producto\/cafe-instant-aneo-3-en-1-latte\/","title":{"rendered":"Caf\u00e9 instant \u00e1neo 3 en 1 Latte"},"content":{"rendered":"<p>Caf\u00e9 instant\u00e1neo Markov 3 en 1 Avellana &#8211; esta bebida de caf\u00e9 con nueces se distingue de sus hom\u00f3logos por su maravilloso sabor natural. Se prepara al instante y llena la habitaci\u00f3n de un aroma acogedor. Ingredientes: caf\u00e9 natural, az\u00facar granulado, crema no l\u00e1ctea, aroma de frutos secos.   No GMO. Condiciones de almacenamiento: a temperatura de 0\u00b0C a + 20\u00b0C y humedad relativa no superior al 75%. Caducidad: 24 meses. <\/p>\n","protected":false},"excerpt":{"rendered":"<p>Caf\u00e9 instant \u00e1neo Latte sobre 20 g. 20 sobres en una caja <\/p>\n","protected":false},"featured_media":8914,"comment_status":"open","ping_status":"closed","template":"","meta":{"_acf_changed":false},"brand":[660],"product_cat":[732],"product_tag":[],"class_list":{"0":"post-9059","1":"product","2":"type-product","3":"status-publish","4":"has-post-thumbnail","6":"brand-markow-coffee-es","7":"product_cat-cafe-es","9":"first","10":"instock","11":"shipping-taxable","12":"purchasable","13":"product-type-simple"},"acf":[],"_links":{"self":[{"href":"https:\/\/turkmenexporter.com\/es\/wp-json\/wp\/v2\/product\/9059","targetHints":{"allow":["GET"]}}],"collection":[{"href":"https:\/\/turkmenexporter.com\/es\/wp-json\/wp\/v2\/product"}],"about":[{"href":"https:\/\/turkmenexporter.com\/es\/wp-json\/wp\/v2\/types\/product"}],"replies":[{"embeddable":true,"href":"https:\/\/turkmenexporter.com\/es\/wp-json\/wp\/v2\/comments?post=9059"}],"version-history":[{"count":1,"href":"https:\/\/turkmenexporter.com\/es\/wp-json\/wp\/v2\/product\/9059\/revisions"}],"predecessor-version":[{"id":10072,"href":"https:\/\/turkmenexporter.com\/es\/wp-json\/wp\/v2\/product\/9059\/revisions\/10072"}],"wp:featuredmedia":[{"embeddable":true,"href":"https:\/\/turkmenexporter.com\/es\/wp-json\/wp\/v2\/media\/8914"}],"wp:attachment":[{"href":"https:\/\/turkmenexporter.com\/es\/wp-json\/wp\/v2\/media?parent=9059"}],"wp:term":[{"taxonomy":"brand","embeddable":true,"href":"https:\/\/turkmenexporter.com\/es\/wp-json\/wp\/v2\/brand?post=9059"},{"taxonomy":"product_cat","embeddable":true,"href":"https:\/\/turkmenexporter.com\/es\/wp-json\/wp\/v2\/product_cat?post=9059"},{"taxonomy":"product_tag","embeddable":true,"href":"https:\/\/turkmenexporter.com\/es\/wp-json\/wp\/v2\/product_tag?post=9059"}],"curies":[{"name":"wp","href":"https:\/\/api.w.org\/{rel}","templated":true}]}}