{"id":9060,"date":"2024-09-03T17:33:05","date_gmt":"2024-09-03T12:33:05","guid":{"rendered":"https:\/\/turkmenexporter.com\/product\/cafe-instant-aneo-3-en-1-cappuccino\/"},"modified":"2024-09-17T19:27:53","modified_gmt":"2024-09-17T14:27:53","slug":"cafe-instant-aneo-3-en-1-cappuccino","status":"publish","type":"product","link":"https:\/\/turkmenexporter.com\/es\/producto\/cafe-instant-aneo-3-en-1-cappuccino\/","title":{"rendered":"Caf\u00e9 instant \u00e1neo 3 en 1 Cappuccino"},"content":{"rendered":"<p>El caf\u00e9 instant\u00e1neo 3 en 1 Markow Coffee Classic es una mezcla de caf\u00e9 natural, crema no l\u00e1ctea y az\u00facar. Esta combinaci\u00f3n proporciona un sabor maravilloso y \u00fanico y un rico aroma. Esta bebida de caf\u00e9 le dar\u00e1 energ\u00eda para empezar el d\u00eda de buen humor. Ingredientes: caf\u00e9 natural, az\u00facar granulado, crema no l\u00e1ctea.    No GMO. Condiciones de almacenamiento: a una temperatura de 0\u00b0C a + 20\u00b0C y una humedad relativa no superior al 75%. Caducidad: 24 meses. <\/p>\n","protected":false},"excerpt":{"rendered":"<p>Caf\u00e9 instant \u00e1neo Cappuccino sobre 25 g. 20 sobres en una caja <\/p>\n","protected":false},"featured_media":8950,"comment_status":"open","ping_status":"closed","template":"","meta":{"_acf_changed":false},"brand":[660],"product_cat":[732],"product_tag":[851],"class_list":{"0":"post-9060","1":"product","2":"type-product","3":"status-publish","4":"has-post-thumbnail","6":"brand-markow-coffee-es","7":"product_cat-cafe-es","8":"product_tag-front-product-es","10":"first","11":"instock","12":"shipping-taxable","13":"purchasable","14":"product-type-simple"},"acf":[],"_links":{"self":[{"href":"https:\/\/turkmenexporter.com\/es\/wp-json\/wp\/v2\/product\/9060","targetHints":{"allow":["GET"]}}],"collection":[{"href":"https:\/\/turkmenexporter.com\/es\/wp-json\/wp\/v2\/product"}],"about":[{"href":"https:\/\/turkmenexporter.com\/es\/wp-json\/wp\/v2\/types\/product"}],"replies":[{"embeddable":true,"href":"https:\/\/turkmenexporter.com\/es\/wp-json\/wp\/v2\/comments?post=9060"}],"version-history":[{"count":1,"href":"https:\/\/turkmenexporter.com\/es\/wp-json\/wp\/v2\/product\/9060\/revisions"}],"predecessor-version":[{"id":10085,"href":"https:\/\/turkmenexporter.com\/es\/wp-json\/wp\/v2\/product\/9060\/revisions\/10085"}],"wp:featuredmedia":[{"embeddable":true,"href":"https:\/\/turkmenexporter.com\/es\/wp-json\/wp\/v2\/media\/8950"}],"wp:attachment":[{"href":"https:\/\/turkmenexporter.com\/es\/wp-json\/wp\/v2\/media?parent=9060"}],"wp:term":[{"taxonomy":"brand","embeddable":true,"href":"https:\/\/turkmenexporter.com\/es\/wp-json\/wp\/v2\/brand?post=9060"},{"taxonomy":"product_cat","embeddable":true,"href":"https:\/\/turkmenexporter.com\/es\/wp-json\/wp\/v2\/product_cat?post=9060"},{"taxonomy":"product_tag","embeddable":true,"href":"https:\/\/turkmenexporter.com\/es\/wp-json\/wp\/v2\/product_tag?post=9060"}],"curies":[{"name":"wp","href":"https:\/\/api.w.org\/{rel}","templated":true}]}}