{"id":9061,"date":"2024-09-03T17:33:05","date_gmt":"2024-09-03T12:33:05","guid":{"rendered":"https:\/\/turkmenexporter.com\/product\/cafe-instant-aneo-3-en-1-classic\/"},"modified":"2024-09-17T19:27:53","modified_gmt":"2024-09-17T14:27:53","slug":"cafe-instant-aneo-3-en-1-classic","status":"publish","type":"product","link":"https:\/\/turkmenexporter.com\/es\/producto\/cafe-instant-aneo-3-en-1-classic\/","title":{"rendered":"Caf\u00e9 instant \u00e1neo 3 en 1 Classic"},"content":{"rendered":"<p>El caf\u00e9 instant\u00e1neo 3 en 1 Markov Coffee Classic es una mezcla de caf\u00e9 natural, crema no l\u00e1ctea y az\u00facar. Esta combinaci\u00f3n le da un sabor maravilloso y \u00fanico y un rico aroma. Esta bebida de caf\u00e9 le dar\u00e1 energ\u00eda para empezar el d\u00eda de buen humor. Condiciones de conservaci\u00f3n: a una temperatura de 0\u00b0C a + 20\u00b0C y una humedad relativa no superior al 75%. Caducidad: 24 meses.    <\/p>\n","protected":false},"excerpt":{"rendered":"<p>Caf\u00e9 instant\u00e1neo Classic sobre 20 g. 20 sobres en una caja <\/p>\n","protected":false},"featured_media":8896,"comment_status":"open","ping_status":"closed","template":"","meta":{"_acf_changed":false},"brand":[660],"product_cat":[732],"product_tag":[],"class_list":{"0":"post-9061","1":"product","2":"type-product","3":"status-publish","4":"has-post-thumbnail","6":"brand-markow-coffee-es","7":"product_cat-cafe-es","9":"first","10":"instock","11":"shipping-taxable","12":"purchasable","13":"product-type-simple"},"acf":[],"_links":{"self":[{"href":"https:\/\/turkmenexporter.com\/es\/wp-json\/wp\/v2\/product\/9061","targetHints":{"allow":["GET"]}}],"collection":[{"href":"https:\/\/turkmenexporter.com\/es\/wp-json\/wp\/v2\/product"}],"about":[{"href":"https:\/\/turkmenexporter.com\/es\/wp-json\/wp\/v2\/types\/product"}],"replies":[{"embeddable":true,"href":"https:\/\/turkmenexporter.com\/es\/wp-json\/wp\/v2\/comments?post=9061"}],"version-history":[{"count":1,"href":"https:\/\/turkmenexporter.com\/es\/wp-json\/wp\/v2\/product\/9061\/revisions"}],"predecessor-version":[{"id":10084,"href":"https:\/\/turkmenexporter.com\/es\/wp-json\/wp\/v2\/product\/9061\/revisions\/10084"}],"wp:featuredmedia":[{"embeddable":true,"href":"https:\/\/turkmenexporter.com\/es\/wp-json\/wp\/v2\/media\/8896"}],"wp:attachment":[{"href":"https:\/\/turkmenexporter.com\/es\/wp-json\/wp\/v2\/media?parent=9061"}],"wp:term":[{"taxonomy":"brand","embeddable":true,"href":"https:\/\/turkmenexporter.com\/es\/wp-json\/wp\/v2\/brand?post=9061"},{"taxonomy":"product_cat","embeddable":true,"href":"https:\/\/turkmenexporter.com\/es\/wp-json\/wp\/v2\/product_cat?post=9061"},{"taxonomy":"product_tag","embeddable":true,"href":"https:\/\/turkmenexporter.com\/es\/wp-json\/wp\/v2\/product_tag?post=9061"}],"curies":[{"name":"wp","href":"https:\/\/api.w.org\/{rel}","templated":true}]}}