{"id":9063,"date":"2024-09-03T17:33:04","date_gmt":"2024-09-03T12:33:04","guid":{"rendered":"https:\/\/turkmenexporter.com\/product\/cafe-instantaneo-latte-en-vaso-de-plastico\/"},"modified":"2025-11-13T19:17:07","modified_gmt":"2025-11-13T14:17:07","slug":"cafe-instantaneo-latte-en-vaso-de-plastico","status":"publish","type":"product","link":"https:\/\/turkmenexporter.com\/es\/producto\/cafe-instantaneo-latte-en-vaso-de-plastico\/","title":{"rendered":"Caf\u00e9 instant\u00e1neo Latte en vaso de pl\u00e1stico"},"content":{"rendered":"<p>Reg\u00e1lese el sabor suave y cremoso de un caf\u00e9 con leche con nuestro caf\u00e9 con leche instant\u00e1neo en vaso de pl\u00e1stico. Esta mezcla rica y aterciopelada combina caf\u00e9 de primera calidad con leche cremosa, creando un caf\u00e9 con leche perfectamente equilibrado y f\u00e1cil de preparar. Tanto si est\u00e1 en casa, en el trabajo o de viaje, disfrute del reconfortante sabor de un caf\u00e9 con leche en cuesti\u00f3n de minutos. Condiciones de conservaci\u00f3n: a temperatura de 0\u00b0C a + 20\u00b0C y humedad relativa no superior al 75%. Tama\u00f1o de la unidad An\/A: 6\/13 sm Caducidad: 24 meses.    <\/p>\n","protected":false},"excerpt":{"rendered":"<p>Caf\u00e9 instant\u00e1neo Latte en vaso de pl\u00e1stico 16,5 g. 175 tazas en una caja <\/p>\n","protected":false},"featured_media":8926,"comment_status":"open","ping_status":"closed","template":"","meta":{"_acf_changed":false},"brand":[660],"product_cat":[732],"product_tag":[],"class_list":{"0":"post-9063","1":"product","2":"type-product","3":"status-publish","4":"has-post-thumbnail","6":"brand-markow-coffee-es","7":"product_cat-cafe-es","9":"first","10":"instock","11":"shipping-taxable","12":"purchasable","13":"product-type-simple"},"acf":[],"_links":{"self":[{"href":"https:\/\/turkmenexporter.com\/es\/wp-json\/wp\/v2\/product\/9063","targetHints":{"allow":["GET"]}}],"collection":[{"href":"https:\/\/turkmenexporter.com\/es\/wp-json\/wp\/v2\/product"}],"about":[{"href":"https:\/\/turkmenexporter.com\/es\/wp-json\/wp\/v2\/types\/product"}],"replies":[{"embeddable":true,"href":"https:\/\/turkmenexporter.com\/es\/wp-json\/wp\/v2\/comments?post=9063"}],"version-history":[{"count":1,"href":"https:\/\/turkmenexporter.com\/es\/wp-json\/wp\/v2\/product\/9063\/revisions"}],"predecessor-version":[{"id":9072,"href":"https:\/\/turkmenexporter.com\/es\/wp-json\/wp\/v2\/product\/9063\/revisions\/9072"}],"wp:featuredmedia":[{"embeddable":true,"href":"https:\/\/turkmenexporter.com\/es\/wp-json\/wp\/v2\/media\/8926"}],"wp:attachment":[{"href":"https:\/\/turkmenexporter.com\/es\/wp-json\/wp\/v2\/media?parent=9063"}],"wp:term":[{"taxonomy":"brand","embeddable":true,"href":"https:\/\/turkmenexporter.com\/es\/wp-json\/wp\/v2\/brand?post=9063"},{"taxonomy":"product_cat","embeddable":true,"href":"https:\/\/turkmenexporter.com\/es\/wp-json\/wp\/v2\/product_cat?post=9063"},{"taxonomy":"product_tag","embeddable":true,"href":"https:\/\/turkmenexporter.com\/es\/wp-json\/wp\/v2\/product_tag?post=9063"}],"curies":[{"name":"wp","href":"https:\/\/api.w.org\/{rel}","templated":true}]}}