{"id":9064,"date":"2024-09-03T17:33:03","date_gmt":"2024-09-03T12:33:03","guid":{"rendered":"https:\/\/turkmenexporter.com\/product\/cafe-instantaneo-3-en-1-avellana-en-vaso-de-plastico\/"},"modified":"2024-09-17T19:27:56","modified_gmt":"2024-09-17T14:27:56","slug":"cafe-instantaneo-3-en-1-avellana-en-vaso-de-plastico","status":"publish","type":"product","link":"https:\/\/turkmenexporter.com\/es\/producto\/cafe-instantaneo-3-en-1-avellana-en-vaso-de-plastico\/","title":{"rendered":"Caf\u00e9 instant\u00e1neo 3 en 1 Avellana en vaso de pl\u00e1stico"},"content":{"rendered":"<p>Saboree el sabor a nuez de la avellana con nuestro Caf\u00e9 Instant\u00e1neo 3 en 1 Avellana en vaso de pl\u00e1stico. Esta mezcla ofrece la combinaci\u00f3n perfecta de caf\u00e9, crema y az\u00facar, con un delicioso toque de avellana. Convenientemente envasado para porciones individuales, es f\u00e1cil disfrutar de una sabrosa y arom\u00e1tica taza de caf\u00e9 en cualquier momento y en cualquier lugar. Ideal para un capricho r\u00e1pido o una relajante pausa para el caf\u00e9. Condiciones de conservaci\u00f3n: a una temperatura de 0\u00b0C a + 20\u00b0C y una humedad relativa no superior al 75%. Tama\u00f1o de la unidad An\/A: 6\/13 sm Caducidad: 24 meses.     <\/p>\n","protected":false},"excerpt":{"rendered":"<p>Caf\u00e9 instant\u00e1neo avellana en vaso de pl\u00e1stico 16,5 g. 175 tazas en una caja <\/p>\n","protected":false},"featured_media":8902,"comment_status":"open","ping_status":"closed","template":"","meta":{"_acf_changed":false},"brand":[660],"product_cat":[732],"product_tag":[851],"class_list":{"0":"post-9064","1":"product","2":"type-product","3":"status-publish","4":"has-post-thumbnail","6":"brand-markow-coffee-es","7":"product_cat-cafe-es","8":"product_tag-front-product-es","10":"first","11":"instock","12":"shipping-taxable","13":"purchasable","14":"product-type-simple"},"acf":[],"_links":{"self":[{"href":"https:\/\/turkmenexporter.com\/es\/wp-json\/wp\/v2\/product\/9064","targetHints":{"allow":["GET"]}}],"collection":[{"href":"https:\/\/turkmenexporter.com\/es\/wp-json\/wp\/v2\/product"}],"about":[{"href":"https:\/\/turkmenexporter.com\/es\/wp-json\/wp\/v2\/types\/product"}],"replies":[{"embeddable":true,"href":"https:\/\/turkmenexporter.com\/es\/wp-json\/wp\/v2\/comments?post=9064"}],"version-history":[{"count":1,"href":"https:\/\/turkmenexporter.com\/es\/wp-json\/wp\/v2\/product\/9064\/revisions"}],"predecessor-version":[{"id":10109,"href":"https:\/\/turkmenexporter.com\/es\/wp-json\/wp\/v2\/product\/9064\/revisions\/10109"}],"wp:featuredmedia":[{"embeddable":true,"href":"https:\/\/turkmenexporter.com\/es\/wp-json\/wp\/v2\/media\/8902"}],"wp:attachment":[{"href":"https:\/\/turkmenexporter.com\/es\/wp-json\/wp\/v2\/media?parent=9064"}],"wp:term":[{"taxonomy":"brand","embeddable":true,"href":"https:\/\/turkmenexporter.com\/es\/wp-json\/wp\/v2\/brand?post=9064"},{"taxonomy":"product_cat","embeddable":true,"href":"https:\/\/turkmenexporter.com\/es\/wp-json\/wp\/v2\/product_cat?post=9064"},{"taxonomy":"product_tag","embeddable":true,"href":"https:\/\/turkmenexporter.com\/es\/wp-json\/wp\/v2\/product_tag?post=9064"}],"curies":[{"name":"wp","href":"https:\/\/api.w.org\/{rel}","templated":true}]}}