{"id":9065,"date":"2024-09-03T17:33:03","date_gmt":"2024-09-03T12:33:03","guid":{"rendered":"https:\/\/turkmenexporter.com\/product\/cafe-instant-aneo-3-en-1-cappuccino-en-vaso-de-plastico\/"},"modified":"2024-09-17T19:27:56","modified_gmt":"2024-09-17T14:27:56","slug":"cafe-instant-aneo-3-en-1-cappuccino-en-vaso-de-plastico","status":"publish","type":"product","link":"https:\/\/turkmenexporter.com\/es\/producto\/cafe-instant-aneo-3-en-1-cappuccino-en-vaso-de-plastico\/","title":{"rendered":"Caf\u00e9 instant \u00e1neo 3 en 1 Cappuccino en vaso de pl\u00e1stico"},"content":{"rendered":"<p>Disfrute de las delicias cremosas y espumosas de un cappuccino con nuestro Caf\u00e9 Instant\u00e1neo 3 en 1 Cappuccino en una taza monodosis. Esta mezcla todo en uno combina un rico caf\u00e9, una suave crema y la cantidad justa de az\u00facar para obtener un cappuccino delicioso y perfectamente equilibrado. C\u00f3modo y f\u00e1cil de preparar, es perfecto para disfrutar de un caf\u00e9 r\u00e1pido y satisfactorio en casa, en la oficina o sobre la marcha. Condiciones de conservaci\u00f3n: a temperatura de 0\u00b0C a + 20\u00b0C y humedad relativa no superior al 75%. Tama\u00f1o de la unidad An\/A: 6\/13 sm Caducidad: 24 meses.    <\/p>\n","protected":false},"excerpt":{"rendered":"<p>Caf\u00e9 instant\u00e1neo capuchino en vaso de pl\u00e1stico 16,5 g. 175 tazas en una caja <\/p>\n","protected":false},"featured_media":8890,"comment_status":"open","ping_status":"closed","template":"","meta":{"_acf_changed":false},"brand":[660],"product_cat":[732],"product_tag":[],"class_list":{"0":"post-9065","1":"product","2":"type-product","3":"status-publish","4":"has-post-thumbnail","6":"brand-markow-coffee-es","7":"product_cat-cafe-es","9":"first","10":"instock","11":"shipping-taxable","12":"purchasable","13":"product-type-simple"},"acf":[],"_links":{"self":[{"href":"https:\/\/turkmenexporter.com\/es\/wp-json\/wp\/v2\/product\/9065","targetHints":{"allow":["GET"]}}],"collection":[{"href":"https:\/\/turkmenexporter.com\/es\/wp-json\/wp\/v2\/product"}],"about":[{"href":"https:\/\/turkmenexporter.com\/es\/wp-json\/wp\/v2\/types\/product"}],"replies":[{"embeddable":true,"href":"https:\/\/turkmenexporter.com\/es\/wp-json\/wp\/v2\/comments?post=9065"}],"version-history":[{"count":1,"href":"https:\/\/turkmenexporter.com\/es\/wp-json\/wp\/v2\/product\/9065\/revisions"}],"predecessor-version":[{"id":10108,"href":"https:\/\/turkmenexporter.com\/es\/wp-json\/wp\/v2\/product\/9065\/revisions\/10108"}],"wp:featuredmedia":[{"embeddable":true,"href":"https:\/\/turkmenexporter.com\/es\/wp-json\/wp\/v2\/media\/8890"}],"wp:attachment":[{"href":"https:\/\/turkmenexporter.com\/es\/wp-json\/wp\/v2\/media?parent=9065"}],"wp:term":[{"taxonomy":"brand","embeddable":true,"href":"https:\/\/turkmenexporter.com\/es\/wp-json\/wp\/v2\/brand?post=9065"},{"taxonomy":"product_cat","embeddable":true,"href":"https:\/\/turkmenexporter.com\/es\/wp-json\/wp\/v2\/product_cat?post=9065"},{"taxonomy":"product_tag","embeddable":true,"href":"https:\/\/turkmenexporter.com\/es\/wp-json\/wp\/v2\/product_tag?post=9065"}],"curies":[{"name":"wp","href":"https:\/\/api.w.org\/{rel}","templated":true}]}}