{"id":9066,"date":"2024-09-03T17:33:03","date_gmt":"2024-09-03T12:33:03","guid":{"rendered":"https:\/\/turkmenexporter.com\/product\/cafe-clasico-instantaneo-en-tazas\/"},"modified":"2026-03-22T15:59:50","modified_gmt":"2026-03-22T10:59:50","slug":"cafe-clasico-instantaneo-en-tazas","status":"publish","type":"product","link":"https:\/\/turkmenexporter.com\/es\/producto\/cafe-clasico-instantaneo-en-tazas\/","title":{"rendered":"Caf\u00e9 cl\u00e1sico instant\u00e1neo en tazas"},"content":{"rendered":"<p>Experimente el sabor intenso y suave de nuestro Caf\u00e9 Cl\u00e1sico Instant\u00e1neo, convenientemente envasado en una K-Cup para una preparaci\u00f3n r\u00e1pida y f\u00e1cil. Elaborado con granos de caf\u00e9 de primera calidad, esta mezcla cl\u00e1sica ofrece un sabor rico y con cuerpo. Perfecto para las ma\u00f1anas ajetreadas o para una pausa r\u00e1pida para el caf\u00e9, es una opci\u00f3n excelente tanto para uso personal como en la oficina. Condiciones de conservaci\u00f3n: a temperatura de 0\u00b0C a + 20\u00b0C y humedad relativa no superior al 75%. Tama\u00f1o de la unidad An\/A: 6\/13 sm Caducidad: 24 meses.    <\/p>\n","protected":false},"excerpt":{"rendered":"<p>Caf\u00e9 instant\u00e1neo en vaso de pl\u00e1stico 14,5 g. 175 tazas en una caja <\/p>\n","protected":false},"featured_media":8884,"comment_status":"open","ping_status":"closed","template":"","meta":{"_acf_changed":false},"brand":[660],"product_cat":[732],"product_tag":[],"class_list":{"0":"post-9066","1":"product","2":"type-product","3":"status-publish","4":"has-post-thumbnail","6":"brand-markow-coffee-es","7":"product_cat-cafe-es","9":"first","10":"instock","11":"shipping-taxable","12":"purchasable","13":"product-type-simple"},"acf":[],"_links":{"self":[{"href":"https:\/\/turkmenexporter.com\/es\/wp-json\/wp\/v2\/product\/9066","targetHints":{"allow":["GET"]}}],"collection":[{"href":"https:\/\/turkmenexporter.com\/es\/wp-json\/wp\/v2\/product"}],"about":[{"href":"https:\/\/turkmenexporter.com\/es\/wp-json\/wp\/v2\/types\/product"}],"replies":[{"embeddable":true,"href":"https:\/\/turkmenexporter.com\/es\/wp-json\/wp\/v2\/comments?post=9066"}],"version-history":[{"count":1,"href":"https:\/\/turkmenexporter.com\/es\/wp-json\/wp\/v2\/product\/9066\/revisions"}],"predecessor-version":[{"id":10107,"href":"https:\/\/turkmenexporter.com\/es\/wp-json\/wp\/v2\/product\/9066\/revisions\/10107"}],"wp:featuredmedia":[{"embeddable":true,"href":"https:\/\/turkmenexporter.com\/es\/wp-json\/wp\/v2\/media\/8884"}],"wp:attachment":[{"href":"https:\/\/turkmenexporter.com\/es\/wp-json\/wp\/v2\/media?parent=9066"}],"wp:term":[{"taxonomy":"brand","embeddable":true,"href":"https:\/\/turkmenexporter.com\/es\/wp-json\/wp\/v2\/brand?post=9066"},{"taxonomy":"product_cat","embeddable":true,"href":"https:\/\/turkmenexporter.com\/es\/wp-json\/wp\/v2\/product_cat?post=9066"},{"taxonomy":"product_tag","embeddable":true,"href":"https:\/\/turkmenexporter.com\/es\/wp-json\/wp\/v2\/product_tag?post=9066"}],"curies":[{"name":"wp","href":"https:\/\/api.w.org\/{rel}","templated":true}]}}