{"id":9068,"date":"2024-09-03T17:33:00","date_gmt":"2024-09-03T12:33:00","guid":{"rendered":"https:\/\/turkmenexporter.com\/product\/cafe-arabica-robusta-en-grano-tostado-el-diamante-1-kg\/"},"modified":"2024-09-17T19:28:00","modified_gmt":"2024-09-17T14:28:00","slug":"cafe-arabica-robusta-en-grano-tostado-el-diamante-1-kg","status":"publish","type":"product","link":"https:\/\/turkmenexporter.com\/es\/producto\/cafe-arabica-robusta-en-grano-tostado-el-diamante-1-kg\/","title":{"rendered":"Caf\u00e9 Ar\u00e1bica Robusta en grano tostado El Diamante 1 kg"},"content":{"rendered":"<p>Ingredientes: Granos enteros 100% naturales. Una mezcla \u00fanica de las mejores variedades de Ar\u00e1bica y Robusta. Sabor rico y equilibrado con notas de chocolate y frutos secos. Presenta un agradable amargor. Condiciones de conservaci\u00f3n: a una temperatura de 0\u00b0C a + 20\u00b0C y una humedad relativa no superior al 75%. Peso: 1 kg Caducidad: 24 meses     <\/p>\n","protected":false},"excerpt":{"rendered":"<p>50% Ar\u00e1bica 50% Robusta mezcla de caf\u00e9 de tueste medio 1 kg. Granos enteros naturales de Etiop\u00eda. <\/p>\n","protected":false},"featured_media":8872,"comment_status":"open","ping_status":"closed","template":"","meta":{"_acf_changed":false},"brand":[660],"product_cat":[732],"product_tag":[],"class_list":{"0":"post-9068","1":"product","2":"type-product","3":"status-publish","4":"has-post-thumbnail","6":"brand-markow-coffee-es","7":"product_cat-cafe-es","9":"first","10":"instock","11":"shipping-taxable","12":"purchasable","13":"product-type-simple"},"acf":[],"_links":{"self":[{"href":"https:\/\/turkmenexporter.com\/es\/wp-json\/wp\/v2\/product\/9068","targetHints":{"allow":["GET"]}}],"collection":[{"href":"https:\/\/turkmenexporter.com\/es\/wp-json\/wp\/v2\/product"}],"about":[{"href":"https:\/\/turkmenexporter.com\/es\/wp-json\/wp\/v2\/types\/product"}],"replies":[{"embeddable":true,"href":"https:\/\/turkmenexporter.com\/es\/wp-json\/wp\/v2\/comments?post=9068"}],"version-history":[{"count":1,"href":"https:\/\/turkmenexporter.com\/es\/wp-json\/wp\/v2\/product\/9068\/revisions"}],"predecessor-version":[{"id":10140,"href":"https:\/\/turkmenexporter.com\/es\/wp-json\/wp\/v2\/product\/9068\/revisions\/10140"}],"wp:featuredmedia":[{"embeddable":true,"href":"https:\/\/turkmenexporter.com\/es\/wp-json\/wp\/v2\/media\/8872"}],"wp:attachment":[{"href":"https:\/\/turkmenexporter.com\/es\/wp-json\/wp\/v2\/media?parent=9068"}],"wp:term":[{"taxonomy":"brand","embeddable":true,"href":"https:\/\/turkmenexporter.com\/es\/wp-json\/wp\/v2\/brand?post=9068"},{"taxonomy":"product_cat","embeddable":true,"href":"https:\/\/turkmenexporter.com\/es\/wp-json\/wp\/v2\/product_cat?post=9068"},{"taxonomy":"product_tag","embeddable":true,"href":"https:\/\/turkmenexporter.com\/es\/wp-json\/wp\/v2\/product_tag?post=9068"}],"curies":[{"name":"wp","href":"https:\/\/api.w.org\/{rel}","templated":true}]}}