{"id":9069,"date":"2024-09-03T17:33:02","date_gmt":"2024-09-03T12:33:02","guid":{"rendered":"https:\/\/turkmenexporter.com\/product\/chocolate-caliente-en-vaso-de-plastico\/"},"modified":"2024-09-17T19:27:58","modified_gmt":"2024-09-17T14:27:58","slug":"chocolate-caliente-en-vaso-de-plastico","status":"publish","type":"product","link":"https:\/\/turkmenexporter.com\/es\/producto\/chocolate-caliente-en-vaso-de-plastico\/","title":{"rendered":"Chocolate caliente en vaso de pl\u00e1stico"},"content":{"rendered":"<p>Del\u00e9itese con el rico y cremoso sabor del chocolate caliente con nuestra pr\u00e1ctica taza monodosis. Elaborado con cacao de alta calidad, esta reconfortante bebida es perfecta para disfrutar de un capricho caliente y achocolatado en cualquier momento. Basta con a\u00f1adir agua caliente o leche, remover y saboree el suave y aterciopelado sabor. Ideal para caf\u00e9s, oficinas o para darse un capricho r\u00e1pido en casa. Condiciones de conservaci\u00f3n: a temperatura de 0\u00b0C a + 20\u00b0C y humedad relativa no superior al 75%. Tama\u00f1o de la unidad An\/A: 6\/13 sm Caducidad: 24 meses     <\/p>\n","protected":false},"excerpt":{"rendered":"<p>Chocolate caliente en taza de pl\u00e1stico 14,5 g. 175 tazas en una caja <\/p>\n","protected":false},"featured_media":8878,"comment_status":"open","ping_status":"closed","template":"","meta":{"_acf_changed":false},"brand":[660],"product_cat":[732],"product_tag":[],"class_list":{"0":"post-9069","1":"product","2":"type-product","3":"status-publish","4":"has-post-thumbnail","6":"brand-markow-coffee-es","7":"product_cat-cafe-es","9":"first","10":"instock","11":"shipping-taxable","12":"purchasable","13":"product-type-simple"},"acf":[],"_links":{"self":[{"href":"https:\/\/turkmenexporter.com\/es\/wp-json\/wp\/v2\/product\/9069","targetHints":{"allow":["GET"]}}],"collection":[{"href":"https:\/\/turkmenexporter.com\/es\/wp-json\/wp\/v2\/product"}],"about":[{"href":"https:\/\/turkmenexporter.com\/es\/wp-json\/wp\/v2\/types\/product"}],"replies":[{"embeddable":true,"href":"https:\/\/turkmenexporter.com\/es\/wp-json\/wp\/v2\/comments?post=9069"}],"version-history":[{"count":1,"href":"https:\/\/turkmenexporter.com\/es\/wp-json\/wp\/v2\/product\/9069\/revisions"}],"predecessor-version":[{"id":10121,"href":"https:\/\/turkmenexporter.com\/es\/wp-json\/wp\/v2\/product\/9069\/revisions\/10121"}],"wp:featuredmedia":[{"embeddable":true,"href":"https:\/\/turkmenexporter.com\/es\/wp-json\/wp\/v2\/media\/8878"}],"wp:attachment":[{"href":"https:\/\/turkmenexporter.com\/es\/wp-json\/wp\/v2\/media?parent=9069"}],"wp:term":[{"taxonomy":"brand","embeddable":true,"href":"https:\/\/turkmenexporter.com\/es\/wp-json\/wp\/v2\/brand?post=9069"},{"taxonomy":"product_cat","embeddable":true,"href":"https:\/\/turkmenexporter.com\/es\/wp-json\/wp\/v2\/product_cat?post=9069"},{"taxonomy":"product_tag","embeddable":true,"href":"https:\/\/turkmenexporter.com\/es\/wp-json\/wp\/v2\/product_tag?post=9069"}],"curies":[{"name":"wp","href":"https:\/\/api.w.org\/{rel}","templated":true}]}}