{"id":9070,"date":"2024-09-03T17:33:01","date_gmt":"2024-09-03T12:33:01","guid":{"rendered":"https:\/\/turkmenexporter.com\/product\/cafe-en-grano-de-tueste-medio-de-brasil-intenso-1-kg\/"},"modified":"2024-09-17T19:27:59","modified_gmt":"2024-09-17T14:27:59","slug":"cafe-en-grano-de-tueste-medio-de-brasil-intenso-1-kg","status":"publish","type":"product","link":"https:\/\/turkmenexporter.com\/es\/producto\/cafe-en-grano-de-tueste-medio-de-brasil-intenso-1-kg\/","title":{"rendered":"Caf\u00e9 en grano de tueste medio de Brasil Intenso 1 kg"},"content":{"rendered":"<p>Ingredientes: 100% granos enteros naturales. Este caf\u00e9 es una mezcla de Ar\u00e1bica y Robusta. D\u00e9jese deleitar por las notas de un tueste oscuro y un largo regusto. Condiciones de conservaci\u00f3n: a una temperatura de 0\u00b0C a + 20\u00b0C y una humedad relativa no superior al 75%. Peso: 1 kg Caducidad: 24 meses    <\/p>\n","protected":false},"excerpt":{"rendered":"<p>40% Ar\u00e1bica 60% Robusta mezcla de caf\u00e9 de tueste medio oscuro 1 kg. Granos enteros naturales. <\/p>\n","protected":false},"featured_media":8932,"comment_status":"open","ping_status":"closed","template":"","meta":{"_acf_changed":false},"brand":[660],"product_cat":[732],"product_tag":[],"class_list":{"0":"post-9070","1":"product","2":"type-product","3":"status-publish","4":"has-post-thumbnail","6":"brand-markow-coffee-es","7":"product_cat-cafe-es","9":"first","10":"instock","11":"shipping-taxable","12":"purchasable","13":"product-type-simple"},"acf":[],"_links":{"self":[{"href":"https:\/\/turkmenexporter.com\/es\/wp-json\/wp\/v2\/product\/9070","targetHints":{"allow":["GET"]}}],"collection":[{"href":"https:\/\/turkmenexporter.com\/es\/wp-json\/wp\/v2\/product"}],"about":[{"href":"https:\/\/turkmenexporter.com\/es\/wp-json\/wp\/v2\/types\/product"}],"replies":[{"embeddable":true,"href":"https:\/\/turkmenexporter.com\/es\/wp-json\/wp\/v2\/comments?post=9070"}],"version-history":[{"count":1,"href":"https:\/\/turkmenexporter.com\/es\/wp-json\/wp\/v2\/product\/9070\/revisions"}],"predecessor-version":[{"id":10132,"href":"https:\/\/turkmenexporter.com\/es\/wp-json\/wp\/v2\/product\/9070\/revisions\/10132"}],"wp:featuredmedia":[{"embeddable":true,"href":"https:\/\/turkmenexporter.com\/es\/wp-json\/wp\/v2\/media\/8932"}],"wp:attachment":[{"href":"https:\/\/turkmenexporter.com\/es\/wp-json\/wp\/v2\/media?parent=9070"}],"wp:term":[{"taxonomy":"brand","embeddable":true,"href":"https:\/\/turkmenexporter.com\/es\/wp-json\/wp\/v2\/brand?post=9070"},{"taxonomy":"product_cat","embeddable":true,"href":"https:\/\/turkmenexporter.com\/es\/wp-json\/wp\/v2\/product_cat?post=9070"},{"taxonomy":"product_tag","embeddable":true,"href":"https:\/\/turkmenexporter.com\/es\/wp-json\/wp\/v2\/product_tag?post=9070"}],"curies":[{"name":"wp","href":"https:\/\/api.w.org\/{rel}","templated":true}]}}