{"id":9073,"date":"2024-09-03T17:33:04","date_gmt":"2024-09-03T12:33:04","guid":{"rendered":"https:\/\/turkmenexporter.com\/product\/cafe-instant-aneo-3-en-1-mocha-en-vaso-de-plastico\/"},"modified":"2024-09-17T19:27:55","modified_gmt":"2024-09-17T14:27:55","slug":"cafe-instant-aneo-3-en-1-mocha-en-vaso-de-plastico","status":"publish","type":"product","link":"https:\/\/turkmenexporter.com\/es\/producto\/cafe-instant-aneo-3-en-1-mocha-en-vaso-de-plastico\/","title":{"rendered":"Caf\u00e9 instant \u00e1neo 3 en 1 Mocha en vaso de pl\u00e1stico"},"content":{"rendered":"<p>Del\u00e9itese con el rico e indulgente sabor del moca con nuestro Caf\u00e9 Instant\u00e1neo 3 en 1 Moca en vaso de pl\u00e1stico. Esta deliciosa mezcla combina caf\u00e9 robusto, crema suave y un toque de chocolate para una experiencia de moca perfectamente equilibrada. Convenientemente empaquetado para porciones individuales, es la elecci\u00f3n perfecta para una r\u00e1pida y satisfactoria pausa para el caf\u00e9 donde quiera que est\u00e9. Disfrute de la armoniosa mezcla de sabores de caf\u00e9 y chocolate en cada sorbo. Condiciones de conservaci\u00f3n: a temperatura de 0\u00b0C a + 20\u00b0C y humedad relativa no superior al 75%. Tama\u00f1o de la unidad An\/A: 6\/13 sm Caducidad: 24 meses.     <\/p>\n","protected":false},"excerpt":{"rendered":"<p>Caf\u00e9 instant\u00e1neo Mocha en vaso de pl\u00e1stico 14,5 g. 175 tazas en una caja <\/p>\n","protected":false},"featured_media":8956,"comment_status":"open","ping_status":"closed","template":"","meta":{"_acf_changed":false},"brand":[660],"product_cat":[732],"product_tag":[],"class_list":{"0":"post-9073","1":"product","2":"type-product","3":"status-publish","4":"has-post-thumbnail","6":"brand-markow-coffee-es","7":"product_cat-cafe-es","9":"first","10":"instock","11":"shipping-taxable","12":"purchasable","13":"product-type-simple"},"acf":[],"_links":{"self":[{"href":"https:\/\/turkmenexporter.com\/es\/wp-json\/wp\/v2\/product\/9073","targetHints":{"allow":["GET"]}}],"collection":[{"href":"https:\/\/turkmenexporter.com\/es\/wp-json\/wp\/v2\/product"}],"about":[{"href":"https:\/\/turkmenexporter.com\/es\/wp-json\/wp\/v2\/types\/product"}],"replies":[{"embeddable":true,"href":"https:\/\/turkmenexporter.com\/es\/wp-json\/wp\/v2\/comments?post=9073"}],"version-history":[{"count":1,"href":"https:\/\/turkmenexporter.com\/es\/wp-json\/wp\/v2\/product\/9073\/revisions"}],"predecessor-version":[{"id":10097,"href":"https:\/\/turkmenexporter.com\/es\/wp-json\/wp\/v2\/product\/9073\/revisions\/10097"}],"wp:featuredmedia":[{"embeddable":true,"href":"https:\/\/turkmenexporter.com\/es\/wp-json\/wp\/v2\/media\/8956"}],"wp:attachment":[{"href":"https:\/\/turkmenexporter.com\/es\/wp-json\/wp\/v2\/media?parent=9073"}],"wp:term":[{"taxonomy":"brand","embeddable":true,"href":"https:\/\/turkmenexporter.com\/es\/wp-json\/wp\/v2\/brand?post=9073"},{"taxonomy":"product_cat","embeddable":true,"href":"https:\/\/turkmenexporter.com\/es\/wp-json\/wp\/v2\/product_cat?post=9073"},{"taxonomy":"product_tag","embeddable":true,"href":"https:\/\/turkmenexporter.com\/es\/wp-json\/wp\/v2\/product_tag?post=9073"}],"curies":[{"name":"wp","href":"https:\/\/api.w.org\/{rel}","templated":true}]}}