{"id":9674,"date":"2024-09-15T16:41:21","date_gmt":"2024-09-15T11:41:21","guid":{"rendered":"https:\/\/turkmenexporter.com\/product\/sinalco-naranja-bebida-carbonatada-sin-alcohol-en-lata-330-ml\/"},"modified":"2024-09-17T19:27:44","modified_gmt":"2024-09-17T14:27:44","slug":"sinalco-naranja-bebida-carbonatada-sin-alcohol-en-lata-330-ml","status":"publish","type":"product","link":"https:\/\/turkmenexporter.com\/es\/producto\/sinalco-naranja-bebida-carbonatada-sin-alcohol-en-lata-330-ml\/","title":{"rendered":"Sinalco Naranja bebida carbonatada sin alcohol en lata 330 ml"},"content":{"rendered":"<p>Ingredientes: agua potable purificada, az\u00facar, gas para la carbonataci\u00f3n de bebidas di\u00f3xido de carbono E290, reguladores gummiarabic E414, \u00e1cidos de resina y \u00e9steres de glicerina E445, agentes aromatizantes naturales y similares a los naturales, conservantes sorbato pot\u00e1sico E202, colorante alimentario natural beta &#8211; caroteno E160a, regulador de la acidez \u00e1cido de lim\u00f3n E330, conservante benzoato s\u00f3dico E211, antioxidante \u00e1cido asc\u00f3rbico E300. Condiciones de almacenamiento: de 0\u00b0C a 18\u00b0C. Caducidad: 6 meses.  <\/p>\n","protected":false},"excerpt":{"rendered":"<p>Bebida carbonatada sin alcohol<\/p>\n","protected":false},"featured_media":9309,"comment_status":"open","ping_status":"closed","template":"","meta":{"_acf_changed":false},"brand":[777],"product_cat":[628],"product_tag":[],"class_list":{"0":"post-9674","1":"product","2":"type-product","3":"status-publish","4":"has-post-thumbnail","6":"brand-mahmal-zip-es","7":"product_cat-bebidas","9":"first","10":"instock","11":"shipping-taxable","12":"purchasable","13":"product-type-simple"},"acf":[],"_links":{"self":[{"href":"https:\/\/turkmenexporter.com\/es\/wp-json\/wp\/v2\/product\/9674","targetHints":{"allow":["GET"]}}],"collection":[{"href":"https:\/\/turkmenexporter.com\/es\/wp-json\/wp\/v2\/product"}],"about":[{"href":"https:\/\/turkmenexporter.com\/es\/wp-json\/wp\/v2\/types\/product"}],"replies":[{"embeddable":true,"href":"https:\/\/turkmenexporter.com\/es\/wp-json\/wp\/v2\/comments?post=9674"}],"version-history":[{"count":1,"href":"https:\/\/turkmenexporter.com\/es\/wp-json\/wp\/v2\/product\/9674\/revisions"}],"predecessor-version":[{"id":10029,"href":"https:\/\/turkmenexporter.com\/es\/wp-json\/wp\/v2\/product\/9674\/revisions\/10029"}],"wp:featuredmedia":[{"embeddable":true,"href":"https:\/\/turkmenexporter.com\/es\/wp-json\/wp\/v2\/media\/9309"}],"wp:attachment":[{"href":"https:\/\/turkmenexporter.com\/es\/wp-json\/wp\/v2\/media?parent=9674"}],"wp:term":[{"taxonomy":"brand","embeddable":true,"href":"https:\/\/turkmenexporter.com\/es\/wp-json\/wp\/v2\/brand?post=9674"},{"taxonomy":"product_cat","embeddable":true,"href":"https:\/\/turkmenexporter.com\/es\/wp-json\/wp\/v2\/product_cat?post=9674"},{"taxonomy":"product_tag","embeddable":true,"href":"https:\/\/turkmenexporter.com\/es\/wp-json\/wp\/v2\/product_tag?post=9674"}],"curies":[{"name":"wp","href":"https:\/\/api.w.org\/{rel}","templated":true}]}}