{"id":9675,"date":"2024-09-15T16:41:20","date_gmt":"2024-09-15T11:41:20","guid":{"rendered":"https:\/\/turkmenexporter.com\/product\/sinalco-jump-bebida-carbonatada-sin-alcohol-15-l\/"},"modified":"2024-09-17T19:27:45","modified_gmt":"2024-09-17T14:27:45","slug":"sinalco-jump-bebida-carbonatada-sin-alcohol-15-l","status":"publish","type":"product","link":"https:\/\/turkmenexporter.com\/es\/producto\/sinalco-jump-bebida-carbonatada-sin-alcohol-15-l\/","title":{"rendered":"Sinalco Jump bebida carbonatada sin alcohol 1,5 L"},"content":{"rendered":"<p>Ingredientes: agua potable purificada, az\u00facar, gas para la carbonataci\u00f3n de bebidas di\u00f3xido de carbono E290, regulador de la acidez \u00e1cido de lim\u00f3n E330, agentes aromatizantes naturales similares, colorante alimentario natural colorante de az\u00facar E150c, regulador de la acidez \u00e1cido l\u00e1ctico E270, agente conservante benzoato de sodio E211. Condiciones de almacenamiento: de 0\u00b0C a 18\u00b0C. Caducidad: 6 meses.  <\/p>\n","protected":false},"excerpt":{"rendered":"<p>Bebida carbonatada sin alcohol<\/p>\n","protected":false},"featured_media":9429,"comment_status":"open","ping_status":"closed","template":"","meta":{"_acf_changed":false},"brand":[777],"product_cat":[628],"product_tag":[],"class_list":{"0":"post-9675","1":"product","2":"type-product","3":"status-publish","4":"has-post-thumbnail","6":"brand-mahmal-zip-es","7":"product_cat-bebidas","9":"first","10":"instock","11":"shipping-taxable","12":"purchasable","13":"product-type-simple"},"acf":[],"_links":{"self":[{"href":"https:\/\/turkmenexporter.com\/es\/wp-json\/wp\/v2\/product\/9675","targetHints":{"allow":["GET"]}}],"collection":[{"href":"https:\/\/turkmenexporter.com\/es\/wp-json\/wp\/v2\/product"}],"about":[{"href":"https:\/\/turkmenexporter.com\/es\/wp-json\/wp\/v2\/types\/product"}],"replies":[{"embeddable":true,"href":"https:\/\/turkmenexporter.com\/es\/wp-json\/wp\/v2\/comments?post=9675"}],"version-history":[{"count":1,"href":"https:\/\/turkmenexporter.com\/es\/wp-json\/wp\/v2\/product\/9675\/revisions"}],"predecessor-version":[{"id":10033,"href":"https:\/\/turkmenexporter.com\/es\/wp-json\/wp\/v2\/product\/9675\/revisions\/10033"}],"wp:featuredmedia":[{"embeddable":true,"href":"https:\/\/turkmenexporter.com\/es\/wp-json\/wp\/v2\/media\/9429"}],"wp:attachment":[{"href":"https:\/\/turkmenexporter.com\/es\/wp-json\/wp\/v2\/media?parent=9675"}],"wp:term":[{"taxonomy":"brand","embeddable":true,"href":"https:\/\/turkmenexporter.com\/es\/wp-json\/wp\/v2\/brand?post=9675"},{"taxonomy":"product_cat","embeddable":true,"href":"https:\/\/turkmenexporter.com\/es\/wp-json\/wp\/v2\/product_cat?post=9675"},{"taxonomy":"product_tag","embeddable":true,"href":"https:\/\/turkmenexporter.com\/es\/wp-json\/wp\/v2\/product_tag?post=9675"}],"curies":[{"name":"wp","href":"https:\/\/api.w.org\/{rel}","templated":true}]}}