{"id":9756,"date":"2024-09-15T16:41:45","date_gmt":"2024-09-15T11:41:45","guid":{"rendered":"https:\/\/turkmenexporter.com\/product\/zip-classic-cerveza-light-en-lata-05-l\/"},"modified":"2024-09-17T19:27:35","modified_gmt":"2024-09-17T14:27:35","slug":"zip-classic-cerveza-light-en-lata-05-l","status":"publish","type":"product","link":"https:\/\/turkmenexporter.com\/es\/producto\/zip-classic-cerveza-light-en-lata-05-l\/","title":{"rendered":"Zip Classic cerveza light en lata 0,5 L"},"content":{"rendered":"<p>Ingredientes: cebadamalteada, s\u00e9mola de arroz, l\u00fapulo, levadura de cerveza, agua purificada, estabilizador coloidal. Condiciones de conservaci\u00f3n: de 2\u00b0C a 25\u00b0C. Caducidad: 6 meses  <\/p>\n","protected":false},"excerpt":{"rendered":"<p>Cerveza ligera pasteurizada (alc. 4,0% vol.)<\/p>\n","protected":false},"featured_media":9345,"comment_status":"open","ping_status":"closed","template":"","meta":{"_acf_changed":false},"brand":[777],"product_cat":[771],"product_tag":[851],"class_list":{"0":"post-9756","1":"product","2":"type-product","3":"status-publish","4":"has-post-thumbnail","6":"brand-mahmal-zip-es","7":"product_cat-cerveza","8":"product_tag-front-product-es","10":"first","11":"instock","12":"shipping-taxable","13":"purchasable","14":"product-type-simple"},"acf":[],"_links":{"self":[{"href":"https:\/\/turkmenexporter.com\/es\/wp-json\/wp\/v2\/product\/9756","targetHints":{"allow":["GET"]}}],"collection":[{"href":"https:\/\/turkmenexporter.com\/es\/wp-json\/wp\/v2\/product"}],"about":[{"href":"https:\/\/turkmenexporter.com\/es\/wp-json\/wp\/v2\/types\/product"}],"replies":[{"embeddable":true,"href":"https:\/\/turkmenexporter.com\/es\/wp-json\/wp\/v2\/comments?post=9756"}],"version-history":[{"count":1,"href":"https:\/\/turkmenexporter.com\/es\/wp-json\/wp\/v2\/product\/9756\/revisions"}],"predecessor-version":[{"id":9943,"href":"https:\/\/turkmenexporter.com\/es\/wp-json\/wp\/v2\/product\/9756\/revisions\/9943"}],"wp:featuredmedia":[{"embeddable":true,"href":"https:\/\/turkmenexporter.com\/es\/wp-json\/wp\/v2\/media\/9345"}],"wp:attachment":[{"href":"https:\/\/turkmenexporter.com\/es\/wp-json\/wp\/v2\/media?parent=9756"}],"wp:term":[{"taxonomy":"brand","embeddable":true,"href":"https:\/\/turkmenexporter.com\/es\/wp-json\/wp\/v2\/brand?post=9756"},{"taxonomy":"product_cat","embeddable":true,"href":"https:\/\/turkmenexporter.com\/es\/wp-json\/wp\/v2\/product_cat?post=9756"},{"taxonomy":"product_tag","embeddable":true,"href":"https:\/\/turkmenexporter.com\/es\/wp-json\/wp\/v2\/product_tag?post=9756"}],"curies":[{"name":"wp","href":"https:\/\/api.w.org\/{rel}","templated":true}]}}