{"id":9758,"date":"2024-09-15T16:41:40","date_gmt":"2024-09-15T11:41:40","guid":{"rendered":"https:\/\/turkmenexporter.com\/product\/kwas-bebida-carbonatada-sin-alcohol-en-lata-05-l\/"},"modified":"2024-09-17T19:27:37","modified_gmt":"2024-09-17T14:27:37","slug":"kwas-bebida-carbonatada-sin-alcohol-en-lata-05-l","status":"publish","type":"product","link":"https:\/\/turkmenexporter.com\/es\/producto\/kwas-bebida-carbonatada-sin-alcohol-en-lata-05-l\/","title":{"rendered":"Kwas bebida carbonatada sin alcohol en lata 0,5 L"},"content":{"rendered":"<p>Ingredientes: aguapura de manantial, az\u00facar, concentrado de mosto kvas, corrector de acidez, \u00e1cido l\u00e1ctico, levadura. Condiciones de conservaci\u00f3n: de 0\u00b0C a 18\u00b0C.  Caducidad: 12 meses<\/p>\n","protected":false},"excerpt":{"rendered":"<p>Bebida carbonatada sin alcohol<\/p>\n","protected":false},"featured_media":9375,"comment_status":"open","ping_status":"closed","template":"","meta":{"_acf_changed":false},"brand":[777],"product_cat":[628],"product_tag":[851],"class_list":{"0":"post-9758","1":"product","2":"type-product","3":"status-publish","4":"has-post-thumbnail","6":"brand-mahmal-zip-es","7":"product_cat-bebidas","8":"product_tag-front-product-es","10":"first","11":"instock","12":"shipping-taxable","13":"purchasable","14":"product-type-simple"},"acf":[],"_links":{"self":[{"href":"https:\/\/turkmenexporter.com\/es\/wp-json\/wp\/v2\/product\/9758","targetHints":{"allow":["GET"]}}],"collection":[{"href":"https:\/\/turkmenexporter.com\/es\/wp-json\/wp\/v2\/product"}],"about":[{"href":"https:\/\/turkmenexporter.com\/es\/wp-json\/wp\/v2\/types\/product"}],"replies":[{"embeddable":true,"href":"https:\/\/turkmenexporter.com\/es\/wp-json\/wp\/v2\/comments?post=9758"}],"version-history":[{"count":1,"href":"https:\/\/turkmenexporter.com\/es\/wp-json\/wp\/v2\/product\/9758\/revisions"}],"predecessor-version":[{"id":9963,"href":"https:\/\/turkmenexporter.com\/es\/wp-json\/wp\/v2\/product\/9758\/revisions\/9963"}],"wp:featuredmedia":[{"embeddable":true,"href":"https:\/\/turkmenexporter.com\/es\/wp-json\/wp\/v2\/media\/9375"}],"wp:attachment":[{"href":"https:\/\/turkmenexporter.com\/es\/wp-json\/wp\/v2\/media?parent=9758"}],"wp:term":[{"taxonomy":"brand","embeddable":true,"href":"https:\/\/turkmenexporter.com\/es\/wp-json\/wp\/v2\/brand?post=9758"},{"taxonomy":"product_cat","embeddable":true,"href":"https:\/\/turkmenexporter.com\/es\/wp-json\/wp\/v2\/product_cat?post=9758"},{"taxonomy":"product_tag","embeddable":true,"href":"https:\/\/turkmenexporter.com\/es\/wp-json\/wp\/v2\/product_tag?post=9758"}],"curies":[{"name":"wp","href":"https:\/\/api.w.org\/{rel}","templated":true}]}}