{"id":9759,"date":"2024-09-15T16:41:37","date_gmt":"2024-09-15T11:41:37","guid":{"rendered":"https:\/\/turkmenexporter.com\/product\/sinalco-fresco-bebida-carbonatada-sin-alcohol-05-l\/"},"modified":"2024-09-17T19:27:37","modified_gmt":"2024-09-17T14:27:37","slug":"sinalco-fresco-bebida-carbonatada-sin-alcohol-05-l","status":"publish","type":"product","link":"https:\/\/turkmenexporter.com\/es\/producto\/sinalco-fresco-bebida-carbonatada-sin-alcohol-05-l\/","title":{"rendered":"Sinalco Fresco bebida carbonatada sin alcohol 0,5 L"},"content":{"rendered":"<p>Ingredientes: agua potable purificada, az\u00facar, gas para la carbonataci\u00f3n de bebidas di\u00f3xido de carbono E290, zumo de lim\u00f3n concentrado, regulador de la acidez citrato s\u00f3dico 3-valente E331, extracto de lim\u00f3n, agente aromatizante, antioxidante \u00e1cido asc\u00f3rbico E300, agente conservante benzoato s\u00f3dico E211, regulador gummiarabic E414, regulador de \u00e1cidos res\u00ednicos y \u00e9steres de glicerina E445, colorante concentrado de c\u00e1rtamo, colorante alimentario natural colorante de az\u00facar E150d, conservante sorbato pot\u00e1sico E202, regulador de la acidez \u00e1cido de lim\u00f3n E330, agentes aromatizantes naturales similares, alcohol et\u00edlico, agente conservante de la humedad triacetina E1518. Condiciones de almacenamiento: de 0\u00b0C a 18\u00b0C. Caducidad: 6 meses.  <\/p>\n","protected":false},"excerpt":{"rendered":"<p>Bebida carbonatada sin alcohol<\/p>\n","protected":false},"featured_media":9417,"comment_status":"open","ping_status":"closed","template":"","meta":{"_acf_changed":false},"brand":[777],"product_cat":[628],"product_tag":[851],"class_list":{"0":"post-9759","1":"product","2":"type-product","3":"status-publish","4":"has-post-thumbnail","6":"brand-mahmal-zip-es","7":"product_cat-bebidas","8":"product_tag-front-product-es","10":"first","11":"instock","12":"shipping-taxable","13":"purchasable","14":"product-type-simple"},"acf":[],"_links":{"self":[{"href":"https:\/\/turkmenexporter.com\/es\/wp-json\/wp\/v2\/product\/9759","targetHints":{"allow":["GET"]}}],"collection":[{"href":"https:\/\/turkmenexporter.com\/es\/wp-json\/wp\/v2\/product"}],"about":[{"href":"https:\/\/turkmenexporter.com\/es\/wp-json\/wp\/v2\/types\/product"}],"replies":[{"embeddable":true,"href":"https:\/\/turkmenexporter.com\/es\/wp-json\/wp\/v2\/comments?post=9759"}],"version-history":[{"count":1,"href":"https:\/\/turkmenexporter.com\/es\/wp-json\/wp\/v2\/product\/9759\/revisions"}],"predecessor-version":[{"id":9968,"href":"https:\/\/turkmenexporter.com\/es\/wp-json\/wp\/v2\/product\/9759\/revisions\/9968"}],"wp:featuredmedia":[{"embeddable":true,"href":"https:\/\/turkmenexporter.com\/es\/wp-json\/wp\/v2\/media\/9417"}],"wp:attachment":[{"href":"https:\/\/turkmenexporter.com\/es\/wp-json\/wp\/v2\/media?parent=9759"}],"wp:term":[{"taxonomy":"brand","embeddable":true,"href":"https:\/\/turkmenexporter.com\/es\/wp-json\/wp\/v2\/brand?post=9759"},{"taxonomy":"product_cat","embeddable":true,"href":"https:\/\/turkmenexporter.com\/es\/wp-json\/wp\/v2\/product_cat?post=9759"},{"taxonomy":"product_tag","embeddable":true,"href":"https:\/\/turkmenexporter.com\/es\/wp-json\/wp\/v2\/product_tag?post=9759"}],"curies":[{"name":"wp","href":"https:\/\/api.w.org\/{rel}","templated":true}]}}