{"id":9770,"date":"2024-09-15T16:41:29","date_gmt":"2024-09-15T11:41:29","guid":{"rendered":"https:\/\/turkmenexporter.com\/product\/sinalco-cola-cherry-bebida-carbonatada-sin-alcohol-05-l\/"},"modified":"2024-09-17T19:27:41","modified_gmt":"2024-09-17T14:27:41","slug":"sinalco-cola-cherry-bebida-carbonatada-sin-alcohol-05-l","status":"publish","type":"product","link":"https:\/\/turkmenexporter.com\/es\/producto\/sinalco-cola-cherry-bebida-carbonatada-sin-alcohol-05-l\/","title":{"rendered":"Sinalco Cola Cherry bebida carbonatada sin alcohol 0,5 L"},"content":{"rendered":"<p>Ingredientes: agua potable purificada, az\u00facar, gas carb\u00f3nico di\u00f3xido de carbono E290, colorante alimentario natural colorante de az\u00facar E150d, regulador de la acidez \u00e1cido ortofosf\u00f3rico E338, agentes aromatizantes naturales, cafe\u00edna. Condiciones de almacenamiento: de 0\u00b0C a 18\u00b0C. Caducidad: 6 meses.  <\/p>\n","protected":false},"excerpt":{"rendered":"<p>Bebida carbonatada sin alcohol<\/p>\n","protected":false},"featured_media":9381,"comment_status":"open","ping_status":"closed","template":"","meta":{"_acf_changed":false},"brand":[777],"product_cat":[628],"product_tag":[851],"class_list":{"0":"post-9770","1":"product","2":"type-product","3":"status-publish","4":"has-post-thumbnail","6":"brand-mahmal-zip-es","7":"product_cat-bebidas","8":"product_tag-front-product-es","10":"first","11":"instock","12":"shipping-taxable","13":"purchasable","14":"product-type-simple"},"acf":[],"_links":{"self":[{"href":"https:\/\/turkmenexporter.com\/es\/wp-json\/wp\/v2\/product\/9770","targetHints":{"allow":["GET"]}}],"collection":[{"href":"https:\/\/turkmenexporter.com\/es\/wp-json\/wp\/v2\/product"}],"about":[{"href":"https:\/\/turkmenexporter.com\/es\/wp-json\/wp\/v2\/types\/product"}],"replies":[{"embeddable":true,"href":"https:\/\/turkmenexporter.com\/es\/wp-json\/wp\/v2\/comments?post=9770"}],"version-history":[{"count":1,"href":"https:\/\/turkmenexporter.com\/es\/wp-json\/wp\/v2\/product\/9770\/revisions"}],"predecessor-version":[{"id":9998,"href":"https:\/\/turkmenexporter.com\/es\/wp-json\/wp\/v2\/product\/9770\/revisions\/9998"}],"wp:featuredmedia":[{"embeddable":true,"href":"https:\/\/turkmenexporter.com\/es\/wp-json\/wp\/v2\/media\/9381"}],"wp:attachment":[{"href":"https:\/\/turkmenexporter.com\/es\/wp-json\/wp\/v2\/media?parent=9770"}],"wp:term":[{"taxonomy":"brand","embeddable":true,"href":"https:\/\/turkmenexporter.com\/es\/wp-json\/wp\/v2\/brand?post=9770"},{"taxonomy":"product_cat","embeddable":true,"href":"https:\/\/turkmenexporter.com\/es\/wp-json\/wp\/v2\/product_cat?post=9770"},{"taxonomy":"product_tag","embeddable":true,"href":"https:\/\/turkmenexporter.com\/es\/wp-json\/wp\/v2\/product_tag?post=9770"}],"curies":[{"name":"wp","href":"https:\/\/api.w.org\/{rel}","templated":true}]}}