{"id":9772,"date":"2024-09-15T16:41:25","date_gmt":"2024-09-15T11:41:25","guid":{"rendered":"https:\/\/turkmenexporter.com\/product\/sinalco-cola-bebida-carbonatada-sin-alcohol-en-lata-330-ml\/"},"modified":"2024-09-17T19:27:43","modified_gmt":"2024-09-17T14:27:43","slug":"sinalco-cola-bebida-carbonatada-sin-alcohol-en-lata-330-ml","status":"publish","type":"product","link":"https:\/\/turkmenexporter.com\/es\/producto\/sinalco-cola-bebida-carbonatada-sin-alcohol-en-lata-330-ml\/","title":{"rendered":"Sinalco Cola bebida carbonatada sin alcohol en lata 330 ml"},"content":{"rendered":"<p>Ingredientes: agua potable purificada, az\u00facar, gas para la carbonataci\u00f3n de bebidas di\u00f3xido de carbono E290, agente aromatizante natural, colorante alimentario natural colorante de az\u00facar E150d, regulador de la acidez \u00e1cido ortofosf\u00f3rico E338, cafe\u00edna. Condiciones de almacenamiento: de 0\u00b0C a 18\u00b0C. Caducidad: 6 meses.  <\/p>\n","protected":false},"excerpt":{"rendered":"<p>Bebida carbonatada sin alcohol<\/p>\n","protected":false},"featured_media":9411,"comment_status":"open","ping_status":"closed","template":"","meta":{"_acf_changed":false},"brand":[777],"product_cat":[628],"product_tag":[851],"class_list":{"0":"post-9772","1":"product","2":"type-product","3":"status-publish","4":"has-post-thumbnail","6":"brand-mahmal-zip-es","7":"product_cat-bebidas","8":"product_tag-front-product-es","10":"first","11":"instock","12":"shipping-taxable","13":"purchasable","14":"product-type-simple"},"acf":[],"_links":{"self":[{"href":"https:\/\/turkmenexporter.com\/es\/wp-json\/wp\/v2\/product\/9772","targetHints":{"allow":["GET"]}}],"collection":[{"href":"https:\/\/turkmenexporter.com\/es\/wp-json\/wp\/v2\/product"}],"about":[{"href":"https:\/\/turkmenexporter.com\/es\/wp-json\/wp\/v2\/types\/product"}],"replies":[{"embeddable":true,"href":"https:\/\/turkmenexporter.com\/es\/wp-json\/wp\/v2\/comments?post=9772"}],"version-history":[{"count":1,"href":"https:\/\/turkmenexporter.com\/es\/wp-json\/wp\/v2\/product\/9772\/revisions"}],"predecessor-version":[{"id":10013,"href":"https:\/\/turkmenexporter.com\/es\/wp-json\/wp\/v2\/product\/9772\/revisions\/10013"}],"wp:featuredmedia":[{"embeddable":true,"href":"https:\/\/turkmenexporter.com\/es\/wp-json\/wp\/v2\/media\/9411"}],"wp:attachment":[{"href":"https:\/\/turkmenexporter.com\/es\/wp-json\/wp\/v2\/media?parent=9772"}],"wp:term":[{"taxonomy":"brand","embeddable":true,"href":"https:\/\/turkmenexporter.com\/es\/wp-json\/wp\/v2\/brand?post=9772"},{"taxonomy":"product_cat","embeddable":true,"href":"https:\/\/turkmenexporter.com\/es\/wp-json\/wp\/v2\/product_cat?post=9772"},{"taxonomy":"product_tag","embeddable":true,"href":"https:\/\/turkmenexporter.com\/es\/wp-json\/wp\/v2\/product_tag?post=9772"}],"curies":[{"name":"wp","href":"https:\/\/api.w.org\/{rel}","templated":true}]}}