{"id":2913,"date":"2023-11-14T00:30:46","date_gmt":"2023-11-13T19:30:46","guid":{"rendered":"https:\/\/turkmenexporter.com\/a-propos-de-nous\/"},"modified":"2024-02-02T23:40:05","modified_gmt":"2024-02-02T18:40:05","slug":"a-propos-de-nous","status":"publish","type":"page","link":"https:\/\/turkmenexporter.com\/fr\/a-propos-de-nous\/","title":{"rendered":"\u00c0 propos de nous"},"content":{"rendered":"\t\t<div data-elementor-type=\"wp-page\" data-elementor-id=\"2913\" class=\"elementor elementor-2913 elementor-1095\" data-elementor-post-type=\"page\">\n\t\t\t\t<div class=\"elementor-element elementor-element-53923dd e-flex e-con-boxed e-con e-parent\" data-id=\"53923dd\" data-element_type=\"container\" data-e-type=\"container\">\n\t\t\t\t\t<div class=\"e-con-inner\">\n\t\t\t\t<div class=\"elementor-element elementor-element-b9e155b elementor-widget elementor-widget-shortcode\" data-id=\"b9e155b\" data-element_type=\"widget\" data-e-type=\"widget\" data-widget_type=\"shortcode.default\">\n\t\t\t\t<div class=\"elementor-widget-container\">\n\t\t\t\t\t\t\t<div class=\"elementor-shortcode\"><nav aria-label=\"breadcrumbs\" class=\"rank-math-breadcrumb\"><p><span class=\"last\">Accueil<\/span><\/p><\/nav><\/div>\n\t\t\t\t\t\t<\/div>\n\t\t\t\t<\/div>\n\t\t\t\t\t<\/div>\n\t\t\t\t<\/div>\n\t\t<div class=\"elementor-element elementor-element-6487bd5 e-flex e-con-boxed e-con e-parent\" data-id=\"6487bd5\" data-element_type=\"container\" data-e-type=\"container\">\n\t\t\t\t\t<div class=\"e-con-inner\">\n\t\t\t\t\t<\/div>\n\t\t\t\t<\/div>\n\t\t<div class=\"elementor-element elementor-element-f994e02 e-flex e-con-boxed e-con e-parent\" data-id=\"f994e02\" data-element_type=\"container\" data-e-type=\"container\">\n\t\t\t\t\t<div class=\"e-con-inner\">\n\t\t<div class=\"elementor-element elementor-element-1b01feb e-con-full e-flex e-con e-child\" data-id=\"1b01feb\" data-element_type=\"container\" data-e-type=\"container\">\n\t\t\t\t<div class=\"elementor-element elementor-element-847398f elementor-widget elementor-widget-text-editor\" data-id=\"847398f\" data-element_type=\"widget\" data-e-type=\"widget\" data-widget_type=\"text-editor.default\">\n\t\t\t\t<div class=\"elementor-widget-container\">\n\t\t\t\t\t\t\t\t\t<p><strong>Exportateur Turkm\u00e8ne<\/strong> est une place de march\u00e9 B2B en ligne qui met en relation des acheteurs du monde entier avec des fabricants du Turkm\u00e9nistan, pour leur permettre d&rsquo;acheter des produits de qualit\u00e9 en vrac \u00e0 des prix avantageux.<\/p>\n\t\t\t\t\t\t\t\t<\/div>\n\t\t\t\t<\/div>\n\t\t<div class=\"elementor-element elementor-element-7101b12 e-con-full e-flex e-con e-child\" data-id=\"7101b12\" data-element_type=\"container\" data-e-type=\"container\">\n\t\t\t\t<div class=\"elementor-element elementor-element-42c5f26 elementor-widget elementor-widget-accordion\" data-id=\"42c5f26\" data-element_type=\"widget\" data-e-type=\"widget\" data-widget_type=\"accordion.default\">\n\t\t\t\t<div class=\"elementor-widget-container\">\n\t\t\t\t\t\t\t<div class=\"elementor-accordion\">\n\t\t\t\t\t\t\t<div class=\"elementor-accordion-item\">\n\t\t\t\t\t<h2 id=\"elementor-tab-title-7001\" class=\"elementor-tab-title\" data-tab=\"1\" role=\"button\" aria-controls=\"elementor-tab-content-7001\" aria-expanded=\"false\">\n\t\t\t\t\t\t\t\t\t\t\t\t\t<span class=\"elementor-accordion-icon elementor-accordion-icon-right\" aria-hidden=\"true\">\n\t\t\t\t\t\t\t\t\t\t\t\t\t\t\t<span class=\"elementor-accordion-icon-closed\"><svg class=\"e-font-icon-svg e-fas-caret-down\" viewBox=\"0 0 320 512\" xmlns=\"http:\/\/www.w3.org\/2000\/svg\"><path d=\"M31.3 192h257.3c17.8 0 26.7 21.5 14.1 34.1L174.1 354.8c-7.8 7.8-20.5 7.8-28.3 0L17.2 226.1C4.6 213.5 13.5 192 31.3 192z\"><\/path><\/svg><\/span>\n\t\t\t\t\t\t\t\t<span class=\"elementor-accordion-icon-opened\"><svg class=\"e-font-icon-svg e-fas-angle-up\" viewBox=\"0 0 320 512\" xmlns=\"http:\/\/www.w3.org\/2000\/svg\"><path d=\"M177 159.7l136 136c9.4 9.4 9.4 24.6 0 33.9l-22.6 22.6c-9.4 9.4-24.6 9.4-33.9 0L160 255.9l-96.4 96.4c-9.4 9.4-24.6 9.4-33.9 0L7 329.7c-9.4-9.4-9.4-24.6 0-33.9l136-136c9.4-9.5 24.6-9.5 34-.1z\"><\/path><\/svg><\/span>\n\t\t\t\t\t\t\t\t\t\t\t\t\t\t<\/span>\n\t\t\t\t\t\t\t\t\t\t\t\t<a class=\"elementor-accordion-title\" tabindex=\"0\">Mission de l'entreprise<\/a>\n\t\t\t\t\t<\/h2>\n\t\t\t\t\t<div id=\"elementor-tab-content-7001\" class=\"elementor-tab-content elementor-clearfix\" data-tab=\"1\" role=\"region\" aria-labelledby=\"elementor-tab-title-7001\"><ul>\n<li>Notre mission est d&rsquo;aider les entrepreneurs et les entreprises \u00e0 trouver des biens et des mati\u00e8res premi\u00e8res pour leurs activit\u00e9s \u00e0 des prix avantageux afin qu&rsquo;ils puissent construire et g\u00e9rer leurs activit\u00e9s \u00e0 l&rsquo;avantage de leurs clients, en r\u00e9alisant leurs r\u00eaves et en d\u00e9passant leurs attentes.<\/li>\n<li>Fournir des informations pr\u00e9cises et fiables sur les produits et les fournisseurs turkm\u00e8nes aux acheteurs mondiaux<\/li>\n<\/ul>\n<\/div>\n\t\t\t\t<\/div>\n\t\t\t\t\t\t\t<div class=\"elementor-accordion-item\">\n\t\t\t\t\t<h2 id=\"elementor-tab-title-7002\" class=\"elementor-tab-title\" data-tab=\"2\" role=\"button\" aria-controls=\"elementor-tab-content-7002\" aria-expanded=\"false\">\n\t\t\t\t\t\t\t\t\t\t\t\t\t<span class=\"elementor-accordion-icon elementor-accordion-icon-right\" aria-hidden=\"true\">\n\t\t\t\t\t\t\t\t\t\t\t\t\t\t\t<span class=\"elementor-accordion-icon-closed\"><svg class=\"e-font-icon-svg e-fas-caret-down\" viewBox=\"0 0 320 512\" xmlns=\"http:\/\/www.w3.org\/2000\/svg\"><path d=\"M31.3 192h257.3c17.8 0 26.7 21.5 14.1 34.1L174.1 354.8c-7.8 7.8-20.5 7.8-28.3 0L17.2 226.1C4.6 213.5 13.5 192 31.3 192z\"><\/path><\/svg><\/span>\n\t\t\t\t\t\t\t\t<span class=\"elementor-accordion-icon-opened\"><svg class=\"e-font-icon-svg e-fas-angle-up\" viewBox=\"0 0 320 512\" xmlns=\"http:\/\/www.w3.org\/2000\/svg\"><path d=\"M177 159.7l136 136c9.4 9.4 9.4 24.6 0 33.9l-22.6 22.6c-9.4 9.4-24.6 9.4-33.9 0L160 255.9l-96.4 96.4c-9.4 9.4-24.6 9.4-33.9 0L7 329.7c-9.4-9.4-9.4-24.6 0-33.9l136-136c9.4-9.5 24.6-9.5 34-.1z\"><\/path><\/svg><\/span>\n\t\t\t\t\t\t\t\t\t\t\t\t\t\t<\/span>\n\t\t\t\t\t\t\t\t\t\t\t\t<a class=\"elementor-accordion-title\" tabindex=\"0\">Valeurs de l'entreprise<\/a>\n\t\t\t\t\t<\/h2>\n\t\t\t\t\t<div id=\"elementor-tab-content-7002\" class=\"elementor-tab-content elementor-clearfix\" data-tab=\"2\" role=\"region\" aria-labelledby=\"elementor-tab-title-7002\"><ul>\n<li><strong>Qualit\u00e9:<\/strong> nos vendeurs de la place de march\u00e9 B2B sont des fabricants responsables, minutieusement v\u00e9rifi\u00e9s, poss\u00e9dant une vaste exp\u00e9rience et une approche responsable de leur activit\u00e9 et de leurs produits.<\/li>\n<li><strong>Fiabilit\u00e9:<\/strong> nos fabricants adh\u00e8rent au principe de coh\u00e9rence et de fiabilit\u00e9 dans tous les aspects de leur travail. L&rsquo;exportateur Turkm\u00e8ne contr\u00f4le l&rsquo;ex\u00e9cution de ses obligations et le respect des d\u00e9lais de toutes les transactions<\/li>\n<li><strong>Service:<\/strong> nous r\u00e9pondons rapidement \u00e0 toutes les demandes. Nous vous aidons \u00e0 r\u00e9diger tous les documents n\u00e9cessaires et \u00e0 s\u00e9lectionner une soci\u00e9t\u00e9 de logistique<\/li>\n<\/ul>\n<\/div>\n\t\t\t\t<\/div>\n\t\t\t\t\t\t\t<div class=\"elementor-accordion-item\">\n\t\t\t\t\t<h2 id=\"elementor-tab-title-7003\" class=\"elementor-tab-title\" data-tab=\"3\" role=\"button\" aria-controls=\"elementor-tab-content-7003\" aria-expanded=\"false\">\n\t\t\t\t\t\t\t\t\t\t\t\t\t<span class=\"elementor-accordion-icon elementor-accordion-icon-right\" aria-hidden=\"true\">\n\t\t\t\t\t\t\t\t\t\t\t\t\t\t\t<span class=\"elementor-accordion-icon-closed\"><svg class=\"e-font-icon-svg e-fas-caret-down\" viewBox=\"0 0 320 512\" xmlns=\"http:\/\/www.w3.org\/2000\/svg\"><path d=\"M31.3 192h257.3c17.8 0 26.7 21.5 14.1 34.1L174.1 354.8c-7.8 7.8-20.5 7.8-28.3 0L17.2 226.1C4.6 213.5 13.5 192 31.3 192z\"><\/path><\/svg><\/span>\n\t\t\t\t\t\t\t\t<span class=\"elementor-accordion-icon-opened\"><svg class=\"e-font-icon-svg e-fas-angle-up\" viewBox=\"0 0 320 512\" xmlns=\"http:\/\/www.w3.org\/2000\/svg\"><path d=\"M177 159.7l136 136c9.4 9.4 9.4 24.6 0 33.9l-22.6 22.6c-9.4 9.4-24.6 9.4-33.9 0L160 255.9l-96.4 96.4c-9.4 9.4-24.6 9.4-33.9 0L7 329.7c-9.4-9.4-9.4-24.6 0-33.9l136-136c9.4-9.5 24.6-9.5 34-.1z\"><\/path><\/svg><\/span>\n\t\t\t\t\t\t\t\t\t\t\t\t\t\t<\/span>\n\t\t\t\t\t\t\t\t\t\t\t\t<a class=\"elementor-accordion-title\" tabindex=\"0\">Avantages pour l'entreprise<\/a>\n\t\t\t\t\t<\/h2>\n\t\t\t\t\t<div id=\"elementor-tab-content-7003\" class=\"elementor-tab-content elementor-clearfix\" data-tab=\"3\" role=\"region\" aria-labelledby=\"elementor-tab-title-7003\"><ul>\n<li>Communication facile avec les vendeurs \u00e0 tout moment et en tout lieu<\/li>\n<li>Un march\u00e9 \u00e9tendu avec un grand nombre de produits et de fournisseurs<\/li>\n<li>Des prix vraiment favorables avec une qualit\u00e9 d\u00e9cente<\/li>\n<\/ul>\n<\/div>\n\t\t\t\t<\/div>\n\t\t\t\t\t\t\t\t\t\t<script type=\"application\/ld+json\">{\"@context\":\"https:\\\/\\\/schema.org\",\"@type\":\"FAQPage\",\"mainEntity\":[{\"@type\":\"Question\",\"name\":\"Mission de l'entreprise\",\"acceptedAnswer\":{\"@type\":\"Answer\",\"text\":\"<ul>\\n<li>Notre mission est d&rsquo;aider les entrepreneurs et les entreprises \\u00e0 trouver des biens et des mati\\u00e8res premi\\u00e8res pour leurs activit\\u00e9s \\u00e0 des prix avantageux afin qu&rsquo;ils puissent construire et g\\u00e9rer leurs activit\\u00e9s \\u00e0 l&rsquo;avantage de leurs clients, en r\\u00e9alisant leurs r\\u00eaves et en d\\u00e9passant leurs attentes.<\\\/li>\\n<li>Fournir des informations pr\\u00e9cises et fiables sur les produits et les fournisseurs turkm\\u00e8nes aux acheteurs mondiaux<\\\/li>\\n<\\\/ul>\\n\"}},{\"@type\":\"Question\",\"name\":\"Valeurs de l'entreprise\",\"acceptedAnswer\":{\"@type\":\"Answer\",\"text\":\"<ul>\\n<li><strong>Qualit\\u00e9:<\\\/strong> nos vendeurs de la place de march\\u00e9 B2B sont des fabricants responsables, minutieusement v\\u00e9rifi\\u00e9s, poss\\u00e9dant une vaste exp\\u00e9rience et une approche responsable de leur activit\\u00e9 et de leurs produits.<\\\/li>\\n<li><strong>Fiabilit\\u00e9:<\\\/strong> nos fabricants adh\\u00e8rent au principe de coh\\u00e9rence et de fiabilit\\u00e9 dans tous les aspects de leur travail. L&rsquo;exportateur Turkm\\u00e8ne contr\\u00f4le l&rsquo;ex\\u00e9cution de ses obligations et le respect des d\\u00e9lais de toutes les transactions<\\\/li>\\n<li><strong>Service:<\\\/strong> nous r\\u00e9pondons rapidement \\u00e0 toutes les demandes. Nous vous aidons \\u00e0 r\\u00e9diger tous les documents n\\u00e9cessaires et \\u00e0 s\\u00e9lectionner une soci\\u00e9t\\u00e9 de logistique<\\\/li>\\n<\\\/ul>\\n\"}},{\"@type\":\"Question\",\"name\":\"Avantages pour l'entreprise\",\"acceptedAnswer\":{\"@type\":\"Answer\",\"text\":\"<ul>\\n<li>Communication facile avec les vendeurs \\u00e0 tout moment et en tout lieu<\\\/li>\\n<li>Un march\\u00e9 \\u00e9tendu avec un grand nombre de produits et de fournisseurs<\\\/li>\\n<li>Des prix vraiment favorables avec une qualit\\u00e9 d\\u00e9cente<\\\/li>\\n<\\\/ul>\\n\"}}]}<\/script>\n\t\t\t\t\t<\/div>\n\t\t\t\t\t\t<\/div>\n\t\t\t\t<\/div>\n\t\t\t\t<\/div>\n\t\t\t\t<\/div>\n\t\t\t\t\t<\/div>\n\t\t\t\t<\/div>\n\t\t\t\t<\/div>\n\t\t","protected":false},"excerpt":{"rendered":"<p>Exportateur Turkm\u00e8ne est une place de march\u00e9 B2B en ligne qui met en relation des acheteurs du monde entier avec des fabricants du Turkm\u00e9nistan, pour leur permettre d&rsquo;acheter des produits de qualit\u00e9 en vrac \u00e0 des prix avantageux. Mission de l&rsquo;entreprise Notre mission est d&#8217;aider les entrepreneurs et les entreprises \u00e0 trouver des biens et [&hellip;]<\/p>\n","protected":false},"author":1,"featured_media":0,"parent":0,"menu_order":0,"comment_status":"closed","ping_status":"closed","template":"","meta":{"_acf_changed":false,"footnotes":""},"class_list":["post-2913","page","type-page","status-publish","hentry"],"acf":[],"_links":{"self":[{"href":"https:\/\/turkmenexporter.com\/fr\/wp-json\/wp\/v2\/pages\/2913","targetHints":{"allow":["GET"]}}],"collection":[{"href":"https:\/\/turkmenexporter.com\/fr\/wp-json\/wp\/v2\/pages"}],"about":[{"href":"https:\/\/turkmenexporter.com\/fr\/wp-json\/wp\/v2\/types\/page"}],"author":[{"embeddable":true,"href":"https:\/\/turkmenexporter.com\/fr\/wp-json\/wp\/v2\/users\/1"}],"replies":[{"embeddable":true,"href":"https:\/\/turkmenexporter.com\/fr\/wp-json\/wp\/v2\/comments?post=2913"}],"version-history":[{"count":3,"href":"https:\/\/turkmenexporter.com\/fr\/wp-json\/wp\/v2\/pages\/2913\/revisions"}],"predecessor-version":[{"id":2917,"href":"https:\/\/turkmenexporter.com\/fr\/wp-json\/wp\/v2\/pages\/2913\/revisions\/2917"}],"wp:attachment":[{"href":"https:\/\/turkmenexporter.com\/fr\/wp-json\/wp\/v2\/media?parent=2913"}],"curies":[{"name":"wp","href":"https:\/\/api.w.org\/{rel}","templated":true}]}}