{"id":2981,"date":"2023-12-19T12:59:23","date_gmt":"2023-12-19T07:59:23","guid":{"rendered":"https:\/\/turkmenexporter.com\/politique-en-matiere-de-cookies\/"},"modified":"2024-02-03T01:11:39","modified_gmt":"2024-02-02T20:11:39","slug":"politique-en-matiere-de-cookies","status":"publish","type":"page","link":"https:\/\/turkmenexporter.com\/fr\/politique-en-matiere-de-cookies\/","title":{"rendered":"Politique en mati\u00e8re de cookies"},"content":{"rendered":"\t\t<div data-elementor-type=\"wp-page\" data-elementor-id=\"2981\" class=\"elementor elementor-2981 elementor-1939\" data-elementor-post-type=\"page\">\n\t\t\t\t<div class=\"elementor-element elementor-element-129e8c8 e-flex e-con-boxed e-con e-parent\" data-id=\"129e8c8\" data-element_type=\"container\" data-e-type=\"container\" data-settings=\"{&quot;background_background&quot;:&quot;classic&quot;}\">\n\t\t\t\t\t<div class=\"e-con-inner\">\n\t\t<div class=\"elementor-element elementor-element-9be271b e-con-full e-flex e-con e-child\" data-id=\"9be271b\" data-element_type=\"container\" data-e-type=\"container\" data-settings=\"{&quot;background_background&quot;:&quot;classic&quot;}\">\n\t\t\t\t<div class=\"elementor-element elementor-element-83c1641 elementor-widget elementor-widget-heading\" data-id=\"83c1641\" data-element_type=\"widget\" data-e-type=\"widget\" data-widget_type=\"heading.default\">\n\t\t\t\t<div class=\"elementor-widget-container\">\n\t\t\t\t\t<h1 class=\"elementor-heading-title elementor-size-default\">Politique en mati\u00e8re de cookies<\/h1>\t\t\t\t<\/div>\n\t\t\t\t<\/div>\n\t\t<div class=\"elementor-element elementor-element-f7002bd e-con-full e-flex e-con e-child\" data-id=\"f7002bd\" data-element_type=\"container\" data-e-type=\"container\" data-settings=\"{&quot;background_background&quot;:&quot;classic&quot;}\">\n\t\t\t\t<div class=\"elementor-element elementor-element-66dea68 elementor-widget elementor-widget-text-editor\" data-id=\"66dea68\" data-element_type=\"widget\" data-e-type=\"widget\" data-widget_type=\"text-editor.default\">\n\t\t\t\t<div class=\"elementor-widget-container\">\n\t\t\t\t\t\t\t\t\t<p>Derni\u00e8re mise \u00e0 jour : 2024-19-12<\/p>\n<p>Turkmenexporter.com respecte vos pr\u00e9occupations en mati\u00e8re de protection de la vie priv\u00e9e et accorde une grande importance \u00e0 la relation que nous entretenons avec vous. Lorsque vous visitez ou acc\u00e9dez \u00e0 notre site Web, nous utilisons des cookies pour vous offrir une exp\u00e9rience optimale et un service plus personnalis\u00e9. En utilisant notre site Web, vous consentez \u00e0 ce que nous utilisions des cookies conform\u00e9ment \u00e0 la pr\u00e9sente politique en mati\u00e8re de cookies et \u00e0 notre politique de confidentialit\u00e9.<\/p>\n<p>La pr\u00e9sente politique en mati\u00e8re de cookies explique ce que sont les cookies, comment nous les utilisons et quels sont les avantages qu&rsquo;ils apportent, ce qui fait partie de notre politique de confidentialit\u00e9. Si vous n&rsquo;acceptez pas que nous utilisions des cookies de cette mani\u00e8re, vous devez r\u00e9gler les param\u00e8tres de votre navigateur en cons\u00e9quence, d\u00e9sactiver les cookies que nous utilisons ou ne pas utiliser du tout notre site Web. Si vous d\u00e9sactivez les cookies que nous utilisons, cela peut avoir un impact sur votre exp\u00e9rience d&rsquo;utilisateur sur le site Web.<\/p>\n<h2><strong>Qu&rsquo;est-ce qu&rsquo;un cookie ?<\/strong><\/h2>\n<p>Les cookies sont de petits fichiers texte (compos\u00e9s uniquement de lettres et de chiffres) qui sont envoy\u00e9s et stock\u00e9s sur votre ordinateur, votre smartphone ou tout autre appareil permettant d&rsquo;acc\u00e9der \u00e0 Internet, chaque fois que vous visitez un site web. Chaque cookie est propre \u00e0 votre navigateur web. Il contiendra des informations anonymes telles qu&rsquo;un identifiant unique, le nom du site web et quelques chiffres. Les cookies sont sp\u00e9cifiques au serveur qui les a cr\u00e9\u00e9s et ne sont pas accessibles \u00e0 d&rsquo;autres serveurs, ce qui signifie qu&rsquo;ils ne peuvent pas \u00eatre utilis\u00e9s pour suivre vos mouvements sur le web.<\/p>\n<p>La plupart des sites web que vous visitez utilisent des cookies afin d&rsquo;am\u00e9liorer votre exp\u00e9rience d&rsquo;utilisateur en permettant \u00e0 ce site web de se \u00ab\u00a0souvenir\u00a0\u00bb de vous, soit pour la dur\u00e9e de votre visite (\u00e0 l&rsquo;aide d&rsquo;un \u00ab\u00a0cookie de session\u00a0\u00bb), soit pour des visites r\u00e9p\u00e9t\u00e9es (\u00e0 l&rsquo;aide d&rsquo;un \u00ab\u00a0cookie persistant\u00a0\u00bb).<\/p>\n<p>Turkmenexporter.com utilise des cookies pour diverses raisons, notamment pour compiler des statistiques anonymes et agr\u00e9g\u00e9es qui nous permettent de comprendre comment les gens utilisent notre site Web et nous aident \u00e0 am\u00e9liorer sa structure et son contenu, ainsi qu&rsquo;\u00e0 mesurer l&rsquo;efficacit\u00e9 des campagnes publicitaires, \u00e0 des fins de test et \u00e0 d&rsquo;autres fins.<\/p>\n<p>Les cookies peuvent \u00eatre install\u00e9s par le site web que vous visitez (\u00ab\u00a0cookies de premi\u00e8re partie\u00a0\u00bb) ou par d&rsquo;autres sites web qui g\u00e8rent le contenu de la page que vous consultez (\u00ab\u00a0cookies de tierce partie\u00a0\u00bb).<\/p>\n<p>Nous ne vendons pas les informations collect\u00e9es par les cookies et nous ne les divulguons pas \u00e0 des tiers, sauf si la loi l&rsquo;exige (par exemple, aux organismes gouvernementaux et aux autorit\u00e9s charg\u00e9es de l&rsquo;application de la loi).<\/p>\n<h2><strong>Quels sont les cookies que nous utilisons ?<\/strong><\/h2>\n<p><strong>Strictement n\u00e9cessaire.<\/strong> Ces cookies sont essentiels au bon fonctionnement de notre site web et vous permettent d&rsquo;utiliser nos fonctionnalit\u00e9s.<\/p>\n<ul>\n<li>Ces cookies collectent-ils des donn\u00e9es personnelles ou m&rsquo;identifient-ils ?<\/li>\n<li>Ces cookies ne vous identifient pas en tant qu&rsquo;individu. Si vous n&rsquo;acceptez pas ces cookies, cela peut affecter les performances du site Web ou de certaines parties de celui-ci.<\/li>\n<\/ul>\n<p><strong>Cookies de performance.<\/strong> Ces cookies recueillent des informations sur la fa\u00e7on dont vous utilisez notre site web, par exemple le temps pass\u00e9 sur notre site web et les probl\u00e8mes rencontr\u00e9s, tels que les messages d&rsquo;erreur. Cela nous aide \u00e0 am\u00e9liorer les performances de notre site Web.<\/p>\n<ul>\n<li>Ces cookies collectent-ils des donn\u00e9es personnelles ou m&rsquo;identifient-ils ?<\/li>\n<li>Ces cookies ne vous identifient pas en tant qu&rsquo;individu. Toutes les informations collect\u00e9es par ces cookies sont agr\u00e9g\u00e9es et donc anonymes. Elles ne sont utilis\u00e9es que pour am\u00e9liorer le fonctionnement d&rsquo;un site Web.<\/li>\n<\/ul>\n<p><strong>Fonctionnalit\u00e9 Cookies.<\/strong> Ces cookies permettent \u00e0 nos sites Web de se souvenir des choix que vous faites (par exemple, la langue) afin de vous offrir une exp\u00e9rience en ligne plus personnalis\u00e9e.<\/p>\n<ul>\n<li>Ces cookies collectent-ils des donn\u00e9es personnelles ou m&rsquo;identifient-ils ?<\/li>\n<li>Les informations collect\u00e9es par ces cookies peuvent inclure des donn\u00e9es personnelles que vous avez divulgu\u00e9es. Si vous n&rsquo;acceptez pas ces cookies, cela peut affecter les performances et la fonctionnalit\u00e9 du site web et peut restreindre l&rsquo;acc\u00e8s au contenu du site web.<\/li>\n<\/ul>\n<table width=\"690\">\n<thead>\n<tr>\n<td width=\"132\">\n<p><strong>Nom<\/strong><\/p>\n<\/td>\n<td width=\"274\">\n<p><strong>Description<\/strong><\/p>\n<\/td>\n<td width=\"132\">\n<p><strong>Cat\u00e9gorie<\/strong><\/p>\n<\/td>\n<td width=\"151\">\n<p><strong>Expiration<\/strong><\/p>\n<\/td>\n<\/tr>\n<\/thead>\n<tbody>\n<tr>\n<td width=\"132\">\n<p>ymex<\/p>\n<\/td>\n<td width=\"274\">\n<p>Enregistre des donn\u00e9es sur le comportement des visiteurs du site web.<\/p>\n<\/td>\n<td width=\"132\">\n<p>Strictement n\u00e9cessaire<\/p>\n<\/td>\n<td width=\"151\">\n<p>Fin de la session du navigateur<\/p>\n<\/td>\n<\/tr>\n<tr>\n<td width=\"132\">\n<p>yabs-sid<\/p>\n<\/td>\n<td width=\"274\">\n<p>ID de la session<\/p>\n<\/td>\n<td width=\"132\">\n<p>Strictement n\u00e9cessaire<\/p>\n<\/td>\n<td width=\"151\">\n<p>Fin de la session du navigateur<\/p>\n<\/td>\n<\/tr>\n<tr>\n<td width=\"132\">\n<p>yandexuid<\/p>\n<\/td>\n<td width=\"274\">\n<p>Enregistre des donn\u00e9es sur le comportement des visiteurs du site web<\/p>\n<\/td>\n<td width=\"132\">\n<p>Strictement n\u00e9cessaire<\/p>\n<\/td>\n<td width=\"151\">\n<p>Fin de la session du navigateur<\/p>\n<\/td>\n<\/tr>\n<tr>\n<td width=\"132\">\n<p>i<\/p>\n<\/td>\n<td width=\"274\">\n<p>Utilis\u00e9 pour identifier les utilisateurs du site<\/p>\n<\/td>\n<td width=\"132\">\n<p>Strictement n\u00e9cessaire<\/p>\n<\/td>\n<td width=\"151\">\n<p>1 minute<\/p>\n<\/td>\n<\/tr>\n<tr>\n<td width=\"132\">\n<p>_____dc<\/p>\n<\/td>\n<td width=\"274\">\n<p>Enregistre des donn\u00e9es sur le comportement des visiteurs du site web<\/p>\n<\/td>\n<td width=\"132\">\n<p>Strictement n\u00e9cessaire<\/p>\n<\/td>\n<td width=\"151\">\n<p>1 jour<\/p>\n<\/td>\n<\/tr>\n<tr>\n<td width=\"132\">\n<p>yuidss<\/p>\n<\/td>\n<td width=\"274\">\n<p>Collecte d&rsquo;informations sur le comportement des visiteurs<\/p>\n<\/td>\n<td width=\"132\">\n<p>Strictement n\u00e9cessaire<\/p>\n<\/td>\n<td width=\"151\">\n<p>2 jours<\/p>\n<\/td>\n<\/tr>\n<tr>\n<td width=\"132\">\n<p>client_code<\/p>\n<\/td>\n<td width=\"274\">\n<p>Utilis\u00e9 pour distinguer les utilisateurs<\/p>\n<\/td>\n<td width=\"132\">\n<p>Strictement n\u00e9cessaire<\/p>\n<\/td>\n<td width=\"151\">\n<p>1 mois<\/p>\n<\/td>\n<\/tr>\n<tr>\n<td width=\"132\">\n<p>_ym_visorc_61577842<\/p>\n<\/td>\n<td width=\"274\">\n<p>Enregistre des donn\u00e9es sur le comportement des visiteurs sur le site web<\/p>\n<\/td>\n<td width=\"132\">\n<p>Strictement n\u00e9cessaire<\/p>\n<\/td>\n<td width=\"151\">\n<p>1 mois<\/p>\n<\/td>\n<\/tr>\n<tr>\n<td width=\"132\">\n<p>_ym_isad<\/p>\n<\/td>\n<td width=\"274\">\n<p>D\u00e9termine si un utilisateur a des bloqueurs de publicit\u00e9<\/p>\n<\/td>\n<td width=\"132\">\n<p>Strictement n\u00e9cessaire<\/p>\n<\/td>\n<td width=\"151\">\n<p>2 jours<\/p>\n<\/td>\n<\/tr>\n<tr>\n<td width=\"132\">\n<p>_ym_uid<\/p>\n<\/td>\n<td width=\"274\">\n<p>Utilis\u00e9 pour identifier les utilisateurs du site<\/p>\n<\/td>\n<td width=\"132\">\n<p>Strictement n\u00e9cessaire<\/p>\n<\/td>\n<td width=\"151\">\n<p>1 an<\/p>\n<\/td>\n<\/tr>\n<tr>\n<td width=\"132\">\n<p>roistat_first_visit<\/p>\n<\/td>\n<td width=\"274\">\n<p>Utilis\u00e9 pour identifier les utilisateurs du site<\/p>\n<\/td>\n<td width=\"132\">\n<p>Strictement n\u00e9cessaire<\/p>\n<\/td>\n<td width=\"151\">\n<p>1 an<\/p>\n<\/td>\n<\/tr>\n<tr>\n<td width=\"132\">\n<p>roistat_marker_old<\/p>\n<\/td>\n<td width=\"274\">\n<p>Utilis\u00e9 pour identifier les utilisateurs du site<\/p>\n<\/td>\n<td width=\"132\">\n<p>Strictement n\u00e9cessaire<\/p>\n<\/td>\n<td width=\"151\">\n<p>1 an<\/p>\n<\/td>\n<\/tr>\n<tr>\n<td width=\"132\">\n<p>_ym_d<\/p>\n<\/td>\n<td width=\"274\">\n<p>Enregistre la date de la premi\u00e8re session de l&rsquo;utilisateur sur le site<\/p>\n<\/td>\n<td width=\"132\">\n<p>Strictement n\u00e9cessaire<\/p>\n<\/td>\n<td width=\"151\">\n<p>2 ans<\/p>\n<\/td>\n<\/tr>\n<tr>\n<td width=\"132\">\n<p>roistat_is_need_listen_requests<\/p>\n<\/td>\n<td width=\"274\">\n<p>Utilis\u00e9 pour identifier les utilisateurs du site<\/p>\n<\/td>\n<td width=\"132\">\n<p>En option<\/p>\n<\/td>\n<td width=\"151\">\n<p>10 ans<\/p>\n<\/td>\n<\/tr>\n<tr>\n<td width=\"132\">\n<p>_ga<\/p>\n<\/td>\n<td width=\"274\">\n<p>Utilis\u00e9 pour distinguer les utilisateurs<\/p>\n<\/td>\n<td width=\"132\">\n<p>En option<\/p>\n<\/td>\n<td width=\"151\">\n<p>10 ans<\/p>\n<\/td>\n<\/tr>\n<tr>\n<td width=\"132\">\n<p>roistat_visit_cookie_expire<\/p>\n<\/td>\n<td width=\"274\">\n<p>Utilis\u00e9 pour identifier les utilisateurs du site<\/p>\n<\/td>\n<td width=\"132\">\n<p>En option<\/p>\n<\/td>\n<td width=\"151\">\n<p>10 ans<\/p>\n<\/td>\n<\/tr>\n<tr>\n<td width=\"132\">\n<p>_gid<\/p>\n<\/td>\n<td width=\"274\">\n<p>Utilis\u00e9 pour distinguer les utilisateurs<\/p>\n<\/td>\n<td width=\"132\">\n<p>En option<\/p>\n<\/td>\n<td width=\"151\">\n<p>10 ans<\/p>\n<\/td>\n<\/tr>\n<tr>\n<td width=\"132\">\n<p>roistat_visit<\/p>\n<\/td>\n<td width=\"274\"> <\/td>\n<td width=\"132\">\n<p>En option<\/p>\n<\/td>\n<td width=\"151\">\n<p>10 ans<\/p>\n<\/td>\n<\/tr>\n<\/tbody>\n<\/table>\n<p>Vous avez la possibilit\u00e9 de refuser que votre historique de navigation anonyme soit enregistr\u00e9 dans les cookies analytiques de notre site Web. Nous utilisons les services des fournisseurs \u00e9num\u00e9r\u00e9s ci-dessous. Vous pouvez en savoir plus sur leur politique de confidentialit\u00e9 et d\u00e9couvrir comment vous pouvez refuser leurs cookies analytiques en cliquant sur les liens suivants:<\/p>\n<ul>\n<li>Google Analytics: <a href=\"http:\/\/www.google.com\/analytics\/learn\/privacy.html\" target=\"_blank\" rel=\"noopener\">http:\/\/www.google.com\/analytics\/learn\/privacy.html<\/a><\/li>\n<li>Metrica: <a href=\"https:\/\/metrica.yandex.com\/about\/info\/data-policy\/\" target=\"_blank\" rel=\"noopener\">https:\/\/metrica.yandex.com\/about\/info\/data-policy\/<\/a><\/li>\n<\/ul>\n<p>Vous pouvez \u00e9galement consulter les politiques de confidentialit\u00e9 des services que nous utilisons pour collecter des donn\u00e9es:<\/p>\n<ul>\n<li>Roistat: <a href=\"https:\/\/roistat.com\/ru\/privacy\" target=\"_blank\" rel=\"noopener\">https:\/\/roistat.com\/ru\/privacy<\/a><\/li>\n<li>Amocrm: <a href=\"https:\/\/www.amocrm.com\/privacy\/\" target=\"_blank\" rel=\"noopener\">https:\/\/www.amocrm.com\/privacy\/<\/a><\/li>\n<\/ul>\n<h2><strong>Dur\u00e9e du cookie que nous utilisons<\/strong><\/h2>\n<p>En termes de dur\u00e9e, nous pouvons utiliser deux types de cookies diff\u00e9rents sur notre site web<\/p>\n<ul>\n<li>Ces cookies sont des cookies temporaires qui restent sur votre appareil jusqu&rsquo;\u00e0 ce que vous quittiez notre site Web ; ou <\/li>\n<li>Ces cookies restent sur votre appareil pendant beaucoup plus longtemps ou jusqu&rsquo;\u00e0 ce que vous les supprimiez manuellement (la dur\u00e9e pendant laquelle le cookie reste sur votre appareil d\u00e9pend de la dur\u00e9e ou de la \u00ab\u00a0dur\u00e9e de vie\u00a0\u00bb du cookie sp\u00e9cifique, ainsi que des param\u00e8tres de votre navigateur).<\/li>\n<\/ul>\n<h2><strong>Comment g\u00e9rer vos param\u00e8tres de cookies<\/strong><\/h2>\n<p>Vous pouvez g\u00e9rer et contr\u00f4ler vos param\u00e8tres de cookies de diff\u00e9rentes mani\u00e8res. N&rsquo;oubliez pas qu&rsquo;en supprimant ou en bloquant les cookies, certaines fonctionnalit\u00e9s du site Web peuvent ne pas fonctionner correctement ou efficacement.<\/p>\n<p>D\u00e9sactiver les cookies via votre navigateur web.<\/p>\n<p>La plupart des navigateurs web vous fourniront des informations g\u00e9n\u00e9rales sur les cookies, vous permettront de voir quels cookies sont stock\u00e9s sur votre appareil, vous permettront de les supprimer tous ou individuellement, et vous permettront de bloquer ou d&rsquo;autoriser les cookies pour tous les sites web ou pour des sites web s\u00e9lectionn\u00e9s individuellement. Veuillez noter que les param\u00e8tres propos\u00e9s par un navigateur ou un appareil ne s&rsquo;appliquent souvent qu&rsquo;\u00e0 ce navigateur ou \u00e0 cet appareil particulier.<\/p>\n<p>Pour en savoir plus sur les cookies, notamment pour savoir quels cookies ont \u00e9t\u00e9 install\u00e9s et comment les g\u00e9rer et les supprimer, consultez <a href=\"https:\/\/www.allaboutcookies.org\/\" target=\"_blank\" rel=\"noopener\">www.allaboutcookies.org.<\/a><\/p>\n\t\t\t\t\t\t\t\t<\/div>\n\t\t\t\t<\/div>\n\t\t\t\t<\/div>\n\t\t\t\t<\/div>\n\t\t\t\t\t<\/div>\n\t\t\t\t<\/div>\n\t\t\t\t<\/div>\n\t\t","protected":false},"excerpt":{"rendered":"<p>Politique en mati\u00e8re de cookies Derni\u00e8re mise \u00e0 jour : 2024-19-12 Turkmenexporter.com respecte vos pr\u00e9occupations en mati\u00e8re de protection de la vie priv\u00e9e et accorde une grande importance \u00e0 la relation que nous entretenons avec vous. Lorsque vous visitez ou acc\u00e9dez \u00e0 notre site Web, nous utilisons des cookies pour vous offrir une exp\u00e9rience optimale [&hellip;]<\/p>\n","protected":false},"author":1,"featured_media":0,"parent":0,"menu_order":0,"comment_status":"closed","ping_status":"closed","template":"","meta":{"_acf_changed":false,"footnotes":""},"class_list":["post-2981","page","type-page","status-publish","hentry"],"acf":[],"_links":{"self":[{"href":"https:\/\/turkmenexporter.com\/fr\/wp-json\/wp\/v2\/pages\/2981","targetHints":{"allow":["GET"]}}],"collection":[{"href":"https:\/\/turkmenexporter.com\/fr\/wp-json\/wp\/v2\/pages"}],"about":[{"href":"https:\/\/turkmenexporter.com\/fr\/wp-json\/wp\/v2\/types\/page"}],"author":[{"embeddable":true,"href":"https:\/\/turkmenexporter.com\/fr\/wp-json\/wp\/v2\/users\/1"}],"replies":[{"embeddable":true,"href":"https:\/\/turkmenexporter.com\/fr\/wp-json\/wp\/v2\/comments?post=2981"}],"version-history":[{"count":1,"href":"https:\/\/turkmenexporter.com\/fr\/wp-json\/wp\/v2\/pages\/2981\/revisions"}],"predecessor-version":[{"id":2983,"href":"https:\/\/turkmenexporter.com\/fr\/wp-json\/wp\/v2\/pages\/2981\/revisions\/2983"}],"wp:attachment":[{"href":"https:\/\/turkmenexporter.com\/fr\/wp-json\/wp\/v2\/media?parent=2981"}],"curies":[{"name":"wp","href":"https:\/\/api.w.org\/{rel}","templated":true}]}}