{"id":2997,"date":"2023-12-19T13:53:39","date_gmt":"2023-12-19T08:53:39","guid":{"rendered":"https:\/\/turkmenexporter.com\/politique-de-confidentialite\/"},"modified":"2024-02-03T02:58:13","modified_gmt":"2024-02-02T21:58:13","slug":"politique-de-confidentialite","status":"publish","type":"page","link":"https:\/\/turkmenexporter.com\/fr\/politique-de-confidentialite\/","title":{"rendered":"Politique de confidentialit\u00e9"},"content":{"rendered":"\t\t<div data-elementor-type=\"wp-page\" data-elementor-id=\"2997\" class=\"elementor elementor-2997 elementor-1951\" data-elementor-post-type=\"page\">\n\t\t\t\t<div class=\"elementor-element elementor-element-5f4f763 e-flex e-con-boxed e-con e-parent\" data-id=\"5f4f763\" data-element_type=\"container\" data-e-type=\"container\" data-settings=\"{&quot;background_background&quot;:&quot;classic&quot;}\">\n\t\t\t\t\t<div class=\"e-con-inner\">\n\t\t<div class=\"elementor-element elementor-element-4ebc213 e-con-full e-flex e-con e-child\" data-id=\"4ebc213\" data-element_type=\"container\" data-e-type=\"container\" data-settings=\"{&quot;background_background&quot;:&quot;classic&quot;}\">\n\t\t\t\t<div class=\"elementor-element elementor-element-12232c0 elementor-widget elementor-widget-heading\" data-id=\"12232c0\" data-element_type=\"widget\" data-e-type=\"widget\" data-widget_type=\"heading.default\">\n\t\t\t\t<div class=\"elementor-widget-container\">\n\t\t\t\t\t<h1 class=\"elementor-heading-title elementor-size-default\">Politique de confidentialit\u00e9 <\/h1>\t\t\t\t<\/div>\n\t\t\t\t<\/div>\n\t\t<div class=\"elementor-element elementor-element-c01eb33 e-con-full e-flex e-con e-child\" data-id=\"c01eb33\" data-element_type=\"container\" data-e-type=\"container\" data-settings=\"{&quot;background_background&quot;:&quot;classic&quot;}\">\n\t\t\t\t<div class=\"elementor-element elementor-element-35e887c elementor-widget elementor-widget-text-editor\" data-id=\"35e887c\" data-element_type=\"widget\" data-e-type=\"widget\" data-widget_type=\"text-editor.default\">\n\t\t\t\t<div class=\"elementor-widget-container\">\n\t\t\t\t\t\t\t\t\t<p>Derni\u00e8re mise \u00e0 jour : 19-12-2024<\/p>\n<p>Bienvenue dans la politique de confidentialit\u00e9 de turkmenexporter.com! Nous expliquons ici quelles sont les donn\u00e9es que nous collectons lorsque vous visitez et utilisez notre site web. Nous expliquons \u00e9galement pourquoi nous collectons ces donn\u00e9es et avec qui elles sont partag\u00e9es. Veuillez en prendre connaissance et nous contacter si vous avez des questions concernant ce document.<\/p>\n<p>Turkmenexporter.com, \u00ab\u00a0<strong>nous<\/strong>\u00a0\u00bb ou \u00ab\u00a0<strong>us<\/strong>\u00a0\u00bb s&rsquo;engage \u00e0 prot\u00e9ger les donn\u00e9es personnelles collect\u00e9es ou re\u00e7ues des visiteurs \u00ab\u00a0<strong>Visiteurs<\/strong>\u00a0\u00bb du site Internet turkmenexporter.com \u00ab\u00a0Site Internet\u00a0\u00bb. Nous sommes enregistr\u00e9s \u00e0 Archabil shayoly 54, Ashgabat, Turkmenistan.<\/p>\n<p>Dans cette politique de confidentialit\u00e9, \u00ab\u00a0<strong>Politique<\/strong>\u00a0\u00bb nous expliquons comment vos donn\u00e9es personnelles, c&rsquo;est-\u00e0-dire toute information vous concernant en tant que personne physique identifi\u00e9e ou identifiable \u00ab\u00a0<strong>Donn\u00e9es personnelles<\/strong>\u00ab\u00a0, que nous pouvons d\u00e9tenir \u00e0 votre sujet, sont collect\u00e9es, utilis\u00e9es, stock\u00e9es, divulgu\u00e9es et supprim\u00e9es (chacune d&rsquo;entre elles \u00e9tant appel\u00e9e \u00ab\u00a0<strong>traitement<\/strong>\u00ab\u00a0).<\/p>\n<p>La pr\u00e9sente politique ne s&rsquo;applique qu&rsquo;aux informations que nous traitons lorsque vous utilisez notre site web. Elle ne s&rsquo;applique pas aux pratiques des entreprises que nous ne poss\u00e9dons pas ou ne contr\u00f4lons pas, ni aux employ\u00e9s que nous ne g\u00e9rons pas. Veuillez ne pas nous fournir de donn\u00e9es personnelles si vous ne souhaitez pas que nous les utilisions de cette mani\u00e8re.<\/p>\n<p>Nous pouvons mettre \u00e0 jour la pr\u00e9sente politique de temps \u00e0 autre et nous vous informerons des modifications de la pr\u00e9sente politique affectant vos droits en les publiant sur notre site web. Les modifications entreront en vigueur d\u00e8s qu&rsquo;elles seront publi\u00e9es sur la page \u00ab\u00a0Politique\u00a0\u00bb.<\/p>\n<ol>\n<li><strong>Vue d&rsquo;ensemble<\/strong><\/li>\n<\/ol>\n<p>Nous pouvons collecter, stocker et utiliser des informations conform\u00e9ment \u00e0 la loi sur la protection des donn\u00e9es de 2018 (la DPA) et \u00e0 toute autre l\u00e9gislation et r\u00e9glementation pertinente.<\/p>\n<p>Aux fins du RGPD, nous sommes le responsable du traitement de toutes les donn\u00e9es personnelles que nous traitons \u00e0 votre sujet.<\/p>\n<ol start=\"2\">\n<li><strong>Quelles sont les donn\u00e9es personnelles collect\u00e9es et leur finalit\u00e9 ?<\/strong><\/li>\n<\/ol>\n<p>Lors de chacune de vos visites sur le site web, nous collecterons automatiquement les donn\u00e9es personnelles suivantes:<\/p>\n<ul>\n<li>Informations techniques, y compris l&rsquo;adresse IP (Internet Protocol) utilis\u00e9e pour connecter votre ordinateur \u00e0 Internet, le type et la version du navigateur, le fuseau horaire, les types et versions des plug-ins du navigateur, le syst\u00e8me d&rsquo;exploitation et la plate-forme;<\/li>\n<li>Les informations relatives \u00e0 votre visite sur le site web, y compris le parcours complet des URL (Uniform Resource Locators) vers, \u00e0 travers et \u00e0 partir du site web (y compris la date et l&rsquo;heure) ; les produits que vous avez consult\u00e9s ou recherch\u00e9s ; les erreurs de t\u00e9l\u00e9chargement, la dur\u00e9e des visites sur le site web et les m\u00e9thodes utilis\u00e9es pour naviguer en dehors de la page.<\/li>\n<\/ul>\n<p>Nous recueillons ces informations afin d&rsquo;am\u00e9liorer notre site web, de remplir nos objectifs administratifs, de prot\u00e9ger nos int\u00e9r\u00eats commerciaux, de r\u00e9aliser des \u00e9tudes de march\u00e9, des analyses, des tests et des contr\u00f4les.<\/p>\n<p>Pour plus d&rsquo;informations, veuillez consulter notre <u><a href=\"https:\/\/turkmenexporter.com\/fr\/politique-en-matiere-de-cookies\/\">Politique en mati\u00e8re de cookies.<\/a><\/u><\/p>\n<p>Nous recueillerons votre num\u00e9ro de t\u00e9l\u00e9phone si vous souhaitez envoyer une demande de connexion. Nous collectons ces donn\u00e9es personnelles afin d&rsquo;\u00e9tablir un contact et de communiquer avec vous, ainsi que pour nos propres besoins internes de conservation des donn\u00e9es.<\/p>\n<p>Si vous vous opposez \u00e0 l&rsquo;utilisation de vos donn\u00e9es personnelles pour atteindre l&rsquo;une des finalit\u00e9s \u00e9nonc\u00e9es ci-dessus, veuillez nous contacter. Bien que votre d\u00e9cision de nous fournir vos donn\u00e9es personnelles soit g\u00e9n\u00e9ralement volontaire, si vous ne fournissez pas certaines informations, nous pourrions ne pas \u00eatre en mesure d&rsquo;atteindre certains des objectifs d\u00e9crits dans la pr\u00e9sente politique. Par exemple, il se peut que nous ne puissions pas vous contacter si nous ne connaissons pas votre num\u00e9ro de t\u00e9l\u00e9phone.<\/p>\n<p>Nous pouvons collecter d&rsquo;autres types de donn\u00e9es \u00e0 caract\u00e8re personnel dans des circonstances exceptionnelles uniquement. Si nous devons traiter d&rsquo;autres types de donn\u00e9es \u00e0 caract\u00e8re personnel vous concernant, nous veillerons \u00e0 ce que vous soyez inform\u00e9 du traitement de vos donn\u00e9es \u00e0 caract\u00e8re personnel et \u00e0 ce qu&rsquo;il existe une base juridique valable pour ce faire (par exemple, votre consentement).<\/p>\n<ol start=\"3\">\n<li><strong>Quelle est la base juridique de l&rsquo;utilisation des donn\u00e9es personnelles ?<\/strong>\n<ul>\n<li>Int\u00e9r\u00eats l\u00e9gitimes : Si nous l&rsquo;exigeons pour poursuivre nos propres int\u00e9r\u00eats l\u00e9gitimes, en particulier:\n<ul>\n<li>de communiquer avec vous;<\/li>\n<li>pour nous aider \u00e0 contr\u00f4ler, am\u00e9liorer, administrer et prot\u00e9ger notre site Web;<\/li>\n<li>pour mesurer ou comprendre l&rsquo;efficacit\u00e9 de la publicit\u00e9 que nous diffusons \u00e0 votre intention et \u00e0 celle d&rsquo;autres personnes.<\/li>\n<\/ul>\n<\/li>\n<li>Consentement : Sous r\u00e9serve de ce qui suit, nous vous contacterons et vous enverrons des propositions commerciales. Ces informations ne seront envoy\u00e9es que si vous nous en avez donn\u00e9 l&rsquo;autorisation.<\/li>\n<\/ul>\n<\/li>\n<li><strong>Comment assurons-nous la s\u00e9curit\u00e9 de vos donn\u00e9es personnelles ?<\/strong><\/li>\n<\/ol>\n<p>Nous comprenons l&rsquo;importance de la s\u00e9curit\u00e9 de vos donn\u00e9es personnelles. Nous avons mis en \u0153uvre un certain nombre de mesures techniques, organisationnelles et administratives pour assurer la confidentialit\u00e9, l&rsquo;int\u00e9grit\u00e9, la disponibilit\u00e9 et le caract\u00e8re priv\u00e9 de vos donn\u00e9es personnelles et pour les prot\u00e9ger contre la perte, le vol, l&rsquo;acc\u00e8s non autoris\u00e9, l&rsquo;utilisation abusive, l&rsquo;alt\u00e9ration ou la destruction, qui sont g\u00e9n\u00e9ralement accept\u00e9es par l&rsquo;industrie pour prot\u00e9ger les donn\u00e9es personnelles en sa possession. Par exemple, nos syst\u00e8mes informatiques sont prot\u00e9g\u00e9s par des pare-feu, des mises \u00e0 jour r\u00e9guli\u00e8res des logiciels et des protections antivirus. Si nous avons connaissance d&rsquo;une violation de donn\u00e9es, nous en informerons l&rsquo;Information Commissioner&rsquo;s Office (bureau du commissaire \u00e0 l&rsquo;information) dans les meilleurs d\u00e9lais. Nous pouvons \u00e9galement vous avertir si nous pensons que la violation est grave.<\/p>\n<ol start=\"5\">\n<li><strong>Combien de temps conservons-nous vos donn\u00e9es personnelles ?<\/strong><\/li>\n<\/ol>\n<p>En vertu des lois sur la protection des donn\u00e9es, nous ne pouvons pas conserver vos informations personnelles sous une forme permettant de vous identifier plus longtemps que n\u00e9cessaire pour atteindre les objectifs pour lesquels nous les avons collect\u00e9es. Il peut s&rsquo;agir notamment de satisfaire \u00e0 des exigences l\u00e9gales, comptables ou d&rsquo;\u00e9tablissement de rapports.<\/p>\n<p>Nous conservons votre num\u00e9ro de t\u00e9l\u00e9phone pendant 1 (un) an.<\/p>\n<p>Afin de d\u00e9terminer la dur\u00e9e de conservation de vos donn\u00e9es \u00e0 caract\u00e8re personnel, nous prenons en consid\u00e9ration les raisons pour lesquelles nous devons continuer \u00e0 conserver vos donn\u00e9es \u00e0 caract\u00e8re personnel, si nous pouvons obtenir le m\u00eame r\u00e9sultat sans avoir acc\u00e8s \u00e0 vos donn\u00e9es, et quel est le risque potentiel en cas de violation de donn\u00e9es affectant vos donn\u00e9es.<\/p>\n<p>En ce qui concerne les informations techniques et les informations relatives \u00e0 votre visite sur le site Web, nous rendons ces donn\u00e9es anonymes, ce qui signifie qu&rsquo;elles ne sont plus associ\u00e9es \u00e0 vous. Nous le faisons \u00e0 des fins statistiques ou de recherche afin d&rsquo;am\u00e9liorer le site Web que nous vous proposons. Nous pouvons utiliser les donn\u00e9es anonymes ind\u00e9finiment sans vous en informer.<\/p>\n<ol start=\"6\">\n<li><strong>Avec qui vos donn\u00e9es personnelles seront-elles partag\u00e9es ?<\/strong><\/li>\n<\/ol>\n<p>Nous pouvons partager vos donn\u00e9es personnelles avec :<\/p>\n<ul>\n<li>Vous ou les personnes agissant en votre nom;<\/li>\n<li>les soci\u00e9t\u00e9s ou autres entit\u00e9s de notre groupe sous contr\u00f4le commun aux fins d\u00e9crites dans la pr\u00e9sente politique et toujours en conformit\u00e9 avec les termes de la pr\u00e9sente politique ;<\/li>\n<li>\u00e0 toute tierce partie \u00e0 laquelle nous pensons \u00eatre tenus, en vertu de la loi, de divulguer les informations ; et<\/li>\n<li>\u00c0 tout tiers pour prot\u00e9ger et d\u00e9fendre nos droits, ou les droits ou la s\u00e9curit\u00e9 de tiers, y compris pour se d\u00e9fendre contre des actions en justice.<\/li>\n<\/ul>\n<p>Ce partage se fera aux fins \u00e9nonc\u00e9es ci-dessus ou pour se conformer \u00e0 des obligations l\u00e9gales sp\u00e9cifiques auxquelles nous sommes soumis.<\/p>\n<p>Nous utilisons des garanties appropri\u00e9es pour prot\u00e9ger les donn\u00e9es personnelles qui sont transf\u00e9r\u00e9es vers des pays situ\u00e9s en dehors de l&rsquo;Espace \u00e9conomique europ\u00e9en qui sont consid\u00e9r\u00e9s comme offrant un niveau de protection inf\u00e9rieur pour les informations personnelles.<\/p>\n<\/p>\n<ol start=\"7\">\n<li><strong>Transferts internationaux de donn\u00e9es<\/strong><\/li>\n<\/ol>\n<p>Nous stockons vos informations principalement dans l&rsquo;Espace \u00e9conomique europ\u00e9en. Toutefois, certaines fonctionnalit\u00e9s et exigences peuvent impliquer le transfert de vos informations \u00e0 des tiers situ\u00e9s en dehors de l&rsquo;Espace \u00e9conomique europ\u00e9en. Nous avons d\u00e9crit tous ces tiers ci-dessus dans la section \u00ab\u00a0Avec qui vos donn\u00e9es personnelles seront-elles partag\u00e9es ?\u00a0\u00bb Lorsque ces tiers ne sont pas \u00e9tablis dans un pays assurant un niveau de protection ad\u00e9quat au sens du r\u00e8glement (UE) 2016\/679, comme les \u00c9tats-Unis, les transferts seront couverts par les clauses types de protection des donn\u00e9es adopt\u00e9es par la Commission europ\u00e9enne ou par un autre m\u00e9canisme de sauvegarde appropri\u00e9 tel que le cadre du Privacy Shield.<\/p>\n<ol start=\"8\">\n<li><strong>Vos droits concernant vos donn\u00e9es personnelles<\/strong><\/li>\n<\/ol>\n<p>Nous avons r\u00e9sum\u00e9 ici les principaux droits dont vous disposez en vertu de la loi sur la protection des donn\u00e9es. Certains de ces droits sont complexes, peuvent contenir des restrictions en fonction de la base juridique du traitement des donn\u00e9es et tous les d\u00e9tails n&rsquo;ont pas \u00e9t\u00e9 inclus dans nos r\u00e9sum\u00e9s. Par exemple, vous ne pourrez pas nous demander de supprimer toutes les informations vous concernant si vous avez achet\u00e9 un produit chez nous, car elles seront n\u00e9cessaires au contrat que vous avez conclu. Nous vous informerons toujours de la base juridique sur laquelle nous nous appuyons. En cons\u00e9quence, vous devez lire les lois pertinentes et les orientations des autorit\u00e9s de r\u00e9gulation pour une explication compl\u00e8te de ces droits.<\/p>\n<p>Vos principaux droits en vertu de la loi sur la protection des donn\u00e9es sont les suivants:<\/p>\n<ul>\n<li>le droit d&rsquo;acc\u00e8s;<\/li>\n<\/ul>\n<p>Vous avez le droit d&rsquo;obtenir la confirmation que nous traitons ou non vos donn\u00e9es \u00e0 caract\u00e8re personnel et, le cas \u00e9ch\u00e9ant, l&rsquo;acc\u00e8s \u00e0 ces donn\u00e9es. Pour autant que les droits et libert\u00e9s d&rsquo;autrui ne soient pas affect\u00e9s, nous vous fournirons une copie de vos donn\u00e9es personnelles. Le premier exemplaire sera fourni gratuitement, mais les exemplaires suppl\u00e9mentaires pourront faire l&rsquo;objet d&rsquo;une redevance raisonnable. Vous pouvez demander vos donn\u00e9es personnelles en contactant notre service client\u00e8le.<\/p>\n<ul>\n<li>le droit de rectification;<\/li>\n<\/ul>\n<p>Vous avez le droit de faire rectifier les donn\u00e9es \u00e0 caract\u00e8re personnel inexactes vous concernant et, compte tenu des finalit\u00e9s du traitement, de faire compl\u00e9ter les donn\u00e9es \u00e0 caract\u00e8re personnel incompl\u00e8tes vous concernant.<\/p>\n<ul>\n<li>le droit \u00e0 l&rsquo;effacement;<\/li>\n<\/ul>\n<p>Vous avez le droit d&rsquo;obtenir l&rsquo;effacement de vos donn\u00e9es personnelles. Nous avons d\u00e9crit notre politique de conservation et de suppression des donn\u00e9es \u00e0 caract\u00e8re personnel dans la section 5.<\/p>\n<ul>\n<li>le droit de s&rsquo;opposer au traitement;<\/li>\n<\/ul>\n<p>Vous avez le droit de vous opposer au traitement de vos donn\u00e9es \u00e0 caract\u00e8re personnel pour des raisons tenant \u00e0 votre situation particuli\u00e8re, mais uniquement dans la mesure o\u00f9 la base juridique du traitement est que le traitement est n\u00e9cessaire pour : l&rsquo;ex\u00e9cution d&rsquo;une mission d&rsquo;int\u00e9r\u00eat public ou dans l&rsquo;exercice d&rsquo;une autorit\u00e9 publique dont nous sommes investis ; ou aux fins des int\u00e9r\u00eats l\u00e9gitimes poursuivis par nous ou par un tiers. Si vous formulez une telle objection, nous cesserons de traiter les informations \u00e0 caract\u00e8re personnel, \u00e0 moins que nous puissions d\u00e9montrer l&rsquo;existence de motifs l\u00e9gitimes imp\u00e9rieux pour le traitement qui pr\u00e9valent sur vos int\u00e9r\u00eats, droits et libert\u00e9s, ou que le traitement serve \u00e0 la constatation, \u00e0 l&rsquo;exercice ou \u00e0 la d\u00e9fense de droits en justice.<\/p>\n<ul>\n<li>le droit \u00e0 la portabilit\u00e9 des donn\u00e9es;<\/li>\n<\/ul>\n<p>Dans la mesure o\u00f9 la base juridique de notre traitement de vos donn\u00e9es personnelles est le consentement, et que ce traitement est effectu\u00e9 par des moyens automatis\u00e9s, vous avez le droit de recevoir vos donn\u00e9es personnelles dans un format structur\u00e9, couramment utilis\u00e9 et lisible par machine. Toutefois, ce droit ne s&rsquo;applique pas lorsqu&rsquo;il porte atteinte aux droits et libert\u00e9s d&rsquo;autrui.<\/p>\n<ul>\n<li>the right to complain to a supervisory authority.<\/li>\n<\/ul>\n<p>Si vous estimez que notre traitement de vos informations personnelles enfreint les lois sur la protection des donn\u00e9es, vous avez le droit de d\u00e9poser une plainte aupr\u00e8s d&rsquo;une autorit\u00e9 de contr\u00f4le responsable de la protection des donn\u00e9es. Vous pouvez le faire dans l&rsquo;\u00c9tat membre de l&rsquo;UE de votre r\u00e9sidence habituelle, de votre lieu de travail ou du lieu de l&rsquo;infraction pr\u00e9sum\u00e9e.<\/p>\n<ul>\n<li>le droit de retirer son consentement.<\/li>\n<\/ul>\n<p>Dans la mesure o\u00f9 la base juridique de notre traitement de vos informations personnelles est le consentement, vous avez le droit de retirer ce consentement \u00e0 tout moment. Le retrait n&rsquo;affecte pas la l\u00e9galit\u00e9 du traitement avant le retrait.<\/p>\n<p>Vous pouvez exercer vos droits relatifs \u00e0 vos donn\u00e9es personnelles en contactant notre service client\u00e8le.<\/p>\n<ol start=\"9\">\n<li><strong>Votre droit de d\u00e9poser une plainte aupr\u00e8s du bureau du commissaire \u00e0 l&rsquo;information.<\/strong><\/li>\n<\/ol>\n<p>Vous avez le droit de d\u00e9poser une plainte aupr\u00e8s de l&rsquo;Information Commissioner&rsquo;s Office (ICO) si vous estimez que nous n&rsquo;avons pas trait\u00e9 votre demande de mani\u00e8re appropri\u00e9e. Toutefois, nous vous encourageons \u00e0 nous contacter avant de d\u00e9poser une plainte et nous nous efforcerons de r\u00e9soudre tout probl\u00e8me ou toute pr\u00e9occupation que vous pourriez avoir.<br \/>Pour obtenir des informations sur la mani\u00e8re de contacter l&rsquo;ICO, veuillez consulter son site Web \u00e0 l&rsquo;adresse suivante : <a href=\"https:\/\/www.ico.org.uk\/\" target=\"_blank\" rel=\"noopener\">www.ico.org.uk.<\/a><\/p>\n<ol start=\"10\">\n<li><strong>Mises \u00e0 jour de la politique<\/strong><\/li>\n<\/ol>\n<p>La pr\u00e9sente politique peut \u00eatre r\u00e9vis\u00e9e, modifi\u00e9e, mise \u00e0 jour et\/ou compl\u00e9t\u00e9e \u00e0 tout moment, sans pr\u00e9avis, \u00e0 notre seule discr\u00e9tion. Lorsque nous le ferons, nous publierons une notification sur la page principale de notre site Web, et nous r\u00e9viserons la date de mise \u00e0 jour en haut de cette page. Nous vous encourageons \u00e0 consulter r\u00e9guli\u00e8rement cette page afin de vous tenir inform\u00e9 de la mani\u00e8re dont nous prot\u00e9geons les donn\u00e9es \u00e0 caract\u00e8re personnel que nous collectons. Chaque visiteur doit reconna\u00eetre et accepter qu&rsquo;il est de sa responsabilit\u00e9 personnelle de revoir p\u00e9riodiquement la pr\u00e9sente politique et de prendre connaissance des modifications qui y sont apport\u00e9es.<br \/>En utilisant notre site web, vous signifiez automatiquement votre acceptation de la pr\u00e9sente politique. Si vous n&rsquo;acceptez pas cette politique, nous vous demandons de ne pas utiliser notre site web.<\/p>\n<ol start=\"11\">\n<li><strong>Comment nous contacter ?<\/strong><\/li>\n<\/ol>\n<p>Si vous avez des questions sur la pr\u00e9sente politique, si vous souhaitez mettre \u00e0 jour les informations dont nous disposons \u00e0 votre sujet ou si vous souhaitez exercer l&rsquo;un des droits mentionn\u00e9s, vous pouvez soit:<\/p>\n<p>Envoyez-nous un courriel : <a href=\"info@kudretmakine.com\">info@turkmenexporter.com<\/a><\/p>\n<p>\u00c9crivez-nous : Archabil shayoly 54, Ashgabat, Turkmenistan.<\/p><\/p>\n\t\t\t\t\t\t\t\t<\/div>\n\t\t\t\t<\/div>\n\t\t\t\t<\/div>\n\t\t\t\t<\/div>\n\t\t\t\t\t<\/div>\n\t\t\t\t<\/div>\n\t\t\t\t<\/div>\n\t\t","protected":false},"excerpt":{"rendered":"<p>Politique de confidentialit\u00e9 Derni\u00e8re mise \u00e0 jour : 19-12-2024 Bienvenue dans la politique de confidentialit\u00e9 de turkmenexporter.com! Nous expliquons ici quelles sont les donn\u00e9es que nous collectons lorsque vous visitez et utilisez notre site web. Nous expliquons \u00e9galement pourquoi nous collectons ces donn\u00e9es et avec qui elles sont partag\u00e9es. Veuillez en prendre connaissance et nous [&hellip;]<\/p>\n","protected":false},"author":1,"featured_media":0,"parent":0,"menu_order":0,"comment_status":"closed","ping_status":"closed","template":"","meta":{"_acf_changed":false,"footnotes":""},"class_list":["post-2997","page","type-page","status-publish","hentry"],"acf":[],"_links":{"self":[{"href":"https:\/\/turkmenexporter.com\/fr\/wp-json\/wp\/v2\/pages\/2997","targetHints":{"allow":["GET"]}}],"collection":[{"href":"https:\/\/turkmenexporter.com\/fr\/wp-json\/wp\/v2\/pages"}],"about":[{"href":"https:\/\/turkmenexporter.com\/fr\/wp-json\/wp\/v2\/types\/page"}],"author":[{"embeddable":true,"href":"https:\/\/turkmenexporter.com\/fr\/wp-json\/wp\/v2\/users\/1"}],"replies":[{"embeddable":true,"href":"https:\/\/turkmenexporter.com\/fr\/wp-json\/wp\/v2\/comments?post=2997"}],"version-history":[{"count":1,"href":"https:\/\/turkmenexporter.com\/fr\/wp-json\/wp\/v2\/pages\/2997\/revisions"}],"predecessor-version":[{"id":2999,"href":"https:\/\/turkmenexporter.com\/fr\/wp-json\/wp\/v2\/pages\/2997\/revisions\/2999"}],"wp:attachment":[{"href":"https:\/\/turkmenexporter.com\/fr\/wp-json\/wp\/v2\/media?parent=2997"}],"curies":[{"name":"wp","href":"https:\/\/api.w.org\/{rel}","templated":true}]}}