{"id":6758,"date":"2024-03-20T01:42:30","date_gmt":"2024-03-19T20:42:30","guid":{"rendered":"https:\/\/turkmenexporter.com\/politique-de-remboursement-et-de-retour\/"},"modified":"2024-03-20T02:33:21","modified_gmt":"2024-03-19T21:33:21","slug":"politique-de-remboursement-et-de-retour","status":"publish","type":"page","link":"https:\/\/turkmenexporter.com\/fr\/politique-de-remboursement-et-de-retour\/","title":{"rendered":"Politique de remboursement et de retour"},"content":{"rendered":"\t\t<div data-elementor-type=\"wp-page\" data-elementor-id=\"6758\" class=\"elementor elementor-6758 elementor-6751\" data-elementor-post-type=\"page\">\n\t\t\t\t<div class=\"elementor-element elementor-element-7d5a86b e-flex e-con-boxed e-con e-parent\" data-id=\"7d5a86b\" data-element_type=\"container\" data-e-type=\"container\">\n\t\t\t\t\t<div class=\"e-con-inner\">\n\t\t\t\t<div class=\"elementor-element elementor-element-88a8dc2 elementor-widget elementor-widget-text-editor\" data-id=\"88a8dc2\" data-element_type=\"widget\" data-e-type=\"widget\" data-widget_type=\"text-editor.default\">\n\t\t\t\t<div class=\"elementor-widget-container\">\n\t\t\t\t\t\t\t\t\t<p><strong>Politique de retour et de remboursement<\/strong><\/p>\n<p>Chez TurkmenExporter.com, nous nous effor\u00e7ons d&rsquo;assurer la satisfaction de nos clients \u00e0 chaque achat. Si vous n&rsquo;\u00eates pas enti\u00e8rement satisfait de votre achat, nous sommes l\u00e0 pour vous aider. Veuillez lire attentivement notre politique de retour et de remboursement pour comprendre vos droits et obligations lorsque vous retournez des articles achet\u00e9s sur notre site web.<\/p>\n<p><strong>Processus de retour:<\/strong><\/p>\n<ol>\n<li><strong>Contactez-nous:<\/strong> Avant de proc\u00e9der \u00e0 un retour, veuillez contacter notre service client\u00e8le dans les 1 jours suivant la r\u00e9ception de votre commande pour nous informer du probl\u00e8me et demander une autorisation de retour.<\/li>\n<li><strong>Autorisation de retour:<\/strong> Une fois votre demande de retour approuv\u00e9e, vous recevrez un num\u00e9ro d&rsquo;autorisation de retour (AR) et des instructions sur la mani\u00e8re de proc\u00e9der au retour.<\/li>\n<li><strong>Emballez votre article:<\/strong> Emballez l&rsquo;article en toute s\u00e9curit\u00e9 dans son emballage d&rsquo;origine, en veillant \u00e0 ce que tous les accessoires et la documentation soient inclus.<\/li>\n<li><strong>Exp\u00e9dition:<\/strong> Vous \u00eates responsable de l&rsquo;exp\u00e9dition de l&rsquo;article \u00e0 notre adresse. Nous vous recommandons d&rsquo;utiliser une m\u00e9thode d&rsquo;exp\u00e9dition avec suivi pour vous assurer que votre retour nous parvient en toute s\u00e9curit\u00e9.<\/li>\n<li><strong>Inspection:<\/strong> D\u00e8s r\u00e9ception de l&rsquo;article retourn\u00e9, notre \u00e9quipe l&rsquo;inspectera pour s&rsquo;assurer qu&rsquo;il r\u00e9pond \u00e0 nos crit\u00e8res de retour (d\u00e9crits ci-dessous).<\/li>\n<li><strong>Remboursement ou \u00e9change:<\/strong> Si l&rsquo;article r\u00e9pond \u00e0 nos crit\u00e8res de retour, nous proc\u00e9derons au remboursement ou \u00e0 l&rsquo;\u00e9change selon vos pr\u00e9f\u00e9rences.<\/li>\n<\/ol>\n<p><strong>Proc\u00e9dure de remboursement:<\/strong><\/p>\n<ol>\n<li><strong>Mode de remboursement:<\/strong> Les remboursements seront effectu\u00e9s sous la m\u00eame forme de paiement que celle utilis\u00e9e pour l&rsquo;achat initial.<\/li>\n<li><strong>D\u00e9lai de traitement:<\/strong> Veuillez compter 5 jours ouvrables pour que votre remboursement soit trait\u00e9 et apparaisse sur votre compte, en fonction de votre mode de paiement et de votre institution financi\u00e8re.<\/li>\n<\/ol>\n<p><strong>Exigences du client:<\/strong><\/p>\n<ol>\n<li><strong>Fen\u00eatre de retour:<\/strong> Vous devez initier le processus de retour dans les 3 jours suivant la r\u00e9ception de votre commande.<\/li>\n<li><strong>Condition du produit:<\/strong> Les articles retourn\u00e9s doivent \u00eatre dans leur \u00e9tat d&rsquo;origine, non utilis\u00e9s et avec toutes les \u00e9tiquettes intactes. Tout signe d&rsquo;usure, de dommage ou d&rsquo;alt\u00e9ration peut entra\u00eener le refus du retour.<\/li>\n<li><strong>Raison du retour:<\/strong> Nous acceptons les retours pour des raisons telles que les d\u00e9fauts du produit, les articles incorrects re\u00e7us, et d&rsquo;autres raisons indiqu\u00e9es dans le contrat.<\/li>\n<\/ol>\n<p><strong>Accord contractuel:<\/strong><\/p>\n<p>Pour chaque produit sp\u00e9cifique achet\u00e9 sur TurkmenExporter.com, un contrat sera cr\u00e9\u00e9 qui comprendra les d\u00e9tails de notre politique de retour et de remboursement. En effectuant l&rsquo;achat, vous acceptez de respecter les conditions \u00e9nonc\u00e9es dans le contrat.<\/p><\/p>\n\t\t\t\t\t\t\t\t<\/div>\n\t\t\t\t<\/div>\n\t\t\t\t\t<\/div>\n\t\t\t\t<\/div>\n\t\t\t\t<\/div>\n\t\t","protected":false},"excerpt":{"rendered":"<p>Politique de retour et de remboursement Chez TurkmenExporter.com, nous nous effor\u00e7ons d&rsquo;assurer la satisfaction de nos clients \u00e0 chaque achat. Si vous n&rsquo;\u00eates pas enti\u00e8rement satisfait de votre achat, nous sommes l\u00e0 pour vous aider. Veuillez lire attentivement notre politique de retour et de remboursement pour comprendre vos droits et obligations lorsque vous retournez des [&hellip;]<\/p>\n","protected":false},"author":1,"featured_media":0,"parent":0,"menu_order":0,"comment_status":"closed","ping_status":"closed","template":"","meta":{"_acf_changed":false,"footnotes":""},"class_list":["post-6758","page","type-page","status-publish","hentry"],"acf":[],"_links":{"self":[{"href":"https:\/\/turkmenexporter.com\/fr\/wp-json\/wp\/v2\/pages\/6758","targetHints":{"allow":["GET"]}}],"collection":[{"href":"https:\/\/turkmenexporter.com\/fr\/wp-json\/wp\/v2\/pages"}],"about":[{"href":"https:\/\/turkmenexporter.com\/fr\/wp-json\/wp\/v2\/types\/page"}],"author":[{"embeddable":true,"href":"https:\/\/turkmenexporter.com\/fr\/wp-json\/wp\/v2\/users\/1"}],"replies":[{"embeddable":true,"href":"https:\/\/turkmenexporter.com\/fr\/wp-json\/wp\/v2\/comments?post=6758"}],"version-history":[{"count":5,"href":"https:\/\/turkmenexporter.com\/fr\/wp-json\/wp\/v2\/pages\/6758\/revisions"}],"predecessor-version":[{"id":6767,"href":"https:\/\/turkmenexporter.com\/fr\/wp-json\/wp\/v2\/pages\/6758\/revisions\/6767"}],"wp:attachment":[{"href":"https:\/\/turkmenexporter.com\/fr\/wp-json\/wp\/v2\/media?parent=6758"}],"curies":[{"name":"wp","href":"https:\/\/api.w.org\/{rel}","templated":true}]}}