{"id":7943,"date":"2024-05-01T08:15:57","date_gmt":"2024-05-01T03:15:57","guid":{"rendered":"https:\/\/turkmenexporter.com\/paiement-et-expedition\/"},"modified":"2024-05-01T08:46:48","modified_gmt":"2024-05-01T03:46:48","slug":"paiement-et-expedition","status":"publish","type":"page","link":"https:\/\/turkmenexporter.com\/fr\/paiement-et-expedition\/","title":{"rendered":"Paiement et exp\u00e9dition"},"content":{"rendered":"\t\t<div data-elementor-type=\"wp-page\" data-elementor-id=\"7943\" class=\"elementor elementor-7943 elementor-7936\" data-elementor-post-type=\"page\">\n\t\t\t\t<div class=\"elementor-element elementor-element-22ea689 e-flex e-con-boxed e-con e-parent\" data-id=\"22ea689\" data-element_type=\"container\" data-e-type=\"container\">\n\t\t\t\t\t<div class=\"e-con-inner\">\n\t\t\t\t<div class=\"elementor-element elementor-element-fbe8a2d elementor-widget elementor-widget-text-editor\" data-id=\"fbe8a2d\" data-element_type=\"widget\" data-e-type=\"widget\" data-widget_type=\"text-editor.default\">\n\t\t\t\t<div class=\"elementor-widget-container\">\n\t\t\t\t\t\t\t\t\t<h1>Paiement et exp\u00e9dition<\/h1>\n<p><strong>1. Paiement<\/strong><\/p>\n<p><span data-preserver-spaces=\"true\">Le paiement des marchandises s&rsquo;effectue selon les conditions qui seront sp\u00e9cifi\u00e9es dans le contrat. Apr\u00e8s avoir pass\u00e9 une commande, le fabricant conclut un contrat avec vous. Pour obtenir des informations d\u00e9taill\u00e9es sur les modes de paiement possibles, vous pouvez laisser vos coordonn\u00e9es sur la page du fabricant ou du produit et ils vous contacteront. Vous pouvez \u00e9galement nous \u00e9crire sur les messageries indiqu\u00e9es en haut de chaque page.<\/span><\/p>\n<p><strong>2. Exp\u00e9dition<\/strong><\/p>\n<p>L&rsquo;exp\u00e9dition dans le monde entier est possible. Aujourd&rsquo;hui, la plateforme turkmenexporter.com ne regroupe pas les commandes de diff\u00e9rents fabricants en une seule livraison avec livraison \u00e0 votre entrep\u00f4t. Les d\u00e9lais de livraison sont n\u00e9goci\u00e9s et d\u00e9pendent de chaque fabricant. Pour conna\u00eetre les co\u00fbts et autres \u00e9l\u00e9ments, vous devez contacter le fabricant. <\/p>\n\t\t\t\t\t\t\t\t<\/div>\n\t\t\t\t<\/div>\n\t\t\t\t\t<\/div>\n\t\t\t\t<\/div>\n\t\t\t\t<\/div>\n\t\t","protected":false},"excerpt":{"rendered":"<p>Paiement et exp\u00e9dition 1. Paiement Le paiement des marchandises s&rsquo;effectue selon les conditions qui seront sp\u00e9cifi\u00e9es dans le contrat. Apr\u00e8s avoir pass\u00e9 une commande, le fabricant conclut un contrat avec vous. Pour obtenir des informations d\u00e9taill\u00e9es sur les modes de paiement possibles, vous pouvez laisser vos coordonn\u00e9es sur la page du fabricant ou du produit [&hellip;]<\/p>\n","protected":false},"author":1,"featured_media":0,"parent":0,"menu_order":0,"comment_status":"closed","ping_status":"closed","template":"","meta":{"_acf_changed":false,"footnotes":""},"class_list":["post-7943","page","type-page","status-publish","hentry"],"acf":[],"_links":{"self":[{"href":"https:\/\/turkmenexporter.com\/fr\/wp-json\/wp\/v2\/pages\/7943","targetHints":{"allow":["GET"]}}],"collection":[{"href":"https:\/\/turkmenexporter.com\/fr\/wp-json\/wp\/v2\/pages"}],"about":[{"href":"https:\/\/turkmenexporter.com\/fr\/wp-json\/wp\/v2\/types\/page"}],"author":[{"embeddable":true,"href":"https:\/\/turkmenexporter.com\/fr\/wp-json\/wp\/v2\/users\/1"}],"replies":[{"embeddable":true,"href":"https:\/\/turkmenexporter.com\/fr\/wp-json\/wp\/v2\/comments?post=7943"}],"version-history":[{"count":3,"href":"https:\/\/turkmenexporter.com\/fr\/wp-json\/wp\/v2\/pages\/7943\/revisions"}],"predecessor-version":[{"id":7947,"href":"https:\/\/turkmenexporter.com\/fr\/wp-json\/wp\/v2\/pages\/7943\/revisions\/7947"}],"wp:attachment":[{"href":"https:\/\/turkmenexporter.com\/fr\/wp-json\/wp\/v2\/media?parent=7943"}],"curies":[{"name":"wp","href":"https:\/\/api.w.org\/{rel}","templated":true}]}}