{"id":11016,"date":"2024-09-26T00:07:21","date_gmt":"2024-09-25T19:07:21","guid":{"rendered":"https:\/\/turkmenexporter.com\/product\/mastic-detancheite-bitume-caoutchouc\/"},"modified":"2024-09-26T00:07:21","modified_gmt":"2024-09-25T19:07:21","slug":"mastic-detancheite-bitume-caoutchouc","status":"publish","type":"product","link":"https:\/\/turkmenexporter.com\/fr\/produit\/mastic-detancheite-bitume-caoutchouc\/","title":{"rendered":"Mastic d&rsquo;\u00e9tanch\u00e9it\u00e9 bitume-caoutchouc"},"content":{"rendered":"<p>Mastic d&rsquo;\u00e9tanch\u00e9it\u00e9 bitume-caoutchouc &#8211; Flexibilit\u00e9 et imperm\u00e9abilit\u00e9 sup\u00e9rieures Le Mastic d&rsquo;\u00e9tanch\u00e9it\u00e9 bitume-caoutchouc est une solution d&rsquo;imperm\u00e9abilisation haute performance con\u00e7ue pour les projets industriels, commerciaux et r\u00e9sidentiels. Ce produit combine la durabilit\u00e9 du bitume et la flexibilit\u00e9 du caoutchouc, assurant une \u00e9tanch\u00e9it\u00e9 durable et r\u00e9sistante aux fissures pour les toits, les fondations, les sous-sols et autres structures expos\u00e9es \u00e0 l&rsquo;eau et \u00e0 l&rsquo;humidit\u00e9. Le mastic adh\u00e8re bien \u00e0 diverses surfaces telles que le b\u00e9ton, le m\u00e9tal et le bois, cr\u00e9ant ainsi une couche protectrice sans faille. Emballage : Sac de 50 kg Application : Id\u00e9al pour l&rsquo;imperm\u00e9abilisation des toits plats, des fondations, des sous-sols et des surfaces ext\u00e9rieures expos\u00e9es \u00e0 l&rsquo;eau : Tr\u00e8s flexible, r\u00e9sistant aux fissures, excellente adh\u00e9rence \u00e0 de multiples surfaces, r\u00e9sistant aux rayons UV et aux changements de temp\u00e9rature.   <\/p>\n","protected":false},"excerpt":{"rendered":"<p>Mastic d&rsquo;\u00e9tanch\u00e9it\u00e9 bitume-caoutchouc &#8211; Flexibilit\u00e9 et \u00e9tanch\u00e9it\u00e9 sup\u00e9rieures. Emballage : Sac de 50 kg Les prix sont susceptibles d &lsquo; \u00eatre modifi\u00e9s <\/p>\n","protected":false},"featured_media":10847,"comment_status":"open","ping_status":"closed","template":"","meta":{"_acf_changed":false},"brand":[798],"product_cat":[793],"product_tag":[848],"class_list":{"0":"post-11016","1":"product","2":"type-product","3":"status-publish","4":"has-post-thumbnail","6":"brand-derwayys-fr","7":"product_cat-materiaux-de-construction","8":"product_tag-front-product-fr","10":"first","11":"instock","12":"shipping-taxable","13":"purchasable","14":"product-type-simple"},"acf":[],"_links":{"self":[{"href":"https:\/\/turkmenexporter.com\/fr\/wp-json\/wp\/v2\/product\/11016","targetHints":{"allow":["GET"]}}],"collection":[{"href":"https:\/\/turkmenexporter.com\/fr\/wp-json\/wp\/v2\/product"}],"about":[{"href":"https:\/\/turkmenexporter.com\/fr\/wp-json\/wp\/v2\/types\/product"}],"replies":[{"embeddable":true,"href":"https:\/\/turkmenexporter.com\/fr\/wp-json\/wp\/v2\/comments?post=11016"}],"version-history":[{"count":0,"href":"https:\/\/turkmenexporter.com\/fr\/wp-json\/wp\/v2\/product\/11016\/revisions"}],"wp:featuredmedia":[{"embeddable":true,"href":"https:\/\/turkmenexporter.com\/fr\/wp-json\/wp\/v2\/media\/10847"}],"wp:attachment":[{"href":"https:\/\/turkmenexporter.com\/fr\/wp-json\/wp\/v2\/media?parent=11016"}],"wp:term":[{"taxonomy":"brand","embeddable":true,"href":"https:\/\/turkmenexporter.com\/fr\/wp-json\/wp\/v2\/brand?post=11016"},{"taxonomy":"product_cat","embeddable":true,"href":"https:\/\/turkmenexporter.com\/fr\/wp-json\/wp\/v2\/product_cat?post=11016"},{"taxonomy":"product_tag","embeddable":true,"href":"https:\/\/turkmenexporter.com\/fr\/wp-json\/wp\/v2\/product_tag?post=11016"}],"curies":[{"name":"wp","href":"https:\/\/api.w.org\/{rel}","templated":true}]}}