{"id":11017,"date":"2024-09-26T00:07:20","date_gmt":"2024-09-25T19:07:20","guid":{"rendered":"https:\/\/turkmenexporter.com\/product\/membrane-bitumineuse-d-etancheite-avec-feuille-d-aluminium-5-mm\/"},"modified":"2024-09-26T00:07:20","modified_gmt":"2024-09-25T19:07:20","slug":"membrane-bitumineuse-d-etancheite-avec-feuille-d-aluminium-5-mm","status":"publish","type":"product","link":"https:\/\/turkmenexporter.com\/fr\/produit\/membrane-bitumineuse-d-etancheite-avec-feuille-d-aluminium-5-mm\/","title":{"rendered":"Membrane bitumineuse d&rsquo; \u00e9tanch\u00e9it\u00e9 avec feuille d&rsquo; aluminium 5 mm"},"content":{"rendered":"<p>DERWAYYS P5000 AL (toile polyester avec feuille d&rsquo;aluminium) &#8211; \u00c9tanch\u00e9it\u00e9 isol\u00e9e \u00e0 usage intensif La membrane DERWAYYS P5000 AL offre une couche d&rsquo;\u00e9tanch\u00e9it\u00e9 \u00e9paisse de 5 mm renforc\u00e9e par une toile polyester et une finition en feuille d&rsquo;aluminium, garantissant une protection maximale contre l&rsquo;eau et les rayons UV. Sa construction robuste en fait un produit id\u00e9al pour les projets de grande envergure n\u00e9cessitant \u00e0 la fois une \u00e9tanch\u00e9it\u00e9 et une isolation, tels que les structures souterraines, les toitures industrielles et les installations \u00e0 forte exposition. Longueur du rouleau : 10 m Largeur : 1 m \u00c9paisseur de la couche : 5 mm Poids : 51-53 kg  <\/p>\n","protected":false},"excerpt":{"rendered":"<p>DERWAYYS P5000 AL ( toile de polyester avec feuille d&rsquo;aluminium ) Rouleau Longueur : 10 m Largeur : 1 m \u00c9paisseur de la couche : 5 mm Poids : 51-53 kg Les prix sont susceptibles d&rsquo; \u00eatre modifi\u00e9s.<\/p>\n","protected":false},"featured_media":10936,"comment_status":"open","ping_status":"closed","template":"","meta":{"_acf_changed":false},"brand":[798],"product_cat":[793],"product_tag":[],"class_list":{"0":"post-11017","1":"product","2":"type-product","3":"status-publish","4":"has-post-thumbnail","6":"brand-derwayys-fr","7":"product_cat-materiaux-de-construction","9":"first","10":"instock","11":"shipping-taxable","12":"purchasable","13":"product-type-simple"},"acf":[],"_links":{"self":[{"href":"https:\/\/turkmenexporter.com\/fr\/wp-json\/wp\/v2\/product\/11017","targetHints":{"allow":["GET"]}}],"collection":[{"href":"https:\/\/turkmenexporter.com\/fr\/wp-json\/wp\/v2\/product"}],"about":[{"href":"https:\/\/turkmenexporter.com\/fr\/wp-json\/wp\/v2\/types\/product"}],"replies":[{"embeddable":true,"href":"https:\/\/turkmenexporter.com\/fr\/wp-json\/wp\/v2\/comments?post=11017"}],"version-history":[{"count":0,"href":"https:\/\/turkmenexporter.com\/fr\/wp-json\/wp\/v2\/product\/11017\/revisions"}],"wp:featuredmedia":[{"embeddable":true,"href":"https:\/\/turkmenexporter.com\/fr\/wp-json\/wp\/v2\/media\/10936"}],"wp:attachment":[{"href":"https:\/\/turkmenexporter.com\/fr\/wp-json\/wp\/v2\/media?parent=11017"}],"wp:term":[{"taxonomy":"brand","embeddable":true,"href":"https:\/\/turkmenexporter.com\/fr\/wp-json\/wp\/v2\/brand?post=11017"},{"taxonomy":"product_cat","embeddable":true,"href":"https:\/\/turkmenexporter.com\/fr\/wp-json\/wp\/v2\/product_cat?post=11017"},{"taxonomy":"product_tag","embeddable":true,"href":"https:\/\/turkmenexporter.com\/fr\/wp-json\/wp\/v2\/product_tag?post=11017"}],"curies":[{"name":"wp","href":"https:\/\/api.w.org\/{rel}","templated":true}]}}